{"id":68034,"date":"2023-02-01T20:31:47","date_gmt":"2023-02-01T20:31:47","guid":{"rendered":"https:\/\/www.nmedacanada.ca\/?page_id=68034"},"modified":"2023-02-01T20:32:10","modified_gmt":"2023-02-01T20:32:10","slug":"trouvez-un-concessionnaire2","status":"publish","type":"page","link":"https:\/\/nmedacanada.ca\/fr\/ressources-pour-les-consommateurs\/trouvez-un-concessionnaire2\/","title":{"rendered":"TROUVEZ UN CONCESSIONNAIRE"},"content":{"rendered":"<div id='topbanner'  class='avia-section main_color avia-section-default avia-no-border-styling  avia-full-stretch avia-bg-style-scroll  avia-builder-el-0  el_before_av_section  avia-builder-el-first   av-minimum-height av-minimum-height-custom  container_wrap fullsize' style='background-repeat: no-repeat; background-image: url(https:\/\/nmedacanada.ca\/wp-content\/uploads\/2021\/09\/Dodge_RE_Family_2019_006_High-1500x233.png);background-attachment: scroll; background-position: center center;  '  data-section-bg-repeat='stretch'><div class='container' style='height:290px'><main  role=\"main\" itemprop=\"mainContentOfPage\"  class='template-page content  av-content-full alpha units'><div class='post-entry post-entry-type-page post-entry-68034'><div class='entry-content-wrapper clearfix'>\n<\/div><\/div><\/main><!-- close content main element --><\/div><\/div><div id='abouttitle'  class='avia-section main_color avia-section-default avia-no-border-styling  avia-bg-style-scroll  avia-builder-el-1  el_after_av_section  el_before_av_section   container_wrap fullsize' style=' '  ><div class='container' ><div class='template-page content  av-content-full alpha units'><div class='post-entry post-entry-type-page post-entry-68034'><div class='entry-content-wrapper clearfix'>\n<section class=\"av_textblock_section \"  itemscope=\"itemscope\" itemtype=\"https:\/\/schema.org\/CreativeWork\" ><div class='avia_textblock  '   itemprop=\"text\" ><h1><span style=\"color: #03376a;\">Trouvez un concessionnaire accr\u00e9dit\u00e9 PAQ pr\u00e8s de chez vous\u00a0<\/span><\/h1>\n<p>Visitez l&#8217;un de nos nombreux sites pour trouver des \u00e9l\u00e9vateurs pour fauteuils roulants, des v\u00e9hicules accessibles aux fauteuils roulants et des \u00e9quipements d&#8217;automobilit\u00e9 adapt\u00e9s \u00e0 vos besoins. Parlez \u00e0 un revendeur ANCEM Canada QAP et laissez-le vous guider vers des solutions personnalis\u00e9es pour r\u00e9pondre \u00e0 vos besoins.<\/p>\n<\/div><\/section>\n<\/div><\/div><\/div><!-- close content main div --><\/div><\/div><div id='newssection'  class='avia-section main_color avia-section-default avia-no-border-styling  avia-bg-style-scroll  avia-builder-el-3  el_after_av_section  el_before_av_one_third  custom-style-section-form custom-another-green-from-section  container_wrap fullsize' style='background-color: #ffffff;  '  ><div class='container' ><div class='template-page content  av-content-full alpha units'><div class='post-entry post-entry-type-page post-entry-68034'><div class='entry-content-wrapper clearfix'>\n<section class=\"av_textblock_section \"  itemscope=\"itemscope\" itemtype=\"https:\/\/schema.org\/CreativeWork\" ><div class='avia_textblock  av_inherit_color '  style='font-size:16px; color:#282828; '  itemprop=\"text\" ><h3 style=\"text-align: center;\">TROUVEZ UN CONCESSIONNAIRE<\/h3>\n<\/div><\/section>\n<\/div><\/div><\/div><!-- close content main div --><\/div><\/div><div id='after_section_3'  class='main_color av_default_container_wrap container_wrap fullsize' style=' '  ><div class='container' ><div class='template-page content  av-content-full alpha units'><div class='post-entry post-entry-type-page post-entry-68034'><div class='entry-content-wrapper clearfix'><div class=\"flex_column av_one_third  flex_column_div av-zero-column-padding first  avia-builder-el-5  el_after_av_section  el_before_av_one_third  avia-builder-el-first  \" style='border-radius:0px; '><section class=\"av_textblock_section \"  itemscope=\"itemscope\" itemtype=\"https:\/\/schema.org\/CreativeWork\" ><div class='avia_textblock  '   itemprop=\"text\" ><h3>ALBERTA<\/h3>\n<p><strong>ECO Medical &#8211; Edmonton<\/strong><br \/>\n18303\u00a0 107 Avenue<br \/>\nEdmonton, AB T5S 1K4<br \/>\n(780) 483-6232<br \/>\n<a href=\"http:\/\/www.ecomedical.ca\" target=\"_blank\" rel=\"noopener\">www.ecomedical.ca\u00a0<\/a><\/p>\n<p><strong>Silver Cross Automotive Inc. &#8211; Calgary<\/strong><br \/>\n4216 54 Avenue SE Unit 60<br \/>\nCalgary, AB T2C 2E3<br \/>\n(403) 243-6300<br \/>\n<a href=\"https:\/\/silvercrossauto.com\/\" target=\"_blank\" rel=\"noopener\">www.silvercrossauto.com<\/a><\/p>\n<\/div><\/section><br \/>\n<div   class='hr hr-default   avia-builder-el-7  el_after_av_textblock  el_before_av_textblock '><span class='hr-inner ' ><span class='hr-inner-style'><\/span><\/span><\/div><br \/>\n<section class=\"av_textblock_section \"  itemscope=\"itemscope\" itemtype=\"https:\/\/schema.org\/CreativeWork\" ><div class='avia_textblock  '   itemprop=\"text\" ><h3>BRITISH COLUMBIA<\/h3>\n<p><strong>Alliance Mobility Solutions &#8211; Kelowna<\/strong><br \/>\n1075 McCurdy Road<br \/>\nKelowna, BC V1X 2P9<br \/>\n(236) 420-1400<br \/>\n<a href=\"http:\/\/www.amsvans.ca\/\" target=\"_blank\" rel=\"noopener\">www.amsvans.ca<\/a><\/p>\n<p><strong>Alliance Mobility Solutions &#8211; Richmond<\/strong><br \/>\n12211 Vulcan Way #110<br \/>\nRichmond, BC V6V 1J7<br \/>\n(604) 370-7004<br \/>\n<a href=\"http:\/\/www.amsvans.ca\/\" target=\"_blank\" rel=\"noopener\">www.amsvans.ca<\/a><\/p>\n<p><strong>Island Mobility &#8211; Victoria<\/strong><br \/>\n750 Enterprise Crescent<br \/>\nVictoria, BC V8Z 6R4<br \/>\n(855) 593-0959<br \/>\n<a href=\"http:\/\/www.islandmobility.ca\/\" target=\"_blank\" rel=\"noopener\">www.islandmobility.ca<\/a><\/p>\n<p><strong>Medichair Northern BC<\/strong><br \/>\n849 2nd Avenue<br \/>\nPrince George, BC V2L 3A6<br \/>\n(250) 562-8280<br \/>\n<a href=\"http:\/\/www.medichair.com\/\" target=\"_blank\" rel=\"noopener\">www.medichair.com<\/a><\/p>\n<p><strong>Sidewinder Conversions &amp; Mobility Ltd.<\/strong><br \/>\n44658 Yale Road West<br \/>\nChilliwack, BC V2R 0G5<br \/>\n(604) 792-2082<br \/>\n<a href=\"http:\/\/www.sidewinderconversions.com\/\" target=\"_blank\" rel=\"noopener\">www.sidewinderconversions.com<\/a><\/p>\n<p><strong>Silver Cross Automotive Inc. &#8211; Maple Ridge<\/strong><br \/>\n11393 Kingston St. ,Unit 4<br \/>\nMaple Ridge, BC V2X 0Y7<br \/>\n(877) 215-7609<br \/>\n<a href=\"http:\/\/www.silvercrossauto.com\/\" target=\"_blank\" rel=\"noopener\">www.silvercrossauto.com<\/a><\/p>\n<\/div><\/section><\/p><\/div><\/p>\n<div class=\"flex_column av_one_third  flex_column_div av-zero-column-padding   avia-builder-el-9  el_after_av_one_third  el_before_av_one_third  \" style='border-radius:0px; '><section class=\"av_textblock_section \"  itemscope=\"itemscope\" itemtype=\"https:\/\/schema.org\/CreativeWork\" ><div class='avia_textblock  '   itemprop=\"text\" ><h3>ONTARIO<\/h3>\n<p><strong>Conval-Aid\/Liftability<\/strong><br \/>\n2600 Lancaster Road<br \/>\nOttawa, ON K1B 4Z4<br \/>\n(613) 738-2721<br \/>\n<a href=\"http:\/\/www.conval-aid.com\/\" target=\"_blank\" rel=\"noopener\">www.conval-aid.com<\/a><\/p>\n<p><strong>Courtland Mobility<\/strong><br \/>\n1355 Artisans Court Unit B<br \/>\nBurlington, ON L7L 5Y2<br \/>\n(800) 354-8138<br \/>\n<a href=\"http:\/\/www.courtlandmobility.com\/\" target=\"_blank\" rel=\"noopener\">www.courtlandmobility.com<\/a><\/p>\n<p><strong>Goldline Mobility &amp; Conversions<\/strong><br \/>\n762 Industrial Road<br \/>\nLondon, ON N5V 3N7<br \/>\n(519) 453-0480<br \/>\n<a href=\"http:\/\/www.goldlinemobility.com\/\" target=\"_blank\" rel=\"noopener\">www.goldlinemobility.com<\/a><\/p>\n<p><strong>Northend Mobility<\/strong><br \/>\n301 Aqueduct Street<br \/>\nWelland, ON L3C 1C9<br \/>\n(905) 735-5552<br \/>\n<a href=\"http:\/\/www.northend-mobility.com\/\" target=\"_blank\" rel=\"noopener\">www.northend-mobility.com<\/a><\/p>\n<p><strong>Silver Cross Automotive Inc. &#8211; London<\/strong><br \/>\n2028 Dundas Street<br \/>\nLondon, ON N5V 1R2<br \/>\n(844) 799-5464<br \/>\n<a href=\"http:\/\/www.silvercrossauto.com\/\" target=\"_blank\" rel=\"noopener\">www.silvercrossauto.com<\/a><\/p>\n<p><strong>Silver Cross Automotive Inc. &#8211; Ottawa<\/strong><br \/>\n5300 Canotek Road Unit 42<br \/>\nOttawa, ON K1J 1A4<br \/>\n(613) 290-5279<br \/>\n<a href=\"http:\/\/www.silvercrossauto.com\/\" target=\"_blank\" rel=\"noopener\">www.silvercrossauto.com<\/a><\/p>\n<p><strong>Silver Cross Automotive Inc. &#8211; Toronto<\/strong><br \/>\n14 Goodmark Place<br \/>\nEtobicoke, ON M9W 6R1<br \/>\n(844) 799-5464<br \/>\n<a href=\"http:\/\/www.silvercrossauto.com\/\" target=\"_blank\" rel=\"noopener\">www.silvercrossauto.com<\/a><\/p>\n<p><strong>Silver Cross Automotive Inc. &#8211; Waterloo<\/strong><br \/>\n675A Davenport Road<br \/>\nWaterloo, ON N2V 2E2<br \/>\n(844) 799-5464<br \/>\n<a href=\"http:\/\/www.silvercrossauto.com\/\" target=\"_blank\" rel=\"noopener\">www.silvercrossauto.com<\/a><\/p>\n<\/div><\/section><\/div>\n<div class=\"flex_column av_one_third  flex_column_div av-zero-column-padding   avia-builder-el-11  el_after_av_one_third  avia-builder-el-last  \" style='border-radius:0px; '><section class=\"av_textblock_section \"  itemscope=\"itemscope\" itemtype=\"https:\/\/schema.org\/CreativeWork\" ><div class='avia_textblock  '   itemprop=\"text\" ><h3>QUEBEC<\/h3>\n<p><strong>Adaptation 04 Inc<\/strong><br \/>\n3025 rue Girard<br \/>\nTrois-Rivi\u00e8res, QC G8Z 2M4<br \/>\n(819) 372-0102<br \/>\n<a href=\"https:\/\/adaptation04.com\/\" target=\"_blank\" rel=\"noopener\">www.adaptation04.com<\/a><\/p>\n<p><strong>Centre d Autonomie<\/strong><br \/>\n399 Ave De La Friche<br \/>\nDolbeau Mistassini, QC G8L 2T3<br \/>\n(418) 276-8336<br \/>\n<a href=\"http:\/\/www.centreautonomie.com\/\" target=\"_blank\" rel=\"noopener\">www.centreautonomie.com<\/a><\/p>\n<p><strong>Centre de L&#8217;auto St-Lambert<\/strong><br \/>\n145 Damase Breton<br \/>\nSt-Lambert de Lauzon, QC G0S 2W0<br \/>\n(866) 641-0419<\/p>\n<p><strong>Eureka Solutions &#8211; Levis<\/strong><br \/>\n107-829 J-Ambroise Craig<br \/>\nLevis, QC G7A 2N2<br \/>\n(866) 562-2555<br \/>\n<a href=\"http:\/\/www.eurekasolution.com\/\" target=\"_blank\" rel=\"noopener\">www.eurekasolution.com<\/a><\/p>\n<p><strong>Eureka Solutions &#8211; Longueuil<\/strong><br \/>\n2755 Montee St Hubert<br \/>\nLongueuil, QC J3Y 4H6<br \/>\n(866) 562-2555<br \/>\n<a href=\"http:\/\/www.eurekasolution.com\/\">www.eurekasolution.com<\/a><\/p>\n<p><strong>Eureka Solutions &#8211; Sherbrooke<\/strong><br \/>\n5018 Industrial Blvd<br \/>\nSherbrooke, QC J1R 0P4<br \/>\n(866) 562-2555<br \/>\n<a href=\"http:\/\/www.eurekasolution.com\/\" target=\"_blank\" rel=\"noopener\">www.eurekasolution.com<\/a><\/p>\n<p><strong>SMVR 2 Visions Inc<\/strong><br \/>\n414 Blvd St Germain Ouest<br \/>\nRimouski, QC G5L 3N4<br \/>\n(418) 723-9225<br \/>\n<a href=\"http:\/\/www.smvr2visions.com\/\" target=\"_blank\" rel=\"noopener\">www.smvr2visions.com<\/a><\/p>\n<p><strong>TVR Technologies Inc.<\/strong><br \/>\n20 Rue des Metiers<br \/>\nLavaltrie, QC J5T 0H4<br \/>\n(888) 919-2555<br \/>\n<a href=\"http:\/\/www.tvrtechnologies.com\/\" target=\"_blank\" rel=\"noopener\">www.tvrtechnologies.com<\/a><\/p>\n<p><strong>Van Action 2005 Inc<\/strong><br \/>\n4350 Autoroute 13<br \/>\nLaval, QC H7R 6E9<br \/>\n(800) 668-8705<\/p>\n<\/div><\/section><\/div>\n","protected":false},"excerpt":{"rendered":"","protected":false},"author":15,"featured_media":0,"parent":65908,"menu_order":0,"comment_status":"closed","ping_status":"closed","template":"","meta":{"inline_featured_image":false},"acf":[],"yoast_head":"<!-- This site is optimized with the Yoast SEO plugin v17.8 - https:\/\/yoast.com\/wordpress\/plugins\/seo\/ -->\n<title>TROUVEZ UN CONCESSIONNAIRE - NMEDA<\/title>\n<meta name=\"robots\" content=\"index, follow, max-snippet:-1, max-image-preview:large, max-video-preview:-1\" \/>\n<link rel=\"canonical\" href=\"https:\/\/nmedacanada.ca\/fr\/ressources-pour-les-consommateurs\/trouvez-un-concessionnaire2\/\" \/>\n<meta property=\"og:locale\" content=\"fr_FR\" \/>\n<meta property=\"og:type\" content=\"article\" \/>\n<meta property=\"og:title\" content=\"TROUVEZ UN CONCESSIONNAIRE - NMEDA\" \/>\n<meta property=\"og:url\" content=\"https:\/\/nmedacanada.ca\/fr\/ressources-pour-les-consommateurs\/trouvez-un-concessionnaire2\/\" \/>\n<meta property=\"og:site_name\" content=\"NMEDA\" \/>\n<meta property=\"article:modified_time\" content=\"2023-02-01T20:32:10+00:00\" \/>\n<meta name=\"twitter:card\" content=\"summary_large_image\" \/>\n<meta name=\"twitter:label1\" content=\"Dur\u00e9e de lecture estim\u00e9e\" \/>\n\t<meta name=\"twitter:data1\" content=\"4 minutes\" \/>\n<script type=\"application\/ld+json\" class=\"yoast-schema-graph\">{\"@context\":\"https:\/\/schema.org\",\"@graph\":[{\"@type\":\"WebSite\",\"@id\":\"https:\/\/nmedacanada.ca\/#website\",\"url\":\"https:\/\/nmedacanada.ca\/\",\"name\":\"NMEDA\",\"description\":\"\",\"potentialAction\":[{\"@type\":\"SearchAction\",\"target\":{\"@type\":\"EntryPoint\",\"urlTemplate\":\"https:\/\/nmedacanada.ca\/?s={search_term_string}\"},\"query-input\":\"required name=search_term_string\"}],\"inLanguage\":\"fr-FR\"},{\"@type\":\"WebPage\",\"@id\":\"https:\/\/nmedacanada.ca\/fr\/ressources-pour-les-consommateurs\/trouvez-un-concessionnaire2\/#webpage\",\"url\":\"https:\/\/nmedacanada.ca\/fr\/ressources-pour-les-consommateurs\/trouvez-un-concessionnaire2\/\",\"name\":\"TROUVEZ UN CONCESSIONNAIRE - NMEDA\",\"isPartOf\":{\"@id\":\"https:\/\/nmedacanada.ca\/#website\"},\"datePublished\":\"2023-02-01T20:31:47+00:00\",\"dateModified\":\"2023-02-01T20:32:10+00:00\",\"breadcrumb\":{\"@id\":\"https:\/\/nmedacanada.ca\/fr\/ressources-pour-les-consommateurs\/trouvez-un-concessionnaire2\/#breadcrumb\"},\"inLanguage\":\"fr-FR\",\"potentialAction\":[{\"@type\":\"ReadAction\",\"target\":[\"https:\/\/nmedacanada.ca\/fr\/ressources-pour-les-consommateurs\/trouvez-un-concessionnaire2\/\"]}]},{\"@type\":\"BreadcrumbList\",\"@id\":\"https:\/\/nmedacanada.ca\/fr\/ressources-pour-les-consommateurs\/trouvez-un-concessionnaire2\/#breadcrumb\",\"itemListElement\":[{\"@type\":\"ListItem\",\"position\":1,\"name\":\"Home\",\"item\":\"https:\/\/nmedacanada.ca\/fr\/\"},{\"@type\":\"ListItem\",\"position\":2,\"name\":\"Ressources pour les consommateurs\",\"item\":\"https:\/\/nmedacanada.ca\/fr\/ressources-pour-les-consommateurs\/\"},{\"@type\":\"ListItem\",\"position\":3,\"name\":\"TROUVEZ UN CONCESSIONNAIRE\"}]}]}<\/script>\n<!-- \/ Yoast SEO plugin. -->","yoast_head_json":{"title":"TROUVEZ UN CONCESSIONNAIRE - NMEDA","robots":{"index":"index","follow":"follow","max-snippet":"max-snippet:-1","max-image-preview":"max-image-preview:large","max-video-preview":"max-video-preview:-1"},"canonical":"https:\/\/nmedacanada.ca\/fr\/ressources-pour-les-consommateurs\/trouvez-un-concessionnaire2\/","og_locale":"fr_FR","og_type":"article","og_title":"TROUVEZ UN CONCESSIONNAIRE - NMEDA","og_url":"https:\/\/nmedacanada.ca\/fr\/ressources-pour-les-consommateurs\/trouvez-un-concessionnaire2\/","og_site_name":"NMEDA","article_modified_time":"2023-02-01T20:32:10+00:00","twitter_card":"summary_large_image","twitter_misc":{"Dur\u00e9e de lecture estim\u00e9e":"4 minutes"},"schema":{"@context":"https:\/\/schema.org","@graph":[{"@type":"WebSite","@id":"https:\/\/nmedacanada.ca\/#website","url":"https:\/\/nmedacanada.ca\/","name":"NMEDA","description":"","potentialAction":[{"@type":"SearchAction","target":{"@type":"EntryPoint","urlTemplate":"https:\/\/nmedacanada.ca\/?s={search_term_string}"},"query-input":"required name=search_term_string"}],"inLanguage":"fr-FR"},{"@type":"WebPage","@id":"https:\/\/nmedacanada.ca\/fr\/ressources-pour-les-consommateurs\/trouvez-un-concessionnaire2\/#webpage","url":"https:\/\/nmedacanada.ca\/fr\/ressources-pour-les-consommateurs\/trouvez-un-concessionnaire2\/","name":"TROUVEZ UN CONCESSIONNAIRE - NMEDA","isPartOf":{"@id":"https:\/\/nmedacanada.ca\/#website"},"datePublished":"2023-02-01T20:31:47+00:00","dateModified":"2023-02-01T20:32:10+00:00","breadcrumb":{"@id":"https:\/\/nmedacanada.ca\/fr\/ressources-pour-les-consommateurs\/trouvez-un-concessionnaire2\/#breadcrumb"},"inLanguage":"fr-FR","potentialAction":[{"@type":"ReadAction","target":["https:\/\/nmedacanada.ca\/fr\/ressources-pour-les-consommateurs\/trouvez-un-concessionnaire2\/"]}]},{"@type":"BreadcrumbList","@id":"https:\/\/nmedacanada.ca\/fr\/ressources-pour-les-consommateurs\/trouvez-un-concessionnaire2\/#breadcrumb","itemListElement":[{"@type":"ListItem","position":1,"name":"Home","item":"https:\/\/nmedacanada.ca\/fr\/"},{"@type":"ListItem","position":2,"name":"Ressources pour les consommateurs","item":"https:\/\/nmedacanada.ca\/fr\/ressources-pour-les-consommateurs\/"},{"@type":"ListItem","position":3,"name":"TROUVEZ UN CONCESSIONNAIRE"}]}]}},"_links":{"self":[{"href":"https:\/\/nmedacanada.ca\/fr\/wp-json\/wp\/v2\/pages\/68034"}],"collection":[{"href":"https:\/\/nmedacanada.ca\/fr\/wp-json\/wp\/v2\/pages"}],"about":[{"href":"https:\/\/nmedacanada.ca\/fr\/wp-json\/wp\/v2\/types\/page"}],"author":[{"embeddable":true,"href":"https:\/\/nmedacanada.ca\/fr\/wp-json\/wp\/v2\/users\/15"}],"replies":[{"embeddable":true,"href":"https:\/\/nmedacanada.ca\/fr\/wp-json\/wp\/v2\/comments?post=68034"}],"version-history":[{"count":3,"href":"https:\/\/nmedacanada.ca\/fr\/wp-json\/wp\/v2\/pages\/68034\/revisions"}],"predecessor-version":[{"id":68039,"href":"https:\/\/nmedacanada.ca\/fr\/wp-json\/wp\/v2\/pages\/68034\/revisions\/68039"}],"up":[{"embeddable":true,"href":"https:\/\/nmedacanada.ca\/fr\/wp-json\/wp\/v2\/pages\/65908"}],"wp:attachment":[{"href":"https:\/\/nmedacanada.ca\/fr\/wp-json\/wp\/v2\/media?parent=68034"}],"curies":[{"name":"wp","href":"https:\/\/api.w.org\/{rel}","templated":true}]}}