{"id":67314,"date":"2021-10-27T17:12:23","date_gmt":"2021-10-27T17:12:23","guid":{"rendered":"https:\/\/www.nmedacanada.ca\/ressources-pour-les-consommateurs\/options-dequipement-de-mobilite\/les-commandes-de-conduite\/"},"modified":"2021-10-27T17:12:24","modified_gmt":"2021-10-27T17:12:24","slug":"les-commandes-de-conduite","status":"publish","type":"page","link":"https:\/\/nmedacanada.ca\/fr\/ressources-pour-les-consommateurs\/options-dequipement-de-mobilite\/les-commandes-de-conduite\/","title":{"rendered":"Les commandes de conduite"},"content":{"rendered":"<div id='topbanner'  class='avia-section main_color avia-section-default avia-no-border-styling  avia-full-stretch avia-bg-style-scroll  avia-builder-el-0  el_before_av_section  avia-builder-el-first   av-minimum-height av-minimum-height-custom  container_wrap fullsize' style='background-repeat: no-repeat; background-image: url(https:\/\/nmedacanada.ca\/wp-content\/uploads\/2021\/09\/Dodge_RE_Family_2019_006_High-1500x233.png);background-attachment: scroll; background-position: center center;  '  data-section-bg-repeat='stretch'><div class='container' style='height:290px'><main  role=\"main\" itemprop=\"mainContentOfPage\"  class='template-page content  av-content-full alpha units'><div class='post-entry post-entry-type-page post-entry-67314'><div class='entry-content-wrapper clearfix'>\n<\/div><\/div><\/main><!-- close content main element --><\/div><\/div><div id='abouttitle'  class='avia-section main_color avia-section-default avia-no-border-styling  avia-bg-style-scroll  avia-builder-el-1  el_after_av_section  avia-builder-el-last   container_wrap fullsize' style=' '  ><div class='container' ><div class='template-page content  av-content-full alpha units'><div class='post-entry post-entry-type-page post-entry-67314'><div class='entry-content-wrapper clearfix'>\n<div class=\"flex_column av_one_full  flex_column_div av-zero-column-padding first  avia-builder-el-2  el_before_av_one_full  avia-builder-el-first  \" style='border-radius:0px; '><section class=\"av_textblock_section \"  itemscope=\"itemscope\" itemtype=\"https:\/\/schema.org\/CreativeWork\" ><div class='avia_textblock  '   itemprop=\"text\" ><h3>Les commandes de conduite permettent \u00e0 une personne ayant une limitation physique d&#8217;utiliser les fonctions de conduite de son v\u00e9hicule.<\/h3>\n<h4>Les commandes de conduite peuvent \u00eatre install\u00e9es dans les voitures, les camions, les fourgonnettes ou les VUS. Visitez notre R\u00e9pertoire de l&#8217;Industrie pour rechercher les entreprises membres de l&#8217;ANCEM qui offrent ces produits.<\/h4>\n<\/div><\/section><\/div><div class=\"flex_column av_one_full  flex_column_div av-zero-column-padding first  avia-builder-el-4  el_after_av_one_full  avia-builder-el-last  column-top-margin\" style='border-radius:0px; '><div   class=\"togglecontainer  av-elegant-toggle toggle_close_all  avia-builder-el-5  avia-builder-el-no-sibling \" >\n<section class=\"av_toggle_section\"  itemscope=\"itemscope\" itemtype=\"https:\/\/schema.org\/CreativeWork\"  >    <div role=\"tablist\" class=\"single_toggle\" data-tags=\"{Tout} \"  >        <p data-fake-id=\"#toggle-id-1\" class=\"toggler \"  itemprop=\"headline\"    role=\"tab\" tabindex=\"0\" aria-controls=\"toggle-id-1\">Commandes De Conduite Principales<span class=\"toggle_icon\" >        <span class=\"vert_icon\"><\/span><span class=\"hor_icon\"><\/span><\/span><\/p>        <div id=\"toggle-id-1\" class=\"toggle_wrap \"   >            <div class=\"toggle_content invers-color \"  itemprop=\"text\"   ><ul>\n<li class=\"P68B1DB1-Normal4\"><strong>Commandes De Conduite Principales<\/strong><\/li>\n<\/ul>\n<ul>\n<li style=\"list-style-type: none;\">\n<ul>\n<li>Les commandes manuelles permettent au conducteur d&#8217;actionner \u00e0 la fois les p\u00e9dales de frein et d&#8217;acc\u00e9l\u00e9rateur \u00e0 l&#8217;aide de leviers qui sont g\u00e9n\u00e9ralement mont\u00e9s sous le volant et fix\u00e9s aux p\u00e9dales elles-m\u00eames. Il y a de nombreux types de commandes manuelles et il est important de consulter un concessionnaire ANCEM pour d\u00e9terminer le type qui convient le mieux \u00e0 vos besoins. Les styles les plus courants sont:\n<ul>\n<li><strong>Pousser\/Tirer<\/strong> \u2013 Pousser le levier vers l&#8217;avant engagera les freins du v\u00e9hicule, tandis que le tirer vers l&#8217;arri\u00e8re acc\u00e9l\u00e9rera le v\u00e9hicule. Une interface manuelle \u00e0 trois montants peut \u00eatre install\u00e9e pour donner au conducteur un meilleur contr\u00f4le. Ce mod\u00e8le convient aux personnes ayant une dext\u00e9rit\u00e9 limit\u00e9e des doigts.<\/li>\n<li><strong>Pousser\/Tourner<\/strong> \u2013 Pousser la poign\u00e9e vers l&#8217;avant fait freiner le v\u00e9hicule, tandis que tourner le levier acc\u00e9l\u00e8re le v\u00e9hicule. Une fonction de doigt compl\u00e8te ou limit\u00e9e est n\u00e9cessaire pour faire fonctionner ce type de commande<\/li>\n<li><strong>Pousser\/Angle Droit<\/strong> \u2013 Pousser la poign\u00e9e vers le haut vers le tableau de bord permet au conducteur de freiner, tandis que la d\u00e9placer vers le bas \u00e0 angle droit acc\u00e9l\u00e8re le v\u00e9hicule. Ce mod\u00e8le peut \u00eatre utilis\u00e9 par des personnes ayant une dext\u00e9rit\u00e9 limit\u00e9e.<\/li>\n<li><strong>Pousser\/Basculer<\/strong> \u2013 Le fait de pousser la poign\u00e9e vers l&#8217;avant active les freins, tandis que le basculement du levier vers l&#8217;arri\u00e8re acc\u00e9l\u00e8re le v\u00e9hicule. La dext\u00e9rit\u00e9 des doigts n&#8217;est pas n\u00e9cessaire pour le fonctionnement de ce mod\u00e8le.<\/li>\n<\/ul>\n<\/li>\n<\/ul>\n<\/li>\n<li><strong>Acc\u00e9l\u00e9rateur De Bague De Direction<\/strong>\n<ul>\n<li>Le Anneau d\u2019acc\u00e9l\u00e9ration plac\u00e9 directement sur le volant. Pousser la bague vers le volant acc\u00e9l\u00e8re le v\u00e9hicule. Le frein \u00e0 main principal &#8211; qui peut \u00eatre install\u00e9 sur le c\u00f4t\u00e9 gauche ou droit du volant &#8211; active les freins lorsqu&#8217;il est pouss\u00e9 vers le bas. Cette commande de conduite permet \u00e0 l&#8217;utilisateur de maintenir les deux mains sur le volant.<\/li>\n<\/ul>\n<\/li>\n<li><strong>Servo-Contr\u00f4les<\/strong>\n<ul>\n<li>Les commandes servocommand\u00e9es utilisent une source d&#8217;alimentation externe pour amplifier les mouvements de l&#8217;op\u00e9rateur, minimisant ainsi l&#8217;effort requis pour conduire. Ceux-ci viennent dans des styles \u00e0 faible effort et sans effort.<\/li>\n<\/ul>\n<\/li>\n<li><strong>P\u00e9dale d&#8217;Acc\u00e9l\u00e9rateur PourGauche<\/strong>\n<ul>\n<li>Avec cette p\u00e9dale, les fonctions d&#8217;acc\u00e9l\u00e9rateur du v\u00e9hicule sont converties en une utilisation du pied gauche pour les personnes ayant une utilisation limit\u00e9e ou inexistante du pied droit.<\/li>\n<\/ul>\n<\/li>\n<\/ul>\n            <\/div>        <\/div>    <\/div><\/section>\n<section class=\"av_toggle_section\"  itemscope=\"itemscope\" itemtype=\"https:\/\/schema.org\/CreativeWork\"  >    <div role=\"tablist\" class=\"single_toggle\" data-tags=\"{Tout} \"  >        <p data-fake-id=\"#toggle-id-2\" class=\"toggler \"  itemprop=\"headline\"    role=\"tab\" tabindex=\"0\" aria-controls=\"toggle-id-2\">Commandes De Direction<span class=\"toggle_icon\" >        <span class=\"vert_icon\"><\/span><span class=\"hor_icon\"><\/span><\/span><\/p>        <div id=\"toggle-id-2\" class=\"toggle_wrap \"   >            <div class=\"toggle_content invers-color \"  itemprop=\"text\"   ><ul>\n<li><strong>Bouton Rotatif<\/strong>\n<ul>\n<li>Boule au volant boutons rotatifs permettent une utilisation s\u00fbre du volant par les conducteurs qui doivent diriger d&#8217;une seule main ou qui ne peuvent pas saisir le volant. Disponible dans une vari\u00e9t\u00e9 de configurations &#8211; comme une seule tige, trois tiges, un anneau pour amput\u00e9, une poign\u00e9e de paume et une poign\u00e9e en V &#8211; la solution appropri\u00e9e d\u00e9pendra de la force, de la dext\u00e9rit\u00e9 et d&#8217;autres capacit\u00e9s physiques du conducteur.<\/li>\n<\/ul>\n<\/li>\n<\/ul>\n            <\/div>        <\/div>    <\/div><\/section>\n<section class=\"av_toggle_section\"  itemscope=\"itemscope\" itemtype=\"https:\/\/schema.org\/CreativeWork\"  >    <div role=\"tablist\" class=\"single_toggle\" data-tags=\"{Tout} \"  >        <p data-fake-id=\"#toggle-id-3\" class=\"toggler \"  itemprop=\"headline\"    role=\"tab\" tabindex=\"0\" aria-controls=\"toggle-id-3\">Commandes De Conduite Secondaires<span class=\"toggle_icon\" >        <span class=\"vert_icon\"><\/span><span class=\"hor_icon\"><\/span><\/span><\/p>        <div id=\"toggle-id-3\" class=\"toggle_wrap \"   >            <div class=\"toggle_content invers-color \"  itemprop=\"text\"   ><p>Les commandes de conduite secondaires traitent des fonctions non directionnelles\/de freinage qu&#8217;un conducteur utilisera, comme le klaxon, les phares, les clignotants, les essuie-glaces, la climatization, le syst\u00e8me audio, etc. Disponibles dans une vari\u00e9t\u00e9 de configurations &#8211; y compris interrupteur \u00e0 bascule, \u00e9cran tactile, interrupteur d&#8217;appui-t\u00eate, interrupteur au coude et commande vocale &#8211; le ou les types appropri\u00e9s de commandes de conduite secondaires d\u00e9pendront de la force, de la dext\u00e9rit\u00e9 et d&#8217;autres capacit\u00e9s physiques du conducteur.<\/p>\n            <\/div>        <\/div>    <\/div><\/section>\n<\/div><\/div>\n<\/p>\n","protected":false},"excerpt":{"rendered":"","protected":false},"author":5,"featured_media":0,"parent":65888,"menu_order":0,"comment_status":"closed","ping_status":"closed","template":"","meta":{"inline_featured_image":false},"acf":[],"yoast_head":"<!-- This site is optimized with the Yoast SEO plugin v17.8 - https:\/\/yoast.com\/wordpress\/plugins\/seo\/ -->\n<title>Les commandes de conduite - NMEDA<\/title>\n<meta name=\"robots\" content=\"index, follow, max-snippet:-1, max-image-preview:large, max-video-preview:-1\" \/>\n<link rel=\"canonical\" href=\"https:\/\/nmedacanada.ca\/fr\/ressources-pour-les-consommateurs\/options-dequipement-de-mobilite\/les-commandes-de-conduite\/\" \/>\n<meta property=\"og:locale\" content=\"fr_FR\" \/>\n<meta property=\"og:type\" content=\"article\" \/>\n<meta property=\"og:title\" content=\"Les commandes de conduite - NMEDA\" \/>\n<meta property=\"og:url\" content=\"https:\/\/nmedacanada.ca\/fr\/ressources-pour-les-consommateurs\/options-dequipement-de-mobilite\/les-commandes-de-conduite\/\" \/>\n<meta property=\"og:site_name\" content=\"NMEDA\" \/>\n<meta property=\"article:modified_time\" content=\"2021-10-27T17:12:24+00:00\" \/>\n<meta name=\"twitter:card\" content=\"summary_large_image\" \/>\n<meta name=\"twitter:label1\" content=\"Dur\u00e9e de lecture estim\u00e9e\" \/>\n\t<meta name=\"twitter:data1\" content=\"6 minutes\" \/>\n<script type=\"application\/ld+json\" class=\"yoast-schema-graph\">{\"@context\":\"https:\/\/schema.org\",\"@graph\":[{\"@type\":\"WebSite\",\"@id\":\"https:\/\/nmedacanada.ca\/#website\",\"url\":\"https:\/\/nmedacanada.ca\/\",\"name\":\"NMEDA\",\"description\":\"\",\"potentialAction\":[{\"@type\":\"SearchAction\",\"target\":{\"@type\":\"EntryPoint\",\"urlTemplate\":\"https:\/\/nmedacanada.ca\/?s={search_term_string}\"},\"query-input\":\"required name=search_term_string\"}],\"inLanguage\":\"fr-FR\"},{\"@type\":\"WebPage\",\"@id\":\"https:\/\/nmedacanada.ca\/fr\/ressources-pour-les-consommateurs\/options-dequipement-de-mobilite\/les-commandes-de-conduite\/#webpage\",\"url\":\"https:\/\/nmedacanada.ca\/fr\/ressources-pour-les-consommateurs\/options-dequipement-de-mobilite\/les-commandes-de-conduite\/\",\"name\":\"Les commandes de conduite - NMEDA\",\"isPartOf\":{\"@id\":\"https:\/\/nmedacanada.ca\/#website\"},\"datePublished\":\"2021-10-27T17:12:23+00:00\",\"dateModified\":\"2021-10-27T17:12:24+00:00\",\"breadcrumb\":{\"@id\":\"https:\/\/nmedacanada.ca\/fr\/ressources-pour-les-consommateurs\/options-dequipement-de-mobilite\/les-commandes-de-conduite\/#breadcrumb\"},\"inLanguage\":\"fr-FR\",\"potentialAction\":[{\"@type\":\"ReadAction\",\"target\":[\"https:\/\/nmedacanada.ca\/fr\/ressources-pour-les-consommateurs\/options-dequipement-de-mobilite\/les-commandes-de-conduite\/\"]}]},{\"@type\":\"BreadcrumbList\",\"@id\":\"https:\/\/nmedacanada.ca\/fr\/ressources-pour-les-consommateurs\/options-dequipement-de-mobilite\/les-commandes-de-conduite\/#breadcrumb\",\"itemListElement\":[{\"@type\":\"ListItem\",\"position\":1,\"name\":\"Home\",\"item\":\"https:\/\/nmedacanada.ca\/fr\/\"},{\"@type\":\"ListItem\",\"position\":2,\"name\":\"Ressources pour les consommateurs\",\"item\":\"https:\/\/nmedacanada.ca\/fr\/ressources-pour-les-consommateurs\/\"},{\"@type\":\"ListItem\",\"position\":3,\"name\":\"Options d&#8217;\\u00e9quipement de mobilit\\u00e9\",\"item\":\"https:\/\/nmedacanada.ca\/fr\/ressources-pour-les-consommateurs\/options-dequipement-de-mobilite\/\"},{\"@type\":\"ListItem\",\"position\":4,\"name\":\"Les commandes de conduite\"}]}]}<\/script>\n<!-- \/ Yoast SEO plugin. -->","yoast_head_json":{"title":"Les commandes de conduite - NMEDA","robots":{"index":"index","follow":"follow","max-snippet":"max-snippet:-1","max-image-preview":"max-image-preview:large","max-video-preview":"max-video-preview:-1"},"canonical":"https:\/\/nmedacanada.ca\/fr\/ressources-pour-les-consommateurs\/options-dequipement-de-mobilite\/les-commandes-de-conduite\/","og_locale":"fr_FR","og_type":"article","og_title":"Les commandes de conduite - NMEDA","og_url":"https:\/\/nmedacanada.ca\/fr\/ressources-pour-les-consommateurs\/options-dequipement-de-mobilite\/les-commandes-de-conduite\/","og_site_name":"NMEDA","article_modified_time":"2021-10-27T17:12:24+00:00","twitter_card":"summary_large_image","twitter_misc":{"Dur\u00e9e de lecture estim\u00e9e":"6 minutes"},"schema":{"@context":"https:\/\/schema.org","@graph":[{"@type":"WebSite","@id":"https:\/\/nmedacanada.ca\/#website","url":"https:\/\/nmedacanada.ca\/","name":"NMEDA","description":"","potentialAction":[{"@type":"SearchAction","target":{"@type":"EntryPoint","urlTemplate":"https:\/\/nmedacanada.ca\/?s={search_term_string}"},"query-input":"required name=search_term_string"}],"inLanguage":"fr-FR"},{"@type":"WebPage","@id":"https:\/\/nmedacanada.ca\/fr\/ressources-pour-les-consommateurs\/options-dequipement-de-mobilite\/les-commandes-de-conduite\/#webpage","url":"https:\/\/nmedacanada.ca\/fr\/ressources-pour-les-consommateurs\/options-dequipement-de-mobilite\/les-commandes-de-conduite\/","name":"Les commandes de conduite - NMEDA","isPartOf":{"@id":"https:\/\/nmedacanada.ca\/#website"},"datePublished":"2021-10-27T17:12:23+00:00","dateModified":"2021-10-27T17:12:24+00:00","breadcrumb":{"@id":"https:\/\/nmedacanada.ca\/fr\/ressources-pour-les-consommateurs\/options-dequipement-de-mobilite\/les-commandes-de-conduite\/#breadcrumb"},"inLanguage":"fr-FR","potentialAction":[{"@type":"ReadAction","target":["https:\/\/nmedacanada.ca\/fr\/ressources-pour-les-consommateurs\/options-dequipement-de-mobilite\/les-commandes-de-conduite\/"]}]},{"@type":"BreadcrumbList","@id":"https:\/\/nmedacanada.ca\/fr\/ressources-pour-les-consommateurs\/options-dequipement-de-mobilite\/les-commandes-de-conduite\/#breadcrumb","itemListElement":[{"@type":"ListItem","position":1,"name":"Home","item":"https:\/\/nmedacanada.ca\/fr\/"},{"@type":"ListItem","position":2,"name":"Ressources pour les consommateurs","item":"https:\/\/nmedacanada.ca\/fr\/ressources-pour-les-consommateurs\/"},{"@type":"ListItem","position":3,"name":"Options d&#8217;\u00e9quipement de mobilit\u00e9","item":"https:\/\/nmedacanada.ca\/fr\/ressources-pour-les-consommateurs\/options-dequipement-de-mobilite\/"},{"@type":"ListItem","position":4,"name":"Les commandes de conduite"}]}]}},"_links":{"self":[{"href":"https:\/\/nmedacanada.ca\/fr\/wp-json\/wp\/v2\/pages\/67314"}],"collection":[{"href":"https:\/\/nmedacanada.ca\/fr\/wp-json\/wp\/v2\/pages"}],"about":[{"href":"https:\/\/nmedacanada.ca\/fr\/wp-json\/wp\/v2\/types\/page"}],"author":[{"embeddable":true,"href":"https:\/\/nmedacanada.ca\/fr\/wp-json\/wp\/v2\/users\/5"}],"replies":[{"embeddable":true,"href":"https:\/\/nmedacanada.ca\/fr\/wp-json\/wp\/v2\/comments?post=67314"}],"version-history":[{"count":2,"href":"https:\/\/nmedacanada.ca\/fr\/wp-json\/wp\/v2\/pages\/67314\/revisions"}],"predecessor-version":[{"id":67316,"href":"https:\/\/nmedacanada.ca\/fr\/wp-json\/wp\/v2\/pages\/67314\/revisions\/67316"}],"up":[{"embeddable":true,"href":"https:\/\/nmedacanada.ca\/fr\/wp-json\/wp\/v2\/pages\/65888"}],"wp:attachment":[{"href":"https:\/\/nmedacanada.ca\/fr\/wp-json\/wp\/v2\/media?parent=67314"}],"curies":[{"name":"wp","href":"https:\/\/api.w.org\/{rel}","templated":true}]}}