{"id":67308,"date":"2021-10-27T16:41:51","date_gmt":"2021-10-27T16:41:51","guid":{"rendered":"https:\/\/www.nmedacanada.ca\/ressources-pour-les-consommateurs\/options-dequipement-de-mobilite\/monte-charge\/"},"modified":"2021-10-27T16:46:29","modified_gmt":"2021-10-27T16:46:29","slug":"monte-charge","status":"publish","type":"page","link":"https:\/\/nmedacanada.ca\/fr\/ressources-pour-les-consommateurs\/options-dequipement-de-mobilite\/monte-charge\/","title":{"rendered":"Monte-Charge"},"content":{"rendered":"<div id='topbanner'  class='avia-section main_color avia-section-default avia-no-border-styling  avia-full-stretch avia-bg-style-scroll  avia-builder-el-0  el_before_av_section  avia-builder-el-first   av-minimum-height av-minimum-height-custom  container_wrap fullsize' style='background-repeat: no-repeat; background-image: url(https:\/\/nmedacanada.ca\/wp-content\/uploads\/2021\/09\/Dodge_RE_Family_2019_006_High-1500x233.png);background-attachment: scroll; background-position: center center;  '  data-section-bg-repeat='stretch'><div class='container' style='height:290px'><main  role=\"main\" itemprop=\"mainContentOfPage\"  class='template-page content  av-content-full alpha units'><div class='post-entry post-entry-type-page post-entry-67308'><div class='entry-content-wrapper clearfix'>\n<\/div><\/div><\/main><!-- close content main element --><\/div><\/div><div id='abouttitle'  class='avia-section main_color avia-section-default avia-no-border-styling  avia-bg-style-scroll  avia-builder-el-1  el_after_av_section  avia-builder-el-last   container_wrap fullsize' style=' '  ><div class='container' ><div class='template-page content  av-content-full alpha units'><div class='post-entry post-entry-type-page post-entry-67308'><div class='entry-content-wrapper clearfix'>\n<div class=\"flex_column av_one_full  flex_column_div av-zero-column-padding first  avia-builder-el-2  el_before_av_one_full  avia-builder-el-first  \" style='border-radius:0px; '><section class=\"av_textblock_section \"  itemscope=\"itemscope\" itemtype=\"https:\/\/schema.org\/CreativeWork\" ><div class='avia_textblock  '   itemprop=\"text\" ><h3>Un monte-charge peut \u00eatre attach\u00e9 \u00e0 votre v\u00e9hicule ou log\u00e9 dans votre v\u00e9hicule.<\/h3>\n<p>Les monte-charges sont con\u00e7us pour soulever un fauteuil roulant manuel ou \u00e9lectrique ou un scooter de quadriporteur vers le haut et dans le v\u00e9hicule. Le monte-charge sp\u00e9cifique que vous choisirez d\u00e9pendra de la combinaison du v\u00e9hicule, de la classe d&#8217;attelage, de l\u2019appareil de mobilit\u00e9 et de vos capacit\u00e9s physiques. Visitez notre R\u00e9pertoire de l&#8217;Industrie pour rechercher les entreprises membres de l&#8217;ANCEM qui offrent ces produits.<\/p>\n<\/div><\/section><\/div><div class=\"flex_column av_one_full  flex_column_div av-zero-column-padding first  avia-builder-el-4  el_after_av_one_full  avia-builder-el-last  column-top-margin\" style='border-radius:0px; '><div   class=\"togglecontainer  av-elegant-toggle toggle_close_all  avia-builder-el-5  avia-builder-el-no-sibling \" >\n<section class=\"av_toggle_section\"  itemscope=\"itemscope\" itemtype=\"https:\/\/schema.org\/CreativeWork\"  >    <div role=\"tablist\" class=\"single_toggle\" data-tags=\"{Tout} \"  >        <p data-fake-id=\"#toggle-id-1\" class=\"toggler \"  itemprop=\"headline\"    role=\"tab\" tabindex=\"0\" aria-controls=\"toggle-id-1\">Plate-forme \u00e9l\u00e9vatrice<span class=\"toggle_icon\" >        <span class=\"vert_icon\"><\/span><span class=\"hor_icon\"><\/span><\/span><\/p>        <div id=\"toggle-id-1\" class=\"toggle_wrap \"   >            <div class=\"toggle_content invers-color \"  itemprop=\"text\"   ><ul>\n<li><strong>Plate-forme \u00e9l\u00e9vatrice<\/strong><strong>t <\/strong>\n<ul>\n<li>Ce type de monte- Plate-forme \u00e9l\u00e9vatrice est disponible en mod\u00e8les internes et externes et constitue la solution de rangement la plus simple. Les utilisateurs conduisent simplement leur appareil de mobilit\u00e9 sur la plate-forme du monte- \u00e9l\u00e9vatrice s\u00e9curisent leur appareil de mobilit\u00e9 avec les attaches r\u00e9tractables manuelles ou automatiques incluses; et activent l&#8217;option de levage \u00e9lectrique avec le pendentif manuel inclus. Vous et votre aide \u00e0 la mobilit\u00e9 \u00eates ensuite soulev\u00e9s et plac\u00e9s \u00e0 l&#8217;int\u00e9rieur de la ainsi vous pouvez rouler \u00e0 l\u2019int\u00e9rieur du v\u00e9hicule. Cette option prot\u00e8ge les appareils de mobilit\u00e9 des intemp\u00e9ries et autres dommages.<\/li>\n<\/ul>\n<\/li>\n<\/ul>\n            <\/div>        <\/div>    <\/div><\/section>\n<section class=\"av_toggle_section\"  itemscope=\"itemscope\" itemtype=\"https:\/\/schema.org\/CreativeWork\"  >    <div role=\"tablist\" class=\"single_toggle\" data-tags=\"{Tout} \"  >        <p data-fake-id=\"#toggle-id-2\" class=\"toggler \"  itemprop=\"headline\"    role=\"tab\" tabindex=\"0\" aria-controls=\"toggle-id-2\">Monte-Charge Plate-forme de Levage<span class=\"toggle_icon\" >        <span class=\"vert_icon\"><\/span><span class=\"hor_icon\"><\/span><\/span><\/p>        <div id=\"toggle-id-2\" class=\"toggle_wrap \"   >            <div class=\"toggle_content invers-color \"  itemprop=\"text\"   ><ul>\n<li><strong>Monte-Charge Plate-forme de Levage<\/strong>\n<ul>\n<li>Ce type de monte- Plate-forme \u00e9l\u00e9vatrice est disponible en mod\u00e8les internes et externes et constitue la solution de rangement la plus simple. Les utilisateurs conduisent simplement leur appareil de mobilit\u00e9 sur la plate-forme du monte- \u00e9l\u00e9vatrice s\u00e9curisent leur appareil de mobilit\u00e9 avec les attaches r\u00e9tractables manuelles ou automatiques incluses; et activent l&#8217;option de levage \u00e9lectrique avec le pendentif manuel inclus. Vous et votre aide \u00e0 la mobilit\u00e9 \u00eates ensuite soulev\u00e9s et plac\u00e9s \u00e0 l&#8217;int\u00e9rieur de la ainsi vous pouvez rouler \u00e0 l\u2019int\u00e9rieur du v\u00e9hicule. Cette option prot\u00e8ge les appareils de mobilit\u00e9 des intemp\u00e9ries et autres dommages.<\/li>\n<\/ul>\n<\/li>\n<li><strong>Monte-Charge Treuil<\/strong>\n<ul>\n<li>Ce type de monte- Treuil de est id\u00e9al pour les petits appareils de mobilit\u00e9 et ceux qui souhaitent plus d&#8217;espace int\u00e9rieur \u00e0 l&#8217;arri\u00e8re de leur v\u00e9hicule. Le meilleur type de monte- treuil pour vous d\u00e9pendra de votre type de v\u00e9hicule, car diff\u00e9rents monte- treuil sont disponibles pour les camions, les VUS et les fourgonnettes.<\/li>\n<\/ul>\n<\/li>\n<\/ul>\n            <\/div>        <\/div>    <\/div><\/section>\n<\/div><\/div>\n","protected":false},"excerpt":{"rendered":"","protected":false},"author":5,"featured_media":0,"parent":65888,"menu_order":0,"comment_status":"closed","ping_status":"closed","template":"","meta":{"inline_featured_image":false},"acf":[],"yoast_head":"<!-- This site is optimized with the Yoast SEO plugin v17.8 - https:\/\/yoast.com\/wordpress\/plugins\/seo\/ -->\n<title>Monte-Charge - NMEDA<\/title>\n<meta name=\"robots\" content=\"index, follow, max-snippet:-1, max-image-preview:large, max-video-preview:-1\" \/>\n<link rel=\"canonical\" href=\"https:\/\/nmedacanada.ca\/fr\/ressources-pour-les-consommateurs\/options-dequipement-de-mobilite\/monte-charge\/\" \/>\n<meta property=\"og:locale\" content=\"fr_FR\" \/>\n<meta property=\"og:type\" content=\"article\" \/>\n<meta property=\"og:title\" content=\"Monte-Charge - NMEDA\" \/>\n<meta property=\"og:url\" content=\"https:\/\/nmedacanada.ca\/fr\/ressources-pour-les-consommateurs\/options-dequipement-de-mobilite\/monte-charge\/\" \/>\n<meta property=\"og:site_name\" content=\"NMEDA\" \/>\n<meta property=\"article:modified_time\" content=\"2021-10-27T16:46:29+00:00\" \/>\n<meta name=\"twitter:card\" content=\"summary_large_image\" \/>\n<meta name=\"twitter:label1\" content=\"Dur\u00e9e de lecture estim\u00e9e\" \/>\n\t<meta name=\"twitter:data1\" content=\"5 minutes\" \/>\n<script type=\"application\/ld+json\" class=\"yoast-schema-graph\">{\"@context\":\"https:\/\/schema.org\",\"@graph\":[{\"@type\":\"WebSite\",\"@id\":\"https:\/\/nmedacanada.ca\/#website\",\"url\":\"https:\/\/nmedacanada.ca\/\",\"name\":\"NMEDA\",\"description\":\"\",\"potentialAction\":[{\"@type\":\"SearchAction\",\"target\":{\"@type\":\"EntryPoint\",\"urlTemplate\":\"https:\/\/nmedacanada.ca\/?s={search_term_string}\"},\"query-input\":\"required name=search_term_string\"}],\"inLanguage\":\"fr-FR\"},{\"@type\":\"WebPage\",\"@id\":\"https:\/\/nmedacanada.ca\/fr\/ressources-pour-les-consommateurs\/options-dequipement-de-mobilite\/monte-charge\/#webpage\",\"url\":\"https:\/\/nmedacanada.ca\/fr\/ressources-pour-les-consommateurs\/options-dequipement-de-mobilite\/monte-charge\/\",\"name\":\"Monte-Charge - NMEDA\",\"isPartOf\":{\"@id\":\"https:\/\/nmedacanada.ca\/#website\"},\"datePublished\":\"2021-10-27T16:41:51+00:00\",\"dateModified\":\"2021-10-27T16:46:29+00:00\",\"breadcrumb\":{\"@id\":\"https:\/\/nmedacanada.ca\/fr\/ressources-pour-les-consommateurs\/options-dequipement-de-mobilite\/monte-charge\/#breadcrumb\"},\"inLanguage\":\"fr-FR\",\"potentialAction\":[{\"@type\":\"ReadAction\",\"target\":[\"https:\/\/nmedacanada.ca\/fr\/ressources-pour-les-consommateurs\/options-dequipement-de-mobilite\/monte-charge\/\"]}]},{\"@type\":\"BreadcrumbList\",\"@id\":\"https:\/\/nmedacanada.ca\/fr\/ressources-pour-les-consommateurs\/options-dequipement-de-mobilite\/monte-charge\/#breadcrumb\",\"itemListElement\":[{\"@type\":\"ListItem\",\"position\":1,\"name\":\"Home\",\"item\":\"https:\/\/nmedacanada.ca\/fr\/\"},{\"@type\":\"ListItem\",\"position\":2,\"name\":\"Ressources pour les consommateurs\",\"item\":\"https:\/\/nmedacanada.ca\/fr\/ressources-pour-les-consommateurs\/\"},{\"@type\":\"ListItem\",\"position\":3,\"name\":\"Options d&#8217;\\u00e9quipement de mobilit\\u00e9\",\"item\":\"https:\/\/nmedacanada.ca\/fr\/ressources-pour-les-consommateurs\/options-dequipement-de-mobilite\/\"},{\"@type\":\"ListItem\",\"position\":4,\"name\":\"Monte-Charge\"}]}]}<\/script>\n<!-- \/ Yoast SEO plugin. -->","yoast_head_json":{"title":"Monte-Charge - NMEDA","robots":{"index":"index","follow":"follow","max-snippet":"max-snippet:-1","max-image-preview":"max-image-preview:large","max-video-preview":"max-video-preview:-1"},"canonical":"https:\/\/nmedacanada.ca\/fr\/ressources-pour-les-consommateurs\/options-dequipement-de-mobilite\/monte-charge\/","og_locale":"fr_FR","og_type":"article","og_title":"Monte-Charge - NMEDA","og_url":"https:\/\/nmedacanada.ca\/fr\/ressources-pour-les-consommateurs\/options-dequipement-de-mobilite\/monte-charge\/","og_site_name":"NMEDA","article_modified_time":"2021-10-27T16:46:29+00:00","twitter_card":"summary_large_image","twitter_misc":{"Dur\u00e9e de lecture estim\u00e9e":"5 minutes"},"schema":{"@context":"https:\/\/schema.org","@graph":[{"@type":"WebSite","@id":"https:\/\/nmedacanada.ca\/#website","url":"https:\/\/nmedacanada.ca\/","name":"NMEDA","description":"","potentialAction":[{"@type":"SearchAction","target":{"@type":"EntryPoint","urlTemplate":"https:\/\/nmedacanada.ca\/?s={search_term_string}"},"query-input":"required name=search_term_string"}],"inLanguage":"fr-FR"},{"@type":"WebPage","@id":"https:\/\/nmedacanada.ca\/fr\/ressources-pour-les-consommateurs\/options-dequipement-de-mobilite\/monte-charge\/#webpage","url":"https:\/\/nmedacanada.ca\/fr\/ressources-pour-les-consommateurs\/options-dequipement-de-mobilite\/monte-charge\/","name":"Monte-Charge - NMEDA","isPartOf":{"@id":"https:\/\/nmedacanada.ca\/#website"},"datePublished":"2021-10-27T16:41:51+00:00","dateModified":"2021-10-27T16:46:29+00:00","breadcrumb":{"@id":"https:\/\/nmedacanada.ca\/fr\/ressources-pour-les-consommateurs\/options-dequipement-de-mobilite\/monte-charge\/#breadcrumb"},"inLanguage":"fr-FR","potentialAction":[{"@type":"ReadAction","target":["https:\/\/nmedacanada.ca\/fr\/ressources-pour-les-consommateurs\/options-dequipement-de-mobilite\/monte-charge\/"]}]},{"@type":"BreadcrumbList","@id":"https:\/\/nmedacanada.ca\/fr\/ressources-pour-les-consommateurs\/options-dequipement-de-mobilite\/monte-charge\/#breadcrumb","itemListElement":[{"@type":"ListItem","position":1,"name":"Home","item":"https:\/\/nmedacanada.ca\/fr\/"},{"@type":"ListItem","position":2,"name":"Ressources pour les consommateurs","item":"https:\/\/nmedacanada.ca\/fr\/ressources-pour-les-consommateurs\/"},{"@type":"ListItem","position":3,"name":"Options d&#8217;\u00e9quipement de mobilit\u00e9","item":"https:\/\/nmedacanada.ca\/fr\/ressources-pour-les-consommateurs\/options-dequipement-de-mobilite\/"},{"@type":"ListItem","position":4,"name":"Monte-Charge"}]}]}},"_links":{"self":[{"href":"https:\/\/nmedacanada.ca\/fr\/wp-json\/wp\/v2\/pages\/67308"}],"collection":[{"href":"https:\/\/nmedacanada.ca\/fr\/wp-json\/wp\/v2\/pages"}],"about":[{"href":"https:\/\/nmedacanada.ca\/fr\/wp-json\/wp\/v2\/types\/page"}],"author":[{"embeddable":true,"href":"https:\/\/nmedacanada.ca\/fr\/wp-json\/wp\/v2\/users\/5"}],"replies":[{"embeddable":true,"href":"https:\/\/nmedacanada.ca\/fr\/wp-json\/wp\/v2\/comments?post=67308"}],"version-history":[{"count":4,"href":"https:\/\/nmedacanada.ca\/fr\/wp-json\/wp\/v2\/pages\/67308\/revisions"}],"predecessor-version":[{"id":67311,"href":"https:\/\/nmedacanada.ca\/fr\/wp-json\/wp\/v2\/pages\/67308\/revisions\/67311"}],"up":[{"embeddable":true,"href":"https:\/\/nmedacanada.ca\/fr\/wp-json\/wp\/v2\/pages\/65888"}],"wp:attachment":[{"href":"https:\/\/nmedacanada.ca\/fr\/wp-json\/wp\/v2\/media?parent=67308"}],"curies":[{"name":"wp","href":"https:\/\/api.w.org\/{rel}","templated":true}]}}