{"id":67302,"date":"2021-10-27T16:14:16","date_gmt":"2021-10-27T16:14:16","guid":{"rendered":"https:\/\/www.nmedacanada.ca\/ressources-pour-les-consommateurs\/options-dequipement-de-mobilite\/sieges-et-systems-dancrage-en-position-conducteur\/"},"modified":"2021-10-27T16:15:08","modified_gmt":"2021-10-27T16:15:08","slug":"sieges-et-systems-dancrage-en-position-conducteur","status":"publish","type":"page","link":"https:\/\/nmedacanada.ca\/fr\/ressources-pour-les-consommateurs\/options-dequipement-de-mobilite\/sieges-et-systems-dancrage-en-position-conducteur\/","title":{"rendered":"Si\u00e8ges et Systems d\u2019ancrage en position conducteur"},"content":{"rendered":"<div id='topbanner'  class='avia-section main_color avia-section-default avia-no-border-styling  avia-full-stretch avia-bg-style-scroll  avia-builder-el-0  el_before_av_section  avia-builder-el-first   av-minimum-height av-minimum-height-custom  container_wrap fullsize' style='background-repeat: no-repeat; background-image: url(https:\/\/nmedacanada.ca\/wp-content\/uploads\/2021\/09\/Dodge_RE_Family_2019_006_High-1500x233.png);background-attachment: scroll; background-position: center center;  '  data-section-bg-repeat='stretch'><div class='container' style='height:290px'><main  role=\"main\" itemprop=\"mainContentOfPage\"  class='template-page content  av-content-full alpha units'><div class='post-entry post-entry-type-page post-entry-67302'><div class='entry-content-wrapper clearfix'>\n<\/div><\/div><\/main><!-- close content main element --><\/div><\/div><div id='abouttitle'  class='avia-section main_color avia-section-default avia-no-border-styling  avia-bg-style-scroll  avia-builder-el-1  el_after_av_section  avia-builder-el-last   container_wrap fullsize' style=' '  ><div class='container' ><div class='template-page content  av-content-full alpha units'><div class='post-entry post-entry-type-page post-entry-67302'><div class='entry-content-wrapper clearfix'>\n<div class=\"flex_column av_one_full  flex_column_div av-zero-column-padding first  avia-builder-el-2  el_before_av_one_full  avia-builder-el-first  \" style='border-radius:0px; '><section class=\"av_textblock_section \"  itemscope=\"itemscope\" itemtype=\"https:\/\/schema.org\/CreativeWork\" ><div class='avia_textblock  '   itemprop=\"text\" ><h3>Si\u00e8ges et Systems d\u2019ancrage en position conducteur<\/h3>\n<h4>Il existe une vari\u00e9t\u00e9 d&#8217;options de si\u00e8ges et de systems d\u2019ancrage disponible. Les si\u00e8ges adaptatifs se concentrent sur le positionnement correct d&#8217;une personne pour conduire ou monter \u00e0 bord d&#8217;un v\u00e9hicule depuis le si\u00e8ge du conducteur, tandis que les syst\u00e8mes d&#8217;ancrage sont con\u00e7us pour ancrer votre appareil de mobilit\u00e9 dans une position s\u00fbre et s\u00e9curis\u00e9e.<\/h4>\n<h4>\u00a0Visitez notre R\u00e9pertoire de l&#8217;Industrie pour rechercher les entreprises membres de l&#8217;ANCEM qui offrent ces produits.<\/h4>\n<\/div><\/section><\/div><div class=\"flex_column av_one_full  flex_column_div av-zero-column-padding first  avia-builder-el-4  el_after_av_one_full  avia-builder-el-last  column-top-margin\" style='border-radius:0px; '><div   class=\"togglecontainer  av-elegant-toggle toggle_close_all  avia-builder-el-5  avia-builder-el-no-sibling \" >\n<section class=\"av_toggle_section\"  itemscope=\"itemscope\" itemtype=\"https:\/\/schema.org\/CreativeWork\"  >    <div role=\"tablist\" class=\"single_toggle\" data-tags=\"{Tout} \"  >        <p data-fake-id=\"#toggle-id-1\" class=\"toggler \"  itemprop=\"headline\"    role=\"tab\" tabindex=\"0\" aria-controls=\"toggle-id-1\">Si\u00e8ges Adapt\u00e9s<span class=\"toggle_icon\" >        <span class=\"vert_icon\"><\/span><span class=\"hor_icon\"><\/span><\/span><\/p>        <div id=\"toggle-id-1\" class=\"toggle_wrap \"   >            <div class=\"toggle_content invers-color \"  itemprop=\"text\"   ><ul>\n<li><strong>Si\u00e8ge De Transfert Int\u00e9rieur<\/strong>\n<ul>\n<li>Un si\u00e8ge de transfert int\u00e9rieur est une base de si\u00e8ge sur laquelle un si\u00e8ge de v\u00e9hicule d&#8217;origine est install\u00e9. La base du si\u00e8ge de transfert est motoris\u00e9e et poss\u00e8de des commandes qui permettent \u00e0 l&#8217;utilisateur de d\u00e9placer le si\u00e8ge vers l&#8217;arri\u00e8re puis de faire pivoter le si\u00e8ge vers le centre de erase du v\u00e9hicule. Une fois que l&#8217;utilisateur de l&#8217;appareil de mobilit\u00e9 s&#8217;est install\u00e9 dans le si\u00e8ge, les m\u00eames commandes font pivoter le si\u00e8ge vers l&#8217;avant et dans une position confortable pour le conducteur ou le passager avant. Diff\u00e9rents si\u00e8ges de transfert peuvent effectuer diff\u00e9rents mouvements, notamment haut\/bas, avant\/arri\u00e8re, pivotant vers l&#8217;int\u00e9rieur\/l&#8217;ext\u00e9rieur et m\u00eame une option de rayon de braquage de 180 degr\u00e9s.<\/li>\n<\/ul>\n<\/li>\n<\/ul>\n<ul>\n<li><strong>Si\u00e8ge De Transfert Ext\u00e9rieur<\/strong>\n<ul>\n<li>Un si\u00e8ge de transfert ext\u00e9rieur est enti\u00e8rement motoris\u00e9e et pivote vers l&#8217;ext\u00e9rieur et au-dessus du seuil de la porte du conducteur ou du passager. L&#8217;utilisateur tient un bouton sur une t\u00e9l\u00e9commande main pour abaisser le si\u00e8ge \u00e0 sa hauteur pr\u00e9f\u00e9r\u00e9e, permettant ainsi \u00e0 l&#8217;utilisateur de se transf\u00e9rer dans le si\u00e8ge. Le m\u00eame bouton est utilis\u00e9 pour faire pivoter le si\u00e8ge vers l&#8217;int\u00e9rieur du v\u00e9hicule. Les si\u00e8ges de transfert ext\u00e9rieurs ne n\u00e9cessitent pas de modifications structurelles et peuvent \u00eatre r\u00e9install\u00e9s dans votre prochain v\u00e9hicule.<\/li>\n<\/ul>\n<\/li>\n<\/ul>\n            <\/div>        <\/div>    <\/div><\/section>\n<section class=\"av_toggle_section\"  itemscope=\"itemscope\" itemtype=\"https:\/\/schema.org\/CreativeWork\"  >    <div role=\"tablist\" class=\"single_toggle\" data-tags=\"{Tout} \"  >        <p data-fake-id=\"#toggle-id-2\" class=\"toggler \"  itemprop=\"headline\"    role=\"tab\" tabindex=\"0\" aria-controls=\"toggle-id-2\">Syst\u00e8me de r\u00e9tention De Fauteuil Roulant<span class=\"toggle_icon\" >        <span class=\"vert_icon\"><\/span><span class=\"hor_icon\"><\/span><\/span><\/p>        <div id=\"toggle-id-2\" class=\"toggle_wrap \"   >            <div class=\"toggle_content invers-color \"  itemprop=\"text\"   ><ul>\n<li><strong>Attaches Manuelles<\/strong>\n<ul>\n<li>Les attaches manuelles n\u00e9cessitent g\u00e9n\u00e9ralement l&#8217;aide d&#8217;un accompagnateur afin d&#8217;assurer une fixation et une s\u00e9curit\u00e9 appropri\u00e9es. Les syst\u00e8mes d\u2019attache manuelles les plus populaires sont les attaches \u00e0 quatre points fix\u00e9es \u00e0 quatre points du fauteuil roulant.<\/li>\n<\/ul>\n<\/li>\n<li><strong>Attaches R\u00e9tractables<\/strong>\n<ul>\n<li>Les attaches r\u00e9tractables sont des s\u00e9curisations \u00e9lectroniques con\u00e7ues pour ceux qui ne peuvent pas attacher les syst\u00e8mes manuels. Les syst\u00e8mes \u00e9lectriques ont un dispositif mont\u00e9 au plancher du v\u00e9hicule et un autre dispositif mont\u00e9 au bas du fauteuil roulant. Quand les deux appareils fusionnent, il y a un clic audible, signalant que le fauteuil roulant est bien verrouill\u00e9 en place.<\/li>\n<\/ul>\n<\/li>\n<li><strong>Syst\u00e8me d\u2019Arrimage<\/strong>\n<ul>\n<li>d\u2019Arrimage sont con\u00e7us pour fixer facilement un fauteuil roulant au plancher du v\u00e9hicule, permettant ainsi \u00e0 un conducteur ou \u00e0 un passager de conduire ou de monter dans un v\u00e9hicule directement depuis son fauteuil roulant. Un support install\u00e9 au bas sous le roulant se connecte directement \u00e0 la base d&#8217;accueil, permettant \u00e0 l&#8217;utilisateur de verrouiller son fauteuil roulant en place sans aide.<\/li>\n<\/ul>\n<\/li>\n<\/ul>\n            <\/div>        <\/div>    <\/div><\/section>\n<\/div><\/div>\n","protected":false},"excerpt":{"rendered":"","protected":false},"author":5,"featured_media":0,"parent":65888,"menu_order":0,"comment_status":"closed","ping_status":"closed","template":"","meta":{"inline_featured_image":false},"acf":[],"yoast_head":"<!-- This site is optimized with the Yoast SEO plugin v17.8 - https:\/\/yoast.com\/wordpress\/plugins\/seo\/ -->\n<title>Si\u00e8ges et Systems d\u2019ancrage en position conducteur - NMEDA<\/title>\n<meta name=\"robots\" content=\"index, follow, max-snippet:-1, max-image-preview:large, max-video-preview:-1\" \/>\n<link rel=\"canonical\" href=\"https:\/\/nmedacanada.ca\/fr\/ressources-pour-les-consommateurs\/options-dequipement-de-mobilite\/sieges-et-systems-dancrage-en-position-conducteur\/\" \/>\n<meta property=\"og:locale\" content=\"fr_FR\" \/>\n<meta property=\"og:type\" content=\"article\" \/>\n<meta property=\"og:title\" content=\"Si\u00e8ges et Systems d\u2019ancrage en position conducteur - NMEDA\" \/>\n<meta property=\"og:url\" content=\"https:\/\/nmedacanada.ca\/fr\/ressources-pour-les-consommateurs\/options-dequipement-de-mobilite\/sieges-et-systems-dancrage-en-position-conducteur\/\" \/>\n<meta property=\"og:site_name\" content=\"NMEDA\" \/>\n<meta property=\"article:modified_time\" content=\"2021-10-27T16:15:08+00:00\" \/>\n<meta name=\"twitter:card\" content=\"summary_large_image\" \/>\n<meta name=\"twitter:label1\" content=\"Dur\u00e9e de lecture estim\u00e9e\" \/>\n\t<meta name=\"twitter:data1\" content=\"6 minutes\" \/>\n<script type=\"application\/ld+json\" class=\"yoast-schema-graph\">{\"@context\":\"https:\/\/schema.org\",\"@graph\":[{\"@type\":\"WebSite\",\"@id\":\"https:\/\/nmedacanada.ca\/#website\",\"url\":\"https:\/\/nmedacanada.ca\/\",\"name\":\"NMEDA\",\"description\":\"\",\"potentialAction\":[{\"@type\":\"SearchAction\",\"target\":{\"@type\":\"EntryPoint\",\"urlTemplate\":\"https:\/\/nmedacanada.ca\/?s={search_term_string}\"},\"query-input\":\"required name=search_term_string\"}],\"inLanguage\":\"fr-FR\"},{\"@type\":\"WebPage\",\"@id\":\"https:\/\/nmedacanada.ca\/fr\/ressources-pour-les-consommateurs\/options-dequipement-de-mobilite\/sieges-et-systems-dancrage-en-position-conducteur\/#webpage\",\"url\":\"https:\/\/nmedacanada.ca\/fr\/ressources-pour-les-consommateurs\/options-dequipement-de-mobilite\/sieges-et-systems-dancrage-en-position-conducteur\/\",\"name\":\"Si\\u00e8ges et Systems d\\u2019ancrage en position conducteur - NMEDA\",\"isPartOf\":{\"@id\":\"https:\/\/nmedacanada.ca\/#website\"},\"datePublished\":\"2021-10-27T16:14:16+00:00\",\"dateModified\":\"2021-10-27T16:15:08+00:00\",\"breadcrumb\":{\"@id\":\"https:\/\/nmedacanada.ca\/fr\/ressources-pour-les-consommateurs\/options-dequipement-de-mobilite\/sieges-et-systems-dancrage-en-position-conducteur\/#breadcrumb\"},\"inLanguage\":\"fr-FR\",\"potentialAction\":[{\"@type\":\"ReadAction\",\"target\":[\"https:\/\/nmedacanada.ca\/fr\/ressources-pour-les-consommateurs\/options-dequipement-de-mobilite\/sieges-et-systems-dancrage-en-position-conducteur\/\"]}]},{\"@type\":\"BreadcrumbList\",\"@id\":\"https:\/\/nmedacanada.ca\/fr\/ressources-pour-les-consommateurs\/options-dequipement-de-mobilite\/sieges-et-systems-dancrage-en-position-conducteur\/#breadcrumb\",\"itemListElement\":[{\"@type\":\"ListItem\",\"position\":1,\"name\":\"Home\",\"item\":\"https:\/\/nmedacanada.ca\/fr\/\"},{\"@type\":\"ListItem\",\"position\":2,\"name\":\"Ressources pour les consommateurs\",\"item\":\"https:\/\/nmedacanada.ca\/fr\/ressources-pour-les-consommateurs\/\"},{\"@type\":\"ListItem\",\"position\":3,\"name\":\"Options d&#8217;\\u00e9quipement de mobilit\\u00e9\",\"item\":\"https:\/\/nmedacanada.ca\/fr\/ressources-pour-les-consommateurs\/options-dequipement-de-mobilite\/\"},{\"@type\":\"ListItem\",\"position\":4,\"name\":\"Si\\u00e8ges et Systems d\\u2019ancrage en position conducteur\"}]}]}<\/script>\n<!-- \/ Yoast SEO plugin. -->","yoast_head_json":{"title":"Si\u00e8ges et Systems d\u2019ancrage en position conducteur - NMEDA","robots":{"index":"index","follow":"follow","max-snippet":"max-snippet:-1","max-image-preview":"max-image-preview:large","max-video-preview":"max-video-preview:-1"},"canonical":"https:\/\/nmedacanada.ca\/fr\/ressources-pour-les-consommateurs\/options-dequipement-de-mobilite\/sieges-et-systems-dancrage-en-position-conducteur\/","og_locale":"fr_FR","og_type":"article","og_title":"Si\u00e8ges et Systems d\u2019ancrage en position conducteur - NMEDA","og_url":"https:\/\/nmedacanada.ca\/fr\/ressources-pour-les-consommateurs\/options-dequipement-de-mobilite\/sieges-et-systems-dancrage-en-position-conducteur\/","og_site_name":"NMEDA","article_modified_time":"2021-10-27T16:15:08+00:00","twitter_card":"summary_large_image","twitter_misc":{"Dur\u00e9e de lecture estim\u00e9e":"6 minutes"},"schema":{"@context":"https:\/\/schema.org","@graph":[{"@type":"WebSite","@id":"https:\/\/nmedacanada.ca\/#website","url":"https:\/\/nmedacanada.ca\/","name":"NMEDA","description":"","potentialAction":[{"@type":"SearchAction","target":{"@type":"EntryPoint","urlTemplate":"https:\/\/nmedacanada.ca\/?s={search_term_string}"},"query-input":"required name=search_term_string"}],"inLanguage":"fr-FR"},{"@type":"WebPage","@id":"https:\/\/nmedacanada.ca\/fr\/ressources-pour-les-consommateurs\/options-dequipement-de-mobilite\/sieges-et-systems-dancrage-en-position-conducteur\/#webpage","url":"https:\/\/nmedacanada.ca\/fr\/ressources-pour-les-consommateurs\/options-dequipement-de-mobilite\/sieges-et-systems-dancrage-en-position-conducteur\/","name":"Si\u00e8ges et Systems d\u2019ancrage en position conducteur - NMEDA","isPartOf":{"@id":"https:\/\/nmedacanada.ca\/#website"},"datePublished":"2021-10-27T16:14:16+00:00","dateModified":"2021-10-27T16:15:08+00:00","breadcrumb":{"@id":"https:\/\/nmedacanada.ca\/fr\/ressources-pour-les-consommateurs\/options-dequipement-de-mobilite\/sieges-et-systems-dancrage-en-position-conducteur\/#breadcrumb"},"inLanguage":"fr-FR","potentialAction":[{"@type":"ReadAction","target":["https:\/\/nmedacanada.ca\/fr\/ressources-pour-les-consommateurs\/options-dequipement-de-mobilite\/sieges-et-systems-dancrage-en-position-conducteur\/"]}]},{"@type":"BreadcrumbList","@id":"https:\/\/nmedacanada.ca\/fr\/ressources-pour-les-consommateurs\/options-dequipement-de-mobilite\/sieges-et-systems-dancrage-en-position-conducteur\/#breadcrumb","itemListElement":[{"@type":"ListItem","position":1,"name":"Home","item":"https:\/\/nmedacanada.ca\/fr\/"},{"@type":"ListItem","position":2,"name":"Ressources pour les consommateurs","item":"https:\/\/nmedacanada.ca\/fr\/ressources-pour-les-consommateurs\/"},{"@type":"ListItem","position":3,"name":"Options d&#8217;\u00e9quipement de mobilit\u00e9","item":"https:\/\/nmedacanada.ca\/fr\/ressources-pour-les-consommateurs\/options-dequipement-de-mobilite\/"},{"@type":"ListItem","position":4,"name":"Si\u00e8ges et Systems d\u2019ancrage en position conducteur"}]}]}},"_links":{"self":[{"href":"https:\/\/nmedacanada.ca\/fr\/wp-json\/wp\/v2\/pages\/67302"}],"collection":[{"href":"https:\/\/nmedacanada.ca\/fr\/wp-json\/wp\/v2\/pages"}],"about":[{"href":"https:\/\/nmedacanada.ca\/fr\/wp-json\/wp\/v2\/types\/page"}],"author":[{"embeddable":true,"href":"https:\/\/nmedacanada.ca\/fr\/wp-json\/wp\/v2\/users\/5"}],"replies":[{"embeddable":true,"href":"https:\/\/nmedacanada.ca\/fr\/wp-json\/wp\/v2\/comments?post=67302"}],"version-history":[{"count":4,"href":"https:\/\/nmedacanada.ca\/fr\/wp-json\/wp\/v2\/pages\/67302\/revisions"}],"predecessor-version":[{"id":67306,"href":"https:\/\/nmedacanada.ca\/fr\/wp-json\/wp\/v2\/pages\/67302\/revisions\/67306"}],"up":[{"embeddable":true,"href":"https:\/\/nmedacanada.ca\/fr\/wp-json\/wp\/v2\/pages\/65888"}],"wp:attachment":[{"href":"https:\/\/nmedacanada.ca\/fr\/wp-json\/wp\/v2\/media?parent=67302"}],"curies":[{"name":"wp","href":"https:\/\/api.w.org\/{rel}","templated":true}]}}