{"id":67264,"date":"2021-10-21T18:55:23","date_gmt":"2021-10-21T18:55:23","guid":{"rendered":"https:\/\/www.nmedacanada.ca\/ressources-pour-les-consommateurs\/options-dequipement-de-mobilite\/vehicules\/"},"modified":"2021-10-21T18:55:24","modified_gmt":"2021-10-21T18:55:24","slug":"vehicules","status":"publish","type":"page","link":"https:\/\/nmedacanada.ca\/fr\/ressources-pour-les-consommateurs\/options-dequipement-de-mobilite\/vehicules\/","title":{"rendered":"V\u00e9hicules"},"content":{"rendered":"<div id='topbanner'  class='avia-section main_color avia-section-default avia-no-border-styling  avia-full-stretch avia-bg-style-scroll  avia-builder-el-0  el_before_av_section  avia-builder-el-first   av-minimum-height av-minimum-height-custom  container_wrap fullsize' style='background-repeat: no-repeat; background-image: url(https:\/\/nmedacanada.ca\/wp-content\/uploads\/2021\/09\/Dodge_RE_Family_2019_006_High-1500x233.png);background-attachment: scroll; background-position: center center;  '  data-section-bg-repeat='stretch'><div class='container' style='height:290px'><main  role=\"main\" itemprop=\"mainContentOfPage\"  class='template-page content  av-content-full alpha units'><div class='post-entry post-entry-type-page post-entry-67264'><div class='entry-content-wrapper clearfix'>\n<\/div><\/div><\/main><!-- close content main element --><\/div><\/div><div id='abouttitle'  class='avia-section main_color avia-section-default avia-no-border-styling  avia-bg-style-scroll  avia-builder-el-1  el_after_av_section  avia-builder-el-last   container_wrap fullsize' style=' '  ><div class='container' ><div class='template-page content  av-content-full alpha units'><div class='post-entry post-entry-type-page post-entry-67264'><div class='entry-content-wrapper clearfix'>\n<div class=\"flex_column av_one_full  flex_column_div av-zero-column-padding first  avia-builder-el-2  el_before_av_one_full  avia-builder-el-first  \" style='border-radius:0px; '><section class=\"av_textblock_section \"  itemscope=\"itemscope\" itemtype=\"https:\/\/schema.org\/CreativeWork\" ><div class='avia_textblock  '   itemprop=\"text\" ><h3>Les v\u00e9hicules accessibles aux fauteuils roulants sont sp\u00e9cialement con\u00e7us pour les personnes \u00e0 mobilit\u00e9 r\u00e9duite.<\/h3>\n<h4>Ces v\u00e9hicules disposent g\u00e9n\u00e9ralement d&#8217;un plancher abaiss\u00e9 et d&#8217;une rampe ou d&#8217;un monte-charge pour permettre aux personnes d&#8217;entrer et de sortir facilement du v\u00e9hicule. Visitez notre R\u00e9pertoire de l\u2019Industrie pour rechercher les compagnies membres de l&#8217;ANCEM qui offrent ces produits.<\/h4>\n<\/div><\/section><\/div><div class=\"flex_column av_one_full  flex_column_div av-zero-column-padding first  avia-builder-el-4  el_after_av_one_full  avia-builder-el-last  column-top-margin\" style='border-radius:0px; '><div   class=\"togglecontainer  av-elegant-toggle toggle_close_all  avia-builder-el-5  avia-builder-el-no-sibling \" >\n<section class=\"av_toggle_section\"  itemscope=\"itemscope\" itemtype=\"https:\/\/schema.org\/CreativeWork\"  >    <div role=\"tablist\" class=\"single_toggle\" data-tags=\"{Tout} \"  >        <p data-fake-id=\"#toggle-id-1\" class=\"toggler \"  itemprop=\"headline\"    role=\"tab\" tabindex=\"0\" aria-controls=\"toggle-id-1\">Minifourgonnettes et Fourgonnettes Pleine Grandeur<span class=\"toggle_icon\" >        <span class=\"vert_icon\"><\/span><span class=\"hor_icon\"><\/span><\/span><\/p>        <div id=\"toggle-id-1\" class=\"toggle_wrap \"   >            <div class=\"toggle_content invers-color \"  itemprop=\"text\"   ><ul>\n<li><strong>Entr\u00e9e Lat\u00e9rale<\/strong>\n<ul>\n<li>Les fourgonnettes \u00e0 entr\u00e9e lat\u00e9rale comprennent g\u00e9n\u00e9ralement un plancher abaiss\u00e9 et une rampe qui m\u00e8ne de la porte du v\u00e9hicule au sol. La rampe est d\u00e9ploy\u00e9e une fois que la porte lat\u00e9rale s&#8217;ouvre, et les utilisateurs ont la possibilit\u00e9 d&#8217;utiliser une rampe manuelle ou automatique pour l&#8217;entr\u00e9e et la sortie. Les personnes ayant des limitations \u00eatre passager avant peuvent conduire ou rouler dans une position assise au premier rang ou dans une position assise \u00e0 la deuxi\u00e8me rang\u00e9e, tandis que l&#8217;espace de rangement derri\u00e8re la troisi\u00e8me rang\u00e9e de si\u00e8ges est maintenu. L&#8217;espace de stationnement doit \u00eatre pris en compte lors de l&#8217;examen d&#8217;une fourgonnette \u00e0 entr\u00e9e lat\u00e9rale.<\/li>\n<\/ul>\n<\/li>\n<li><strong>Entr\u00e9e Arri\u00e8re<\/strong>\n<ul>\n<li>Les fourgonnettes \u00e0 entr\u00e9e arri\u00e8re sont un choix populaire car ils sont g\u00e9n\u00e9ralement moins chers \u00e0 convertir que les fourgonnettes \u00e0 entr\u00e9e lat\u00e9rale. Les fourgonnettes \u00e0 entr\u00e9e arri\u00e8re peuvent \u00e9galement r\u00e9pondre aux probl\u00e8mes d&#8217;espace puisque la rampe se d\u00e9ploie par l&#8217;arri\u00e8re et permet \u00e0 l&#8217;utilisateur d&#8217;entrer et de sortir plus facilement si le v\u00e9hicule se trouve dans un espace de stationnement \u00e9troit ou un garage pour deux voitures. Les rampes d&#8217;acc\u00e8s arri\u00e8re peuvent \u00eatre automatiques ou manuelles, et les fourgonnettes \u00e0 acc\u00e8s arri\u00e8re sont bien adapt\u00e9es aux utilisateurs d&#8217;appareils de mobilit\u00e9 qui pr\u00e9f\u00e8rent \u00eatre assis au milieu ou \u00e0 l&#8217;arri\u00e8re de l&#8217;int\u00e9rieur du v\u00e9hicule.<\/li>\n<\/ul>\n<\/li>\n<li><strong>Fourgon Pleine Grandeur<\/strong>\n<ul>\n<li>Les fourgonnettes pleine grandeur accessibles ont un encombrement plus important, mais leur taille offre aux utilisateurs d&#8217;appareils de mobilit\u00e9 le plus de flexibilit\u00e9 et d&#8217;espace int\u00e9rieur pour les si\u00e8ges, les d\u00e9placements et le rangement. Disponibles en diff\u00e9rents mod\u00e8les de hauteur et de longueur, les fourgonnettes pleine grandeur int\u00e8grent un monte-charge ou une rampe occup\u00e9e \u00e0 l&#8217;arri\u00e8re ou sur le c\u00f4t\u00e9 pour l&#8217;entr\u00e9e\/la sortie. Id\u00e9al pour les plus grosses familles ou \u00e0 des fins commerciales, les fourgonnettes pleine grandeur offrent de nombreuses configurations de si\u00e8ges et peuvent accueillir plusieurs utilisateurs d&#8217;appareils de mobilit\u00e9 et passagers ambulatoires.<\/li>\n<\/ul>\n<\/li>\n<\/ul>\n            <\/div>        <\/div>    <\/div><\/section>\n<section class=\"av_toggle_section\"  itemscope=\"itemscope\" itemtype=\"https:\/\/schema.org\/CreativeWork\"  >    <div role=\"tablist\" class=\"single_toggle\" data-tags=\"{Tout} \"  >        <p data-fake-id=\"#toggle-id-2\" class=\"toggler \"  itemprop=\"headline\"    role=\"tab\" tabindex=\"0\" aria-controls=\"toggle-id-2\">Camions et VUS<span class=\"toggle_icon\" >        <span class=\"vert_icon\"><\/span><span class=\"hor_icon\"><\/span><\/span><\/p>        <div id=\"toggle-id-2\" class=\"toggle_wrap \"   >            <div class=\"toggle_content invers-color \"  itemprop=\"text\"   ><ul>\n<li><strong>Camionnettes<\/strong>\n<ul>\n<li>Plusieurs fabricants produisent des si\u00e8ges relevables et pivotants pour faciliter un transfert facile vers le si\u00e8ge conducteur ou passager d&#8217;un camion. Lorsqu&#8217;elle est associ\u00e9e \u00e0 un monte-charge \u00e9lectrique qui soul\u00e8ve et range un appareil de mobilit\u00e9 dans le lit du camion, cette option permet \u00e0 l&#8217;utilisateur de conserver son ind\u00e9pendance. Si vous envisagez une camionnette, vous devez avoir confiance en votre capacit\u00e9 \u00e0 passer d&#8217;un appareil de mobilit\u00e9 aux si\u00e8ges relevables et pivotants sp\u00e9cialis\u00e9s. Sinon, un monte-charge plate-forme sera n\u00e9cessaire pour l&#8217;entr\u00e9e\/la sortie<\/li>\n<\/ul>\n<\/li>\n<li><strong>VUS et Multisegments<\/strong>\n<ul>\n<li>Si les mini-fourgonnettes ne sont pas pour vous, un VUS ou un multisegment peut mieux r\u00e9pondre \u00e0 vos besoins. Une fois convertis, ces v\u00e9hicules sont \u00e9quip\u00e9s d&#8217;un monte-charge ou d&#8217;une rampe d&#8217;acc\u00e8s lat\u00e9ral pour l&#8217;entr\u00e9e\/la sortie. Alternativement, des si\u00e8ges adapt\u00e9s peuvent \u00eatre install\u00e9s pour permettre \u00e0 l&#8217;utilisateur de l&#8217;appareil de mobilit\u00e9 d&#8217;entrer et de sortir du v\u00e9hicule. Les VUS et les multisegments comprennent g\u00e9n\u00e9ralement des si\u00e8ges conducteur et\/ou passager avant amovibles et sont con\u00e7us pour maximiser l&#8217;espace de maniabilit\u00e9 int\u00e9rieure tout en pr\u00e9servant le rangement de la cargaison.<\/li>\n<\/ul>\n<\/li>\n<\/ul>\n            <\/div>        <\/div>    <\/div><\/section>\n<section class=\"av_toggle_section\"  itemscope=\"itemscope\" itemtype=\"https:\/\/schema.org\/CreativeWork\"  >    <div role=\"tablist\" class=\"single_toggle\" data-tags=\"{Tout} \"  >        <p data-fake-id=\"#toggle-id-3\" class=\"toggler \"  itemprop=\"headline\"    role=\"tab\" tabindex=\"0\" aria-controls=\"toggle-id-3\">Rampes<span class=\"toggle_icon\" >        <span class=\"vert_icon\"><\/span><span class=\"hor_icon\"><\/span><\/span><\/p>        <div id=\"toggle-id-3\" class=\"toggle_wrap \"   >            <div class=\"toggle_content invers-color \"  itemprop=\"text\"   ><ul>\n<li><strong>Rampe Dissimul\u00e9e Sous Le Plancher<\/strong>\n<ul>\n<li>Des rampes motoris\u00e9es sont rang\u00e9es sous plancher du v\u00e9hicule pour maximiser l&#8217;espace int\u00e9rieur et la maniabilit\u00e9. En plus d&#8217;une porte sans obstruction et d&#8217;un int\u00e9rieur propre et sans obstacle, les rampes dissimul\u00e9es sous le plancher permettent plus de places assises pour les passagers ambulatoires et d&#8217;espace pour les objets personnels.<\/li>\n<\/ul>\n<\/li>\n<li><strong>Rampe Pliante<\/strong>\n<ul>\n<li>Les rampes pliante sont moins co\u00fbteuses que les rampes dissimul\u00e9es sous le plancher,les mod\u00e8les motoris\u00e9s et manuels peuvent \u00eatre d\u00e9ploy\u00e9s rapidement et facilement. Solides et durables, ces rampes s&#8217;\u00e9tendent vers l&#8217;ext\u00e9rieur dans un mouvement de d\u00e9ploiement lorsqu&#8217;elles sont d\u00e9ploy\u00e9es. Les rampes r pliantes sont rang\u00e9es \u00e0 la verticale dans l&#8217;embrasure de la porte ou sur le plancher du v\u00e9hicule et constituent une excellente option si l&#8217;optimisation de l&#8217;espace pour les passagers arri\u00e8re n&#8217;est pas une priorit\u00e9.<\/li>\n<\/ul>\n<\/li>\n<li><strong>Rampe Manuelle<\/strong>\n<ul>\n<li>Id\u00e9ales pour les utilisateurs d&#8217;appareils de mobilit\u00e9 qui voyagent toujours avec un accompagnateur les rampes manuelles sont une solution d\u2019adaptation de v\u00e9hicule \u00e9conomique. Disponibles dans les mod\u00e8les \u00e0 entr\u00e9e lat\u00e9rale et arri\u00e8re, les rampes manuelles ne comportent aucun composant automatis\u00e9 et les accompagnateurs doivent pouvoir physiquement \u00e9tendre et r\u00e9tracter la rampe.<\/li>\n<\/ul>\n<\/li>\n<\/ul>\n            <\/div>        <\/div>    <\/div><\/section>\n<\/div><\/div>\n","protected":false},"excerpt":{"rendered":"","protected":false},"author":5,"featured_media":0,"parent":65888,"menu_order":0,"comment_status":"closed","ping_status":"closed","template":"","meta":{"inline_featured_image":false},"acf":[],"yoast_head":"<!-- This site is optimized with the Yoast SEO plugin v17.8 - https:\/\/yoast.com\/wordpress\/plugins\/seo\/ -->\n<title>V\u00e9hicules - NMEDA<\/title>\n<meta name=\"robots\" content=\"index, follow, max-snippet:-1, max-image-preview:large, max-video-preview:-1\" \/>\n<link rel=\"canonical\" href=\"https:\/\/nmedacanada.ca\/fr\/ressources-pour-les-consommateurs\/options-dequipement-de-mobilite\/vehicules\/\" \/>\n<meta property=\"og:locale\" content=\"fr_FR\" \/>\n<meta property=\"og:type\" content=\"article\" \/>\n<meta property=\"og:title\" content=\"V\u00e9hicules - NMEDA\" \/>\n<meta property=\"og:url\" content=\"https:\/\/nmedacanada.ca\/fr\/ressources-pour-les-consommateurs\/options-dequipement-de-mobilite\/vehicules\/\" \/>\n<meta property=\"og:site_name\" content=\"NMEDA\" \/>\n<meta property=\"article:modified_time\" content=\"2021-10-21T18:55:24+00:00\" \/>\n<meta name=\"twitter:card\" content=\"summary_large_image\" \/>\n<meta name=\"twitter:label1\" content=\"Dur\u00e9e de lecture estim\u00e9e\" \/>\n\t<meta name=\"twitter:data1\" content=\"7 minutes\" \/>\n<script type=\"application\/ld+json\" class=\"yoast-schema-graph\">{\"@context\":\"https:\/\/schema.org\",\"@graph\":[{\"@type\":\"WebSite\",\"@id\":\"https:\/\/nmedacanada.ca\/#website\",\"url\":\"https:\/\/nmedacanada.ca\/\",\"name\":\"NMEDA\",\"description\":\"\",\"potentialAction\":[{\"@type\":\"SearchAction\",\"target\":{\"@type\":\"EntryPoint\",\"urlTemplate\":\"https:\/\/nmedacanada.ca\/?s={search_term_string}\"},\"query-input\":\"required name=search_term_string\"}],\"inLanguage\":\"fr-FR\"},{\"@type\":\"WebPage\",\"@id\":\"https:\/\/nmedacanada.ca\/fr\/ressources-pour-les-consommateurs\/options-dequipement-de-mobilite\/vehicules\/#webpage\",\"url\":\"https:\/\/nmedacanada.ca\/fr\/ressources-pour-les-consommateurs\/options-dequipement-de-mobilite\/vehicules\/\",\"name\":\"V\\u00e9hicules - NMEDA\",\"isPartOf\":{\"@id\":\"https:\/\/nmedacanada.ca\/#website\"},\"datePublished\":\"2021-10-21T18:55:23+00:00\",\"dateModified\":\"2021-10-21T18:55:24+00:00\",\"breadcrumb\":{\"@id\":\"https:\/\/nmedacanada.ca\/fr\/ressources-pour-les-consommateurs\/options-dequipement-de-mobilite\/vehicules\/#breadcrumb\"},\"inLanguage\":\"fr-FR\",\"potentialAction\":[{\"@type\":\"ReadAction\",\"target\":[\"https:\/\/nmedacanada.ca\/fr\/ressources-pour-les-consommateurs\/options-dequipement-de-mobilite\/vehicules\/\"]}]},{\"@type\":\"BreadcrumbList\",\"@id\":\"https:\/\/nmedacanada.ca\/fr\/ressources-pour-les-consommateurs\/options-dequipement-de-mobilite\/vehicules\/#breadcrumb\",\"itemListElement\":[{\"@type\":\"ListItem\",\"position\":1,\"name\":\"Home\",\"item\":\"https:\/\/nmedacanada.ca\/fr\/\"},{\"@type\":\"ListItem\",\"position\":2,\"name\":\"Ressources pour les consommateurs\",\"item\":\"https:\/\/nmedacanada.ca\/fr\/ressources-pour-les-consommateurs\/\"},{\"@type\":\"ListItem\",\"position\":3,\"name\":\"Options d&#8217;\\u00e9quipement de mobilit\\u00e9\",\"item\":\"https:\/\/nmedacanada.ca\/fr\/ressources-pour-les-consommateurs\/options-dequipement-de-mobilite\/\"},{\"@type\":\"ListItem\",\"position\":4,\"name\":\"V\\u00e9hicules\"}]}]}<\/script>\n<!-- \/ Yoast SEO plugin. -->","yoast_head_json":{"title":"V\u00e9hicules - NMEDA","robots":{"index":"index","follow":"follow","max-snippet":"max-snippet:-1","max-image-preview":"max-image-preview:large","max-video-preview":"max-video-preview:-1"},"canonical":"https:\/\/nmedacanada.ca\/fr\/ressources-pour-les-consommateurs\/options-dequipement-de-mobilite\/vehicules\/","og_locale":"fr_FR","og_type":"article","og_title":"V\u00e9hicules - NMEDA","og_url":"https:\/\/nmedacanada.ca\/fr\/ressources-pour-les-consommateurs\/options-dequipement-de-mobilite\/vehicules\/","og_site_name":"NMEDA","article_modified_time":"2021-10-21T18:55:24+00:00","twitter_card":"summary_large_image","twitter_misc":{"Dur\u00e9e de lecture estim\u00e9e":"7 minutes"},"schema":{"@context":"https:\/\/schema.org","@graph":[{"@type":"WebSite","@id":"https:\/\/nmedacanada.ca\/#website","url":"https:\/\/nmedacanada.ca\/","name":"NMEDA","description":"","potentialAction":[{"@type":"SearchAction","target":{"@type":"EntryPoint","urlTemplate":"https:\/\/nmedacanada.ca\/?s={search_term_string}"},"query-input":"required name=search_term_string"}],"inLanguage":"fr-FR"},{"@type":"WebPage","@id":"https:\/\/nmedacanada.ca\/fr\/ressources-pour-les-consommateurs\/options-dequipement-de-mobilite\/vehicules\/#webpage","url":"https:\/\/nmedacanada.ca\/fr\/ressources-pour-les-consommateurs\/options-dequipement-de-mobilite\/vehicules\/","name":"V\u00e9hicules - NMEDA","isPartOf":{"@id":"https:\/\/nmedacanada.ca\/#website"},"datePublished":"2021-10-21T18:55:23+00:00","dateModified":"2021-10-21T18:55:24+00:00","breadcrumb":{"@id":"https:\/\/nmedacanada.ca\/fr\/ressources-pour-les-consommateurs\/options-dequipement-de-mobilite\/vehicules\/#breadcrumb"},"inLanguage":"fr-FR","potentialAction":[{"@type":"ReadAction","target":["https:\/\/nmedacanada.ca\/fr\/ressources-pour-les-consommateurs\/options-dequipement-de-mobilite\/vehicules\/"]}]},{"@type":"BreadcrumbList","@id":"https:\/\/nmedacanada.ca\/fr\/ressources-pour-les-consommateurs\/options-dequipement-de-mobilite\/vehicules\/#breadcrumb","itemListElement":[{"@type":"ListItem","position":1,"name":"Home","item":"https:\/\/nmedacanada.ca\/fr\/"},{"@type":"ListItem","position":2,"name":"Ressources pour les consommateurs","item":"https:\/\/nmedacanada.ca\/fr\/ressources-pour-les-consommateurs\/"},{"@type":"ListItem","position":3,"name":"Options d&#8217;\u00e9quipement de mobilit\u00e9","item":"https:\/\/nmedacanada.ca\/fr\/ressources-pour-les-consommateurs\/options-dequipement-de-mobilite\/"},{"@type":"ListItem","position":4,"name":"V\u00e9hicules"}]}]}},"_links":{"self":[{"href":"https:\/\/nmedacanada.ca\/fr\/wp-json\/wp\/v2\/pages\/67264"}],"collection":[{"href":"https:\/\/nmedacanada.ca\/fr\/wp-json\/wp\/v2\/pages"}],"about":[{"href":"https:\/\/nmedacanada.ca\/fr\/wp-json\/wp\/v2\/types\/page"}],"author":[{"embeddable":true,"href":"https:\/\/nmedacanada.ca\/fr\/wp-json\/wp\/v2\/users\/5"}],"replies":[{"embeddable":true,"href":"https:\/\/nmedacanada.ca\/fr\/wp-json\/wp\/v2\/comments?post=67264"}],"version-history":[{"count":2,"href":"https:\/\/nmedacanada.ca\/fr\/wp-json\/wp\/v2\/pages\/67264\/revisions"}],"predecessor-version":[{"id":67266,"href":"https:\/\/nmedacanada.ca\/fr\/wp-json\/wp\/v2\/pages\/67264\/revisions\/67266"}],"up":[{"embeddable":true,"href":"https:\/\/nmedacanada.ca\/fr\/wp-json\/wp\/v2\/pages\/65888"}],"wp:attachment":[{"href":"https:\/\/nmedacanada.ca\/fr\/wp-json\/wp\/v2\/media?parent=67264"}],"curies":[{"name":"wp","href":"https:\/\/api.w.org\/{rel}","templated":true}]}}