{"id":66873,"date":"2021-09-16T03:55:24","date_gmt":"2021-09-16T03:55:24","guid":{"rendered":"https:\/\/www.nmedacanada.ca\/ressources-gouvernementales\/plan-strategique\/"},"modified":"2021-09-16T03:56:41","modified_gmt":"2021-09-16T03:56:41","slug":"plan-strategique","status":"publish","type":"page","link":"https:\/\/nmedacanada.ca\/fr\/ressources-gouvernementales\/plan-strategique\/","title":{"rendered":"Plan Strat\u00e9gique"},"content":{"rendered":"<div id='topbanner'  class='avia-section main_color avia-section-default avia-no-border-styling  avia-full-stretch avia-bg-style-scroll  avia-builder-el-0  el_before_av_section  avia-builder-el-first   av-minimum-height av-minimum-height-custom  container_wrap fullsize' style='background-repeat: no-repeat; background-image: url(https:\/\/nmedacanada.ca\/wp-content\/uploads\/2021\/09\/Dodge_XT_2018_Lifestyle_03_High-1500x233.png);background-attachment: scroll; background-position: center center;  '  data-section-bg-repeat='stretch'><div class='container' style='height:290px'><main  role=\"main\" itemprop=\"mainContentOfPage\"  class='template-page content  av-content-full alpha units'><div class='post-entry post-entry-type-page post-entry-66873'><div class='entry-content-wrapper clearfix'>\n<\/div><\/div><\/main><!-- close content main element --><\/div><\/div><div id='abouttitle'  class='avia-section main_color avia-section-no-padding avia-no-border-styling  avia-bg-style-scroll  avia-builder-el-1  el_after_av_section  avia-builder-el-last   container_wrap fullsize' style=' '  ><div class='container' ><div class='template-page content  av-content-full alpha units'><div class='post-entry post-entry-type-page post-entry-66873'><div class='entry-content-wrapper clearfix'>\n<div  style='height:50px' class='hr hr-invisible   avia-builder-el-2  el_before_av_textblock  avia-builder-el-first '><span class='hr-inner ' ><span class='hr-inner-style'><\/span><\/span><\/div>\n<section class=\"av_textblock_section \"  itemscope=\"itemscope\" itemtype=\"https:\/\/schema.org\/CreativeWork\" ><div class='avia_textblock  '   itemprop=\"text\" ><h1><span style=\"color: #03376a;\">Plan Strat\u00e9gique De l&#8217;ANCEM Canada<\/span><\/h1>\n<p class=\"p1\"><span class=\"s1\">En tant que chapitre de l&#8217;ANCEM, notre r\u00e9seau de membres comprend des concessionnaires d&#8217;\u00e9quipement de mobilit\u00e9, des fabricants, des sp\u00e9cialistes en r\u00e9adaptation des conducteurs (SRC) et d&#8217;autres professionnels param\u00e9dicaux (ergoth\u00e9rapeutes, physioth\u00e9rapeutes, etc.) situ\u00e9s partout au Canada. S&#8217;effor\u00e7ant toujours d&#8217;unifier et d&#8217;am\u00e9liorer l&#8217;industrie des \u00e9quipements de mobilit\u00e9 et ses services, notre organisation travaille ensemble au sein de la communaut\u00e9 adaptative pour fournir un transport de qualit\u00e9, s\u00fbr et fiable aux personnes handicap\u00e9es.<\/span><\/p>\n<h4><strong>Mission<\/strong><\/h4>\n<p class=\"p1\"><span class=\"s1\">Nos membres maintiennent les normes les plus \u00e9lev\u00e9es de l&#8217;industrie gr\u00e2ce aux Lignes Directrices de l&#8217;ANCEM et aux r\u00e8gles du Programme d&#8217;Assurance Qualit\u00e9 (PAQ). <\/span><span class=\"s2\">Adh\u00e9rer \u00e0 ces r\u00e8glements<\/span><span class=\"s1\"> s&#8217;assure que toutes les modifications fournies par les concessionnaires de mobilit\u00e9 membres de l&#8217;ANCEM Canada respectent ou d\u00e9passent les Normes de S\u00e9curit\u00e9 des V\u00e9hicules Moteurs du Canada<\/span><span class=\"s2\">. En respectant ces normes de haute qualit\u00e9 gr\u00e2ce \u00e0 des audits annuels des membres, nous sommes en mesure de continuer \u00e0 \u00e9lever<\/span><span class=\"s1\"> niveaux de performance pour r\u00e9pondre de mani\u00e8re fiable aux besoins de transport des consommateurs de la mani\u00e8re la plus s\u00fbre possible.<\/span><\/p>\n<p class=\"p1\"><span class=\"s1\">Malheureusement, toutes les entreprises et tous les particuliers qui vendent et installent des \u00e9quipements de mobilit\u00e9 automobile n&#8217;adh\u00e8rent pas \u00e0 ces normes \u00e9lev\u00e9es, ou \u00e0 toutes les normes concernant la formation, l&#8217;utilisation d&#8217;outils et d&#8217;installations appropri\u00e9s et l&#8217;utilisation des \u00e9valuations des clients pour d\u00e9terminer l&#8217;\u00e9quipement et l&#8217;ajustement appropri\u00e9s.<\/span><\/p>\n<h4><strong>But<\/strong><\/h4>\n<p class=\"p1\"><span class=\"s1\">Avec un manque de surveillance face \u00e0 l&#8217;acc\u00e8s toujours croissant aux produits de mobilit\u00e9, nous sommes convaincus que la s\u00e9curit\u00e9 et l&#8217;int\u00e9grit\u00e9 des produits peuvent \u00eatre atteintes au mieux en \u00e9tablissant une l\u00e9gislation et des r\u00e8gles r\u00e9glementaires qui \u00e9tablissent des normes pour l&#8217;installation d&#8217;\u00e9quipements de mobilit\u00e9.<\/span><\/p>\n<\/div><\/section>\n\n","protected":false},"excerpt":{"rendered":"","protected":false},"author":5,"featured_media":0,"parent":65912,"menu_order":0,"comment_status":"closed","ping_status":"closed","template":"","meta":{"inline_featured_image":false},"acf":[],"yoast_head":"<!-- This site is optimized with the Yoast SEO plugin v17.8 - https:\/\/yoast.com\/wordpress\/plugins\/seo\/ -->\n<title>Plan Strat\u00e9gique - NMEDA<\/title>\n<meta name=\"robots\" content=\"index, follow, max-snippet:-1, max-image-preview:large, max-video-preview:-1\" \/>\n<link rel=\"canonical\" href=\"https:\/\/nmedacanada.ca\/fr\/ressources-gouvernementales\/plan-strategique\/\" \/>\n<meta property=\"og:locale\" content=\"fr_FR\" \/>\n<meta property=\"og:type\" content=\"article\" \/>\n<meta property=\"og:title\" content=\"Plan Strat\u00e9gique - NMEDA\" \/>\n<meta property=\"og:url\" content=\"https:\/\/nmedacanada.ca\/fr\/ressources-gouvernementales\/plan-strategique\/\" \/>\n<meta property=\"og:site_name\" content=\"NMEDA\" \/>\n<meta property=\"article:modified_time\" content=\"2021-09-16T03:56:41+00:00\" \/>\n<meta name=\"twitter:card\" content=\"summary_large_image\" \/>\n<meta name=\"twitter:label1\" content=\"Dur\u00e9e de lecture estim\u00e9e\" \/>\n\t<meta name=\"twitter:data1\" content=\"3 minutes\" \/>\n<script type=\"application\/ld+json\" class=\"yoast-schema-graph\">{\"@context\":\"https:\/\/schema.org\",\"@graph\":[{\"@type\":\"WebSite\",\"@id\":\"https:\/\/nmedacanada.ca\/#website\",\"url\":\"https:\/\/nmedacanada.ca\/\",\"name\":\"NMEDA\",\"description\":\"\",\"potentialAction\":[{\"@type\":\"SearchAction\",\"target\":{\"@type\":\"EntryPoint\",\"urlTemplate\":\"https:\/\/nmedacanada.ca\/?s={search_term_string}\"},\"query-input\":\"required name=search_term_string\"}],\"inLanguage\":\"fr-FR\"},{\"@type\":\"WebPage\",\"@id\":\"https:\/\/nmedacanada.ca\/fr\/ressources-gouvernementales\/plan-strategique\/#webpage\",\"url\":\"https:\/\/nmedacanada.ca\/fr\/ressources-gouvernementales\/plan-strategique\/\",\"name\":\"Plan Strat\\u00e9gique - NMEDA\",\"isPartOf\":{\"@id\":\"https:\/\/nmedacanada.ca\/#website\"},\"datePublished\":\"2021-09-16T03:55:24+00:00\",\"dateModified\":\"2021-09-16T03:56:41+00:00\",\"breadcrumb\":{\"@id\":\"https:\/\/nmedacanada.ca\/fr\/ressources-gouvernementales\/plan-strategique\/#breadcrumb\"},\"inLanguage\":\"fr-FR\",\"potentialAction\":[{\"@type\":\"ReadAction\",\"target\":[\"https:\/\/nmedacanada.ca\/fr\/ressources-gouvernementales\/plan-strategique\/\"]}]},{\"@type\":\"BreadcrumbList\",\"@id\":\"https:\/\/nmedacanada.ca\/fr\/ressources-gouvernementales\/plan-strategique\/#breadcrumb\",\"itemListElement\":[{\"@type\":\"ListItem\",\"position\":1,\"name\":\"Home\",\"item\":\"https:\/\/nmedacanada.ca\/fr\/\"},{\"@type\":\"ListItem\",\"position\":2,\"name\":\"Ressources gouvernementales\",\"item\":\"https:\/\/nmedacanada.ca\/fr\/ressources-gouvernementales\/\"},{\"@type\":\"ListItem\",\"position\":3,\"name\":\"Plan Strat\\u00e9gique\"}]}]}<\/script>\n<!-- \/ Yoast SEO plugin. -->","yoast_head_json":{"title":"Plan Strat\u00e9gique - NMEDA","robots":{"index":"index","follow":"follow","max-snippet":"max-snippet:-1","max-image-preview":"max-image-preview:large","max-video-preview":"max-video-preview:-1"},"canonical":"https:\/\/nmedacanada.ca\/fr\/ressources-gouvernementales\/plan-strategique\/","og_locale":"fr_FR","og_type":"article","og_title":"Plan Strat\u00e9gique - NMEDA","og_url":"https:\/\/nmedacanada.ca\/fr\/ressources-gouvernementales\/plan-strategique\/","og_site_name":"NMEDA","article_modified_time":"2021-09-16T03:56:41+00:00","twitter_card":"summary_large_image","twitter_misc":{"Dur\u00e9e de lecture estim\u00e9e":"3 minutes"},"schema":{"@context":"https:\/\/schema.org","@graph":[{"@type":"WebSite","@id":"https:\/\/nmedacanada.ca\/#website","url":"https:\/\/nmedacanada.ca\/","name":"NMEDA","description":"","potentialAction":[{"@type":"SearchAction","target":{"@type":"EntryPoint","urlTemplate":"https:\/\/nmedacanada.ca\/?s={search_term_string}"},"query-input":"required name=search_term_string"}],"inLanguage":"fr-FR"},{"@type":"WebPage","@id":"https:\/\/nmedacanada.ca\/fr\/ressources-gouvernementales\/plan-strategique\/#webpage","url":"https:\/\/nmedacanada.ca\/fr\/ressources-gouvernementales\/plan-strategique\/","name":"Plan Strat\u00e9gique - NMEDA","isPartOf":{"@id":"https:\/\/nmedacanada.ca\/#website"},"datePublished":"2021-09-16T03:55:24+00:00","dateModified":"2021-09-16T03:56:41+00:00","breadcrumb":{"@id":"https:\/\/nmedacanada.ca\/fr\/ressources-gouvernementales\/plan-strategique\/#breadcrumb"},"inLanguage":"fr-FR","potentialAction":[{"@type":"ReadAction","target":["https:\/\/nmedacanada.ca\/fr\/ressources-gouvernementales\/plan-strategique\/"]}]},{"@type":"BreadcrumbList","@id":"https:\/\/nmedacanada.ca\/fr\/ressources-gouvernementales\/plan-strategique\/#breadcrumb","itemListElement":[{"@type":"ListItem","position":1,"name":"Home","item":"https:\/\/nmedacanada.ca\/fr\/"},{"@type":"ListItem","position":2,"name":"Ressources gouvernementales","item":"https:\/\/nmedacanada.ca\/fr\/ressources-gouvernementales\/"},{"@type":"ListItem","position":3,"name":"Plan Strat\u00e9gique"}]}]}},"_links":{"self":[{"href":"https:\/\/nmedacanada.ca\/fr\/wp-json\/wp\/v2\/pages\/66873"}],"collection":[{"href":"https:\/\/nmedacanada.ca\/fr\/wp-json\/wp\/v2\/pages"}],"about":[{"href":"https:\/\/nmedacanada.ca\/fr\/wp-json\/wp\/v2\/types\/page"}],"author":[{"embeddable":true,"href":"https:\/\/nmedacanada.ca\/fr\/wp-json\/wp\/v2\/users\/5"}],"replies":[{"embeddable":true,"href":"https:\/\/nmedacanada.ca\/fr\/wp-json\/wp\/v2\/comments?post=66873"}],"version-history":[{"count":7,"href":"https:\/\/nmedacanada.ca\/fr\/wp-json\/wp\/v2\/pages\/66873\/revisions"}],"predecessor-version":[{"id":66880,"href":"https:\/\/nmedacanada.ca\/fr\/wp-json\/wp\/v2\/pages\/66873\/revisions\/66880"}],"up":[{"embeddable":true,"href":"https:\/\/nmedacanada.ca\/fr\/wp-json\/wp\/v2\/pages\/65912"}],"wp:attachment":[{"href":"https:\/\/nmedacanada.ca\/fr\/wp-json\/wp\/v2\/media?parent=66873"}],"curies":[{"name":"wp","href":"https:\/\/api.w.org\/{rel}","templated":true}]}}