{"id":66110,"date":"2021-08-31T20:58:47","date_gmt":"2021-08-31T20:58:47","guid":{"rendered":"https:\/\/www.nmedacanada.ca\/ressources-pour-les-consommateurs\/financement\/"},"modified":"2021-10-13T15:39:27","modified_gmt":"2021-10-13T15:39:27","slug":"financement","status":"publish","type":"page","link":"https:\/\/nmedacanada.ca\/fr\/ressources-pour-les-consommateurs\/financement\/","title":{"rendered":"Financement"},"content":{"rendered":"<div id='topbanner'  class='avia-section main_color avia-section-default avia-no-border-styling  avia-full-stretch avia-bg-style-scroll  avia-builder-el-0  el_before_av_section  avia-builder-el-first   av-minimum-height av-minimum-height-custom  container_wrap fullsize' style='background-repeat: no-repeat; background-image: url(https:\/\/nmedacanada.ca\/wp-content\/uploads\/2021\/09\/Dodge_RE_Family_2019_006_High-1500x233.png);background-attachment: scroll; background-position: center center;  '  data-section-bg-repeat='stretch'><div class='container' style='height:290px'><main  role=\"main\" itemprop=\"mainContentOfPage\"  class='template-page content  av-content-full alpha units'><div class='post-entry post-entry-type-page post-entry-66110'><div class='entry-content-wrapper clearfix'>\n<\/div><\/div><\/main><!-- close content main element --><\/div><\/div><div id='dealer-page'  class='avia-section main_color avia-section-default avia-no-border-styling  avia-bg-style-scroll  avia-builder-el-1  el_after_av_section  avia-builder-el-last   container_wrap fullsize' style=' '  ><div class='container' ><div class='template-page content  av-content-full alpha units'><div class='post-entry post-entry-type-page post-entry-66110'><div class='entry-content-wrapper clearfix'>\n<section class=\"av_textblock_section \"  itemscope=\"itemscope\" itemtype=\"https:\/\/schema.org\/CreativeWork\" ><div class='avia_textblock  '   itemprop=\"text\" ><h1><span style=\"color: #03376a;\">Financement<\/span><\/h1>\n<p>Bien que l&#8217;achat d&#8217;un v\u00e9hicule accessible en fauteuil roulant (lien vers la page des ressources pour les consommateurs) peut \u00eatre co\u00fbteux, votre concessionnaire PAQ accr\u00e9dit\u00e9 ANCEM Canada peut vous guider vers des financements sp\u00e9ciaux et programmes de financement qui pourraient vous \u00eatre utiles.<\/p>\n<p><a href=\"https:\/\/www.nmedacanada.ca\/fr\/ressources-pour-les-consommateurs\/financement\/tableau-de-financement\/\">Cliquez <u>ici<\/u><\/a> (lien vers la page avec le tableau de financement ins\u00e9r\u00e9 ci-dessous) pour une liste des ressources de financement nationales et provinciales, ou lisez ci-dessous pour quelques options suppl\u00e9mentaires de recherche:<\/p>\n<\/div><\/section>\n<div  style='height:20px' class='hr hr-invisible   avia-builder-el-3  el_after_av_textblock  el_before_av_textblock '><span class='hr-inner ' ><span class='hr-inner-style'><\/span><\/span><\/div>\n<section class=\"av_textblock_section \"  itemscope=\"itemscope\" itemtype=\"https:\/\/schema.org\/CreativeWork\" ><div class='avia_textblock  '  style='font-size:15px; '  itemprop=\"text\" ><ul>\n<li><strong>Agences Provinciales et Assistance Publique<\/strong> \u2013 Beaucoup d\u2019<a href=\"https:\/\/www.nmedacanada.ca\/fr\/ressources-pour-les-consommateurs\/financement\/tableau-de-financement\/\"><u>agences locales<\/u><\/a> ( lien vers la page avec le Tableau De Financement ) offrent une aide au financement des \u00e9quipements et services de mobilit\u00e9. V\u00e9rifiez aupr\u00e8s de votre <a href=\"https:\/\/www.nmedacanada.ca\/fr\/ressources-pour-les-consommateurs\/localisateur-de-concessionnaire\/\">concessionnaire local de mobilit\u00e9<\/a> pour aider \u00e0 trouver des programmes et des bailleurs de fonds tiers dans votre r\u00e9gion.<\/li>\n<li><strong>Organisations Charitables\/\u00c9glises<\/strong> \u2013 Les options ici peuvent \u00eatre \u00e9tendues. Recherchez ce qui est disponible dans votre march\u00e9 local.<\/li>\n<li><strong>Programmes De Rabais De Mobilit\u00e9<\/strong> \u2013 Plusieurs fabricants FEO (GM, Ford, Toyota, etc.) offrent des rabais aux acheteurs de v\u00e9hicules neufs n\u00e9cessitant des modifications pour les personnes handicap\u00e9es. Avant d&#8217;acheter un nouveau v\u00e9hicule pour des modifications, renseignez-vous aupr\u00e8s de votre concessionnaire ANCEM Canada sur les rabais applicables ou visitez notre page <a href=\"https:\/\/www.nmedacanada.ca\/fr\/ressources-pour-les-consommateurs\/financement\/le-canada-finance-les-rabais-feo\/\">remises<\/a> (lien vers la page avec le Tableau Des Remises).<\/li>\n<li><strong>Programmes De Financement Sp\u00e9ciaux<\/strong> \u2013 Une vari\u00e9t\u00e9 de programmes est disponible pour le financement des v\u00e9hicules de mobilit\u00e9, notamment des pr\u00eats \u00e0 dur\u00e9e prolong\u00e9e, des formules de cr\u00e9dit-bail, etc. Veuillez demander \u00e0 votre <a href=\"https:\/\/www.nmedacanada.ca\/fr\/ressources-pour-les-consommateurs\/localisateur-de-concessionnaire\/\">concessionnaire local de l&#8217;ANCEM Canada<\/a> pour plus d&#8217;informations sur les programmes de financement sp\u00e9ciaux offerts.<\/li>\n<li><strong>Collecte De Fonds<\/strong> \u2013 Contactez toutes les personnes qui vous entourent et transformez votre besoin de solution de mobilit\u00e9 en exutoire de convivialit\u00e9 et de cr\u00e9ativit\u00e9 qui peut rassembler toute votre communaut\u00e9. Faites participer les agences de presse locales en expliquant ce que vous essayez de faire et demandez si elles seraient int\u00e9ress\u00e9es \u00e0 couvrir votre histoire.<\/li>\n<li><strong>Subventions<\/strong> \u2013 Il existe des organisations pour diff\u00e9rents handicaps qui fournissent des informations, un soutien et des ressources pour aider les personnes souffrant de conditions sp\u00e9cifiques. Par exemple, les organisations provinciales locales de Scl\u00e9rose En Plaques pourraient vous aider si vous avez la SEP ou la Paralysie C\u00e9r\u00e9brale du Canada peut \u00eatre en mesure de vous aider si vous avez la PC. Contactez la section locale et voyez si elle peut vous aider ou vous conseiller.<\/li>\n<\/ul>\n<\/div><\/section>\n\n","protected":false},"excerpt":{"rendered":"","protected":false},"author":5,"featured_media":0,"parent":65908,"menu_order":0,"comment_status":"closed","ping_status":"closed","template":"","meta":{"inline_featured_image":false},"acf":[],"yoast_head":"<!-- This site is optimized with the Yoast SEO plugin v17.8 - https:\/\/yoast.com\/wordpress\/plugins\/seo\/ -->\n<title>Financement - NMEDA<\/title>\n<meta name=\"robots\" content=\"index, follow, max-snippet:-1, max-image-preview:large, max-video-preview:-1\" \/>\n<link rel=\"canonical\" href=\"https:\/\/nmedacanada.ca\/fr\/ressources-pour-les-consommateurs\/financement\/\" \/>\n<meta property=\"og:locale\" content=\"fr_FR\" \/>\n<meta property=\"og:type\" content=\"article\" \/>\n<meta property=\"og:title\" content=\"Financement - NMEDA\" \/>\n<meta property=\"og:url\" content=\"https:\/\/nmedacanada.ca\/fr\/ressources-pour-les-consommateurs\/financement\/\" \/>\n<meta property=\"og:site_name\" content=\"NMEDA\" \/>\n<meta property=\"article:modified_time\" content=\"2021-10-13T15:39:27+00:00\" \/>\n<meta name=\"twitter:card\" content=\"summary_large_image\" \/>\n<meta name=\"twitter:label1\" content=\"Dur\u00e9e de lecture estim\u00e9e\" \/>\n\t<meta name=\"twitter:data1\" content=\"4 minutes\" \/>\n<script type=\"application\/ld+json\" class=\"yoast-schema-graph\">{\"@context\":\"https:\/\/schema.org\",\"@graph\":[{\"@type\":\"WebSite\",\"@id\":\"https:\/\/nmedacanada.ca\/#website\",\"url\":\"https:\/\/nmedacanada.ca\/\",\"name\":\"NMEDA\",\"description\":\"\",\"potentialAction\":[{\"@type\":\"SearchAction\",\"target\":{\"@type\":\"EntryPoint\",\"urlTemplate\":\"https:\/\/nmedacanada.ca\/?s={search_term_string}\"},\"query-input\":\"required name=search_term_string\"}],\"inLanguage\":\"fr-FR\"},{\"@type\":\"WebPage\",\"@id\":\"https:\/\/nmedacanada.ca\/fr\/ressources-pour-les-consommateurs\/financement\/#webpage\",\"url\":\"https:\/\/nmedacanada.ca\/fr\/ressources-pour-les-consommateurs\/financement\/\",\"name\":\"Financement - NMEDA\",\"isPartOf\":{\"@id\":\"https:\/\/nmedacanada.ca\/#website\"},\"datePublished\":\"2021-08-31T20:58:47+00:00\",\"dateModified\":\"2021-10-13T15:39:27+00:00\",\"breadcrumb\":{\"@id\":\"https:\/\/nmedacanada.ca\/fr\/ressources-pour-les-consommateurs\/financement\/#breadcrumb\"},\"inLanguage\":\"fr-FR\",\"potentialAction\":[{\"@type\":\"ReadAction\",\"target\":[\"https:\/\/nmedacanada.ca\/fr\/ressources-pour-les-consommateurs\/financement\/\"]}]},{\"@type\":\"BreadcrumbList\",\"@id\":\"https:\/\/nmedacanada.ca\/fr\/ressources-pour-les-consommateurs\/financement\/#breadcrumb\",\"itemListElement\":[{\"@type\":\"ListItem\",\"position\":1,\"name\":\"Home\",\"item\":\"https:\/\/nmedacanada.ca\/fr\/\"},{\"@type\":\"ListItem\",\"position\":2,\"name\":\"Ressources pour les consommateurs\",\"item\":\"https:\/\/nmedacanada.ca\/fr\/ressources-pour-les-consommateurs\/\"},{\"@type\":\"ListItem\",\"position\":3,\"name\":\"Financement\"}]}]}<\/script>\n<!-- \/ Yoast SEO plugin. -->","yoast_head_json":{"title":"Financement - NMEDA","robots":{"index":"index","follow":"follow","max-snippet":"max-snippet:-1","max-image-preview":"max-image-preview:large","max-video-preview":"max-video-preview:-1"},"canonical":"https:\/\/nmedacanada.ca\/fr\/ressources-pour-les-consommateurs\/financement\/","og_locale":"fr_FR","og_type":"article","og_title":"Financement - NMEDA","og_url":"https:\/\/nmedacanada.ca\/fr\/ressources-pour-les-consommateurs\/financement\/","og_site_name":"NMEDA","article_modified_time":"2021-10-13T15:39:27+00:00","twitter_card":"summary_large_image","twitter_misc":{"Dur\u00e9e de lecture estim\u00e9e":"4 minutes"},"schema":{"@context":"https:\/\/schema.org","@graph":[{"@type":"WebSite","@id":"https:\/\/nmedacanada.ca\/#website","url":"https:\/\/nmedacanada.ca\/","name":"NMEDA","description":"","potentialAction":[{"@type":"SearchAction","target":{"@type":"EntryPoint","urlTemplate":"https:\/\/nmedacanada.ca\/?s={search_term_string}"},"query-input":"required name=search_term_string"}],"inLanguage":"fr-FR"},{"@type":"WebPage","@id":"https:\/\/nmedacanada.ca\/fr\/ressources-pour-les-consommateurs\/financement\/#webpage","url":"https:\/\/nmedacanada.ca\/fr\/ressources-pour-les-consommateurs\/financement\/","name":"Financement - NMEDA","isPartOf":{"@id":"https:\/\/nmedacanada.ca\/#website"},"datePublished":"2021-08-31T20:58:47+00:00","dateModified":"2021-10-13T15:39:27+00:00","breadcrumb":{"@id":"https:\/\/nmedacanada.ca\/fr\/ressources-pour-les-consommateurs\/financement\/#breadcrumb"},"inLanguage":"fr-FR","potentialAction":[{"@type":"ReadAction","target":["https:\/\/nmedacanada.ca\/fr\/ressources-pour-les-consommateurs\/financement\/"]}]},{"@type":"BreadcrumbList","@id":"https:\/\/nmedacanada.ca\/fr\/ressources-pour-les-consommateurs\/financement\/#breadcrumb","itemListElement":[{"@type":"ListItem","position":1,"name":"Home","item":"https:\/\/nmedacanada.ca\/fr\/"},{"@type":"ListItem","position":2,"name":"Ressources pour les consommateurs","item":"https:\/\/nmedacanada.ca\/fr\/ressources-pour-les-consommateurs\/"},{"@type":"ListItem","position":3,"name":"Financement"}]}]}},"_links":{"self":[{"href":"https:\/\/nmedacanada.ca\/fr\/wp-json\/wp\/v2\/pages\/66110"}],"collection":[{"href":"https:\/\/nmedacanada.ca\/fr\/wp-json\/wp\/v2\/pages"}],"about":[{"href":"https:\/\/nmedacanada.ca\/fr\/wp-json\/wp\/v2\/types\/page"}],"author":[{"embeddable":true,"href":"https:\/\/nmedacanada.ca\/fr\/wp-json\/wp\/v2\/users\/5"}],"replies":[{"embeddable":true,"href":"https:\/\/nmedacanada.ca\/fr\/wp-json\/wp\/v2\/comments?post=66110"}],"version-history":[{"count":9,"href":"https:\/\/nmedacanada.ca\/fr\/wp-json\/wp\/v2\/pages\/66110\/revisions"}],"predecessor-version":[{"id":67194,"href":"https:\/\/nmedacanada.ca\/fr\/wp-json\/wp\/v2\/pages\/66110\/revisions\/67194"}],"up":[{"embeddable":true,"href":"https:\/\/nmedacanada.ca\/fr\/wp-json\/wp\/v2\/pages\/65908"}],"wp:attachment":[{"href":"https:\/\/nmedacanada.ca\/fr\/wp-json\/wp\/v2\/media?parent=66110"}],"curies":[{"name":"wp","href":"https:\/\/api.w.org\/{rel}","templated":true}]}}