{"id":66099,"date":"2021-08-31T20:43:33","date_gmt":"2021-08-31T20:43:33","guid":{"rendered":"https:\/\/www.nmedacanada.ca\/ressources-pour-les-consommateurs\/le-canada-finance-les-rabais-feo\/"},"modified":"2021-09-15T13:35:09","modified_gmt":"2021-09-15T13:35:09","slug":"le-canada-finance-les-rabais-feo","status":"publish","type":"page","link":"https:\/\/nmedacanada.ca\/fr\/ressources-pour-les-consommateurs\/le-canada-finance-les-rabais-feo\/","title":{"rendered":"Le canada finance les rabais feo"},"content":{"rendered":"<div id='topbanner'  class='avia-section main_color avia-section-default avia-no-border-styling  avia-full-stretch avia-bg-style-scroll  avia-builder-el-0  el_before_av_section  avia-builder-el-first   av-minimum-height av-minimum-height-custom  container_wrap fullsize' style='background-repeat: no-repeat; background-image: url(https:\/\/nmedacanada.ca\/wp-content\/uploads\/2020\/08\/Untitled-1_0004_Consumer_Resources.jpg);background-attachment: scroll; background-position: center center;  '  data-section-bg-repeat='stretch'><div class='container' style='height:290px'><main  role=\"main\" itemprop=\"mainContentOfPage\"  class='template-page content  av-content-full alpha units'><div class='post-entry post-entry-type-page post-entry-66099'><div class='entry-content-wrapper clearfix'>\n<\/div><\/div><\/main><!-- close content main element --><\/div><\/div><div id='abouttitle'  class='avia-section main_color avia-section-default avia-no-border-styling  avia-bg-style-scroll  avia-builder-el-1  el_after_av_section  avia-builder-el-last   container_wrap fullsize' style=' '  ><div class='container' ><div class='template-page content  av-content-full alpha units'><div class='post-entry post-entry-type-page post-entry-66099'><div class='entry-content-wrapper clearfix'>\n<section class=\"av_textblock_section \"  itemscope=\"itemscope\" itemtype=\"https:\/\/schema.org\/CreativeWork\" ><div class='avia_textblock  '   itemprop=\"text\" ><h1><span style=\"color: #03376a;\">Rabais Pour Votre Achat De V\u00e9hicule Accessible En Fauteuil Roulant<\/span><\/h1>\n<p><span lang=\"EN\">De nombreux fabricants d&#8217;\u00e9quipement d&#8217;origine (FEO) offrent une aide aux remises aux clients lorsqu&#8217;ils ach\u00e8tent des produits d&#8217;accessibilit\u00e9. Chaque fabricant membre a son propre programme, qui sont tous \u00e9num\u00e9r\u00e9s ci-dessous. Si vous avez des questions sur les programmes de mobilit\u00e9 suivants, veuillez contacter directement le fabricant aux num\u00e9ros de t\u00e9l\u00e9phone ci-dessous.<\/span><\/p>\n<h4>Membres de l&#8217;Industrie de l&#8217;ANCEM<\/h4>\n<p><a href=\"https:\/\/www.chrysler.ca\/en\/autoability\"><strong>PROGRAMME AUTOABILIT\u00c9 DE FCA CANADA<\/strong><\/a><\/p>\n<p>Le programme AutoAbilit\u00e9 de FCA Canada offre un rabais d&#8217;aide financi\u00e8re pouvant aller jusqu&#8217;\u00e0 $750 pour l&#8217;installation d&#8217;\u00e9quipement adapt\u00e9 sur les v\u00e9hicules Chrysler, Jeep, Dodge, Ram ou Fiat neufs 2018, 2019 et 2020 admissibles. Contactez le Si\u00e8ge du Programme AutoAbilit\u00e9 au <a href=\"tel:1-800-265-6908\">800-265-6908<\/a> pour les conditions d&#8217;\u00e9ligibilit\u00e9 et les dates d&#8217;expiration du programme.<\/p>\n<p><a href=\"tel:1-800-265-6908\">800-265-6908<\/a><\/p>\n<p><a href=\"https:\/\/www.chrysler.ca\/en\/autoability\"><strong>EN SAVOIR PLUS SUR LE PROGRAMME AUTOABILIT\u00c9 DE FCA CANADA<\/strong><\/a><\/p>\n<p><a href=\"https:\/\/programs.gm.ca\/programs\/mobility.html\"><strong>PROGRAMME DE MOBILIT\u00c9 DE GENERAL MOTORS<\/strong><\/a><\/p>\n<p>Recevez jusqu&#8217;\u00e0 $1,000 de remboursement pour les frais d&#8217;adaptation d&#8217;une nouvelle Chevrolet, Buick, GMC ou Cadillac admissible, plus un abonnement de deux ans au plan OnStar Essentials.<\/p>\n<p><a href=\"tel:(800)4637483\"><strong>(800) 463-7483<\/strong><\/a><\/p>\n<p><a href=\"https:\/\/programs.gm.ca\/programs\/mobility.html\"><strong>EN SAVOIR PLUS SUR LE PROGRAMME DE MOBILIT\u00c9 DE GENERAL MOTORS<\/strong><\/a><\/p>\n<p><a href=\"https:\/\/www.toyota.ca\/toyota\/en\/vehicles\/sienna\/features-benefits#_blank\"><strong>PROGRAMME DE MOBILIT\u00c9 TOYOTA<\/strong><\/a><\/p>\n<p>Ce programme offre jusqu&#8217;\u00e0 $1,000 d&#8217;allocation aux clients ayant des difficult\u00e9s physiques qui ach\u00e8tent un v\u00e9hicule Toyota neuf ou admissible pour aider \u00e0 couvrir les co\u00fbts d&#8217;installation d&#8217;aides \u00e0 la conduite adaptatives ou d&#8217;\u00e9quipements d&#8217;aide \u00e0 la mobilit\u00e9.<\/p>\n<p><a href=\"tel:(800)%20323-9935\"><strong>(800) 323-9935<\/strong><\/a><\/p>\n<p><a href=\"https:\/\/www.toyota.ca\/toyota\/en\/vehicles\/sienna\/features-benefits#_blank\"><strong>EN SAVOIR PLUS SUR LE PROGRAMME DE MOBILIT\u00c9 TOYOTA<\/strong><\/a><\/p>\n<p><strong>\u00a0<\/strong><\/p>\n<h4>FEO NON-ANCEM<\/h4>\n<p><a href=\"https:\/\/www.ford.ca\/mobility\/\"><strong>PROGRAMME DE MOBILIT\u00c9 FORD<\/strong><\/a><\/p>\n<p>Lors de l&#8217;achat ou la location d&#8217;un v\u00e9hicule neuf Ford du Canada, vous pourriez \u00eatre admissible \u00e0 recevoir jusqu&#8217;\u00e0 $1,000 pour l&#8217;installation d&#8217;aides ou d&#8217;\u00e9quipements adapt\u00e9s \u00e0 la conduite.<\/p>\n<p><a href=\"tel:(800)%20565-3673\"><strong>(800) 565-3673<\/strong><\/a><\/p>\n<p><a href=\"https:\/\/www.ford.ca\/mobility\/\"><strong>EN SAVOIR PLUS SUR LE PROGRAMME DE MOBILIT\u00c9 FORD<\/strong><\/a><\/p>\n<p><a href=\"https:\/\/automobiles.honda.com\/mobility-assistance\"><strong>PROGRAMME DE MOBILIT\u00c9 HONDA<\/strong><\/a><\/p>\n<p>Le Programme d&#8217;Assistance \u00e0 la Mobilit\u00e9 des Clients Honda r\u00e9pond aux besoins de mobilit\u00e9 des conducteurs et des passagers ayant un handicap physique. Honda remboursera jusqu&#8217;\u00e0 $1,000 \u00e0 chaque client au d\u00e9tail d&#8217;origine admissible pour les d\u00e9penses engag\u00e9es pour acheter et installer l&#8217;\u00e9quipement de v\u00e9hicule adaptatif admissible sur tout v\u00e9hicule Honda admissible achet\u00e9 ou lou\u00e9.<\/p>\n<p><a href=\"tel:(800)%922-8729\"><strong>(800) 922-8729<\/strong><\/a><\/p>\n<p><a href=\"https:\/\/automobiles.honda.com\/mobility-assistance\"><strong>EN SAVOIR PLUS SUR LE PROGRAMME DE MOBILIT\u00c9 HONDA<\/strong><\/a><\/p>\n<p><a href=\"https:\/\/www.hyundaiusa.com\/us\/en\/special-programs\/mobility\"><strong>PROGRAMME DE MOBILIT\u00c9 HYUNDAI<\/strong><\/a><\/p>\n<p>L&#8217;achat et la modification d&#8217;un nouveau v\u00e9hicule peut \u00eatre co\u00fbteux. Nous offrons donc $1,000 pour le co\u00fbt de l&#8217;\u00e9quipement adapt\u00e9. Nous avons inclus des liens vers des guides, des fiches d&#8217;information, un formulaire de r\u00e9clamation et des sp\u00e9cialistes qui peuvent vous aider \u00e0 obtenir l&#8217;\u00e9quipement et la formation dont vous avez besoin.<\/p>\n<p><a href=\"tel:(800)%20633-5151\"><strong>(800) 633-5151<\/strong><\/a><\/p>\n<p><a href=\"https:\/\/www.hyundaiusa.com\/us\/en\/special-programs\/mobility\"><strong>EN SAVOIR PLUS SUR LE PROGRAMME DE MOBILIT\u00c9 HYUNDAI<\/strong><\/a><\/p>\n<p><a href=\"https:\/\/www.mazda.ca\/en\/shopping-tools\/programs\/mobility\/\"><strong>PROGRAMME DE MOBILIT\u00c9 MAZDA<\/strong><\/a><\/p>\n<p>Mazda Canada will reimburse up to $750 toward the purchase and installation of adaptive driving aids or mobility assistance equipment on all eligible Mazda vehicles.<\/p>\n<p><a href=\"tel:(800)%20263-4680\"><strong>(800) 263-4680<\/strong><\/a><\/p>\n<p><a href=\"https:\/\/www.mazda.ca\/en\/shopping-tools\/programs\/mobility\/\"><strong>LEARN MORE ABOUT MAZDA MOBILITY PROGRAM<\/strong><\/a><\/p>\n<p>Mazda Canada remboursera jusqu&#8217;\u00e0 $750 pour l&#8217;achat et l&#8217;installation d&#8217;aides \u00e0 la conduite adaptatives ou d&#8217;\u00e9quipement d&#8217;aide \u00e0 la mobilit\u00e9 sur tous les v\u00e9hicules Mazda admissibles.<\/p>\n<p><a href=\"tel:(800)%20263-4680\">(800) 263-4680<\/a><\/p>\n<p><a href=\"https:\/\/www.mazda.ca\/en\/shopping-tools\/programs\/mobility\/\"><strong>EN SAVOIR PLUS SUR LE PROGRAMME DE MOBILIT\u00c9 MAZDA<\/strong><\/a><\/p>\n<p><a href=\"https:\/\/www.miniusa.com\/tools\/buying\/mini-mobility-program.html\">PROGRAMME MINI MOBILIT\u00c9<\/a><\/p>\n<p>Le programme MINI Mobilit\u00e9 rend la conduite d&#8217;une MINI encore plus attrayante! \u00c0 l&#8217;achat ou la location d&#8217;une MINI neuve ou d&#8217;occasion certifi\u00e9e (CPO) aupr\u00e8s d&#8217;un Concessionnaire MINI autoris\u00e9, les clients qui ont besoin d&#8217;un \u00e9quipement adapt\u00e9 \u00e0 leur v\u00e9hicule peuvent \u00eatre admissibles \u00e0 un remboursement unique pouvant aller jusqu&#8217;\u00e0 $2,500 des d\u00e9penses.<\/p>\n<p>(866) 275-6464<\/p>\n<p><a href=\"https:\/\/www.miniusa.com\/tools\/buying\/mini-mobility-program.html\"><strong>EN SAVOIR PLUS SUR LE PROGRAMME MINI MOBILIT\u00c9<\/strong><\/a><\/p>\n<p><a href=\"https:\/\/www.subaru.ca\/WebPage.aspx?WebSiteID=282&amp;WebPageID=22076\"><strong>PROGRAMME DE MOBILIT\u00c9 SUBARU<\/strong><\/a><\/p>\n<p>Le programme Assistance Mobilit\u00e9 Subaru offre un remboursement pouvant aller jusqu&#8217;\u00e0 $750 pour les modifications de v\u00e9hicule ou l&#8217;installation d&#8217;appareils n\u00e9cessaires pour aider nos clients \u00e0 s&#8217;adapter \u00e0 leur nouveau v\u00e9hicule Subaru en raison de handicaps physiques m\u00e9dicalement reconnus.<\/p>\n<p><a href=\"tel:(800)%20894-4212\"><strong>(800) 894-4212<\/strong><\/a><\/p>\n<p><a href=\"https:\/\/www.subaru.ca\/WebPage.aspx?WebSiteID=282&amp;WebPageID=22076\"><strong>EN SAVOIR PLUS SUR LE PROGRAMME DE MOBILIT\u00c9 SUBARU<\/strong><\/a><\/p>\n<\/div><\/section>\n<\/p>\n","protected":false},"excerpt":{"rendered":"","protected":false},"author":13,"featured_media":0,"parent":65908,"menu_order":0,"comment_status":"closed","ping_status":"closed","template":"","meta":{"inline_featured_image":false},"acf":[],"yoast_head":"<!-- This site is optimized with the Yoast SEO plugin v17.8 - https:\/\/yoast.com\/wordpress\/plugins\/seo\/ -->\n<title>Le canada finance les rabais feo - NMEDA<\/title>\n<meta name=\"robots\" content=\"index, follow, max-snippet:-1, max-image-preview:large, max-video-preview:-1\" \/>\n<link rel=\"canonical\" href=\"https:\/\/nmedacanada.ca\/fr\/ressources-pour-les-consommateurs\/le-canada-finance-les-rabais-feo\/\" \/>\n<meta property=\"og:locale\" content=\"fr_FR\" \/>\n<meta property=\"og:type\" content=\"article\" \/>\n<meta property=\"og:title\" content=\"Le canada finance les rabais feo - NMEDA\" \/>\n<meta property=\"og:url\" content=\"https:\/\/nmedacanada.ca\/fr\/ressources-pour-les-consommateurs\/le-canada-finance-les-rabais-feo\/\" \/>\n<meta property=\"og:site_name\" content=\"NMEDA\" \/>\n<meta property=\"article:modified_time\" content=\"2021-09-15T13:35:09+00:00\" \/>\n<meta name=\"twitter:card\" content=\"summary_large_image\" \/>\n<meta name=\"twitter:label1\" content=\"Dur\u00e9e de lecture estim\u00e9e\" \/>\n\t<meta name=\"twitter:data1\" content=\"4 minutes\" \/>\n<script type=\"application\/ld+json\" class=\"yoast-schema-graph\">{\"@context\":\"https:\/\/schema.org\",\"@graph\":[{\"@type\":\"WebSite\",\"@id\":\"https:\/\/nmedacanada.ca\/#website\",\"url\":\"https:\/\/nmedacanada.ca\/\",\"name\":\"NMEDA\",\"description\":\"\",\"potentialAction\":[{\"@type\":\"SearchAction\",\"target\":{\"@type\":\"EntryPoint\",\"urlTemplate\":\"https:\/\/nmedacanada.ca\/?s={search_term_string}\"},\"query-input\":\"required name=search_term_string\"}],\"inLanguage\":\"fr-FR\"},{\"@type\":\"WebPage\",\"@id\":\"https:\/\/nmedacanada.ca\/fr\/ressources-pour-les-consommateurs\/le-canada-finance-les-rabais-feo\/#webpage\",\"url\":\"https:\/\/nmedacanada.ca\/fr\/ressources-pour-les-consommateurs\/le-canada-finance-les-rabais-feo\/\",\"name\":\"Le canada finance les rabais feo - NMEDA\",\"isPartOf\":{\"@id\":\"https:\/\/nmedacanada.ca\/#website\"},\"datePublished\":\"2021-08-31T20:43:33+00:00\",\"dateModified\":\"2021-09-15T13:35:09+00:00\",\"breadcrumb\":{\"@id\":\"https:\/\/nmedacanada.ca\/fr\/ressources-pour-les-consommateurs\/le-canada-finance-les-rabais-feo\/#breadcrumb\"},\"inLanguage\":\"fr-FR\",\"potentialAction\":[{\"@type\":\"ReadAction\",\"target\":[\"https:\/\/nmedacanada.ca\/fr\/ressources-pour-les-consommateurs\/le-canada-finance-les-rabais-feo\/\"]}]},{\"@type\":\"BreadcrumbList\",\"@id\":\"https:\/\/nmedacanada.ca\/fr\/ressources-pour-les-consommateurs\/le-canada-finance-les-rabais-feo\/#breadcrumb\",\"itemListElement\":[{\"@type\":\"ListItem\",\"position\":1,\"name\":\"Home\",\"item\":\"https:\/\/nmedacanada.ca\/fr\/\"},{\"@type\":\"ListItem\",\"position\":2,\"name\":\"Ressources pour les consommateurs\",\"item\":\"https:\/\/nmedacanada.ca\/fr\/ressources-pour-les-consommateurs\/\"},{\"@type\":\"ListItem\",\"position\":3,\"name\":\"Le canada finance les rabais feo\"}]}]}<\/script>\n<!-- \/ Yoast SEO plugin. -->","yoast_head_json":{"title":"Le canada finance les rabais feo - NMEDA","robots":{"index":"index","follow":"follow","max-snippet":"max-snippet:-1","max-image-preview":"max-image-preview:large","max-video-preview":"max-video-preview:-1"},"canonical":"https:\/\/nmedacanada.ca\/fr\/ressources-pour-les-consommateurs\/le-canada-finance-les-rabais-feo\/","og_locale":"fr_FR","og_type":"article","og_title":"Le canada finance les rabais feo - NMEDA","og_url":"https:\/\/nmedacanada.ca\/fr\/ressources-pour-les-consommateurs\/le-canada-finance-les-rabais-feo\/","og_site_name":"NMEDA","article_modified_time":"2021-09-15T13:35:09+00:00","twitter_card":"summary_large_image","twitter_misc":{"Dur\u00e9e de lecture estim\u00e9e":"4 minutes"},"schema":{"@context":"https:\/\/schema.org","@graph":[{"@type":"WebSite","@id":"https:\/\/nmedacanada.ca\/#website","url":"https:\/\/nmedacanada.ca\/","name":"NMEDA","description":"","potentialAction":[{"@type":"SearchAction","target":{"@type":"EntryPoint","urlTemplate":"https:\/\/nmedacanada.ca\/?s={search_term_string}"},"query-input":"required name=search_term_string"}],"inLanguage":"fr-FR"},{"@type":"WebPage","@id":"https:\/\/nmedacanada.ca\/fr\/ressources-pour-les-consommateurs\/le-canada-finance-les-rabais-feo\/#webpage","url":"https:\/\/nmedacanada.ca\/fr\/ressources-pour-les-consommateurs\/le-canada-finance-les-rabais-feo\/","name":"Le canada finance les rabais feo - NMEDA","isPartOf":{"@id":"https:\/\/nmedacanada.ca\/#website"},"datePublished":"2021-08-31T20:43:33+00:00","dateModified":"2021-09-15T13:35:09+00:00","breadcrumb":{"@id":"https:\/\/nmedacanada.ca\/fr\/ressources-pour-les-consommateurs\/le-canada-finance-les-rabais-feo\/#breadcrumb"},"inLanguage":"fr-FR","potentialAction":[{"@type":"ReadAction","target":["https:\/\/nmedacanada.ca\/fr\/ressources-pour-les-consommateurs\/le-canada-finance-les-rabais-feo\/"]}]},{"@type":"BreadcrumbList","@id":"https:\/\/nmedacanada.ca\/fr\/ressources-pour-les-consommateurs\/le-canada-finance-les-rabais-feo\/#breadcrumb","itemListElement":[{"@type":"ListItem","position":1,"name":"Home","item":"https:\/\/nmedacanada.ca\/fr\/"},{"@type":"ListItem","position":2,"name":"Ressources pour les consommateurs","item":"https:\/\/nmedacanada.ca\/fr\/ressources-pour-les-consommateurs\/"},{"@type":"ListItem","position":3,"name":"Le canada finance les rabais feo"}]}]}},"_links":{"self":[{"href":"https:\/\/nmedacanada.ca\/fr\/wp-json\/wp\/v2\/pages\/66099"}],"collection":[{"href":"https:\/\/nmedacanada.ca\/fr\/wp-json\/wp\/v2\/pages"}],"about":[{"href":"https:\/\/nmedacanada.ca\/fr\/wp-json\/wp\/v2\/types\/page"}],"author":[{"embeddable":true,"href":"https:\/\/nmedacanada.ca\/fr\/wp-json\/wp\/v2\/users\/13"}],"replies":[{"embeddable":true,"href":"https:\/\/nmedacanada.ca\/fr\/wp-json\/wp\/v2\/comments?post=66099"}],"version-history":[{"count":8,"href":"https:\/\/nmedacanada.ca\/fr\/wp-json\/wp\/v2\/pages\/66099\/revisions"}],"predecessor-version":[{"id":66764,"href":"https:\/\/nmedacanada.ca\/fr\/wp-json\/wp\/v2\/pages\/66099\/revisions\/66764"}],"up":[{"embeddable":true,"href":"https:\/\/nmedacanada.ca\/fr\/wp-json\/wp\/v2\/pages\/65908"}],"wp:attachment":[{"href":"https:\/\/nmedacanada.ca\/fr\/wp-json\/wp\/v2\/media?parent=66099"}],"curies":[{"name":"wp","href":"https:\/\/api.w.org\/{rel}","templated":true}]}}