{"id":65991,"date":"2021-08-29T14:42:03","date_gmt":"2021-08-29T14:42:03","guid":{"rendered":"https:\/\/www.nmedacanada.ca\/devenir-membre\/evenements\/"},"modified":"2021-09-15T20:04:32","modified_gmt":"2021-09-15T20:04:32","slug":"evenements","status":"publish","type":"page","link":"https:\/\/nmedacanada.ca\/fr\/devenir-membre-2\/evenements\/","title":{"rendered":"\u00c9v\u00e9nements"},"content":{"rendered":"<div id='topbanner'  class='avia-section main_color avia-section-default avia-no-border-styling  avia-full-stretch avia-bg-style-scroll  avia-builder-el-0  el_before_av_section  avia-builder-el-first   av-minimum-height av-minimum-height-custom  container_wrap fullsize' style='background-repeat: no-repeat; background-image: url(https:\/\/nmedacanada.ca\/wp-content\/uploads\/2021\/09\/Toyota_2018_XL_31_High-1500x233.png);background-attachment: scroll; background-position: center center;  '  data-section-bg-repeat='stretch'><div class='container' style='height:290px'><main  role=\"main\" itemprop=\"mainContentOfPage\"  class='template-page content  av-content-full alpha units'><div class='post-entry post-entry-type-page post-entry-65991'><div class='entry-content-wrapper clearfix'>\n<\/div><\/div><\/main><!-- close content main element --><\/div><\/div><div id='abouttitle'  class='avia-section main_color avia-section-default avia-no-border-styling  avia-bg-style-scroll  avia-builder-el-1  el_after_av_section  avia-builder-el-last   container_wrap fullsize' style=' '  ><div class='container' ><div class='template-page content  av-content-full alpha units'><div class='post-entry post-entry-type-page post-entry-65991'><div class='entry-content-wrapper clearfix'>\n<section class=\"av_textblock_section \"  itemscope=\"itemscope\" itemtype=\"https:\/\/schema.org\/CreativeWork\" ><div class='avia_textblock  '   itemprop=\"text\" ><h1><span style=\"color: #03376a;\">Ne manquez pas! D\u00e9couvrez nos prochains \u00e9v\u00e9nements et formations en ligne ici:<\/span><\/h1>\n<div  class='avia-button-wrap avia-button-center  avia-builder-el-3  avia-builder-el-no-sibling ' ><a href='https:\/\/nmeda.users.membersuite.com\/events\/browse' class='avia-button  avia-color-theme-color   avia-icon_select-no avia-size-small avia-position-center ' target=\"_blank\" rel=\"noopener noreferrer\"><span class='avia_iconbox_title' >En Savoir Plus<\/span><\/a><\/div>\n<\/div><\/section>\n\n","protected":false},"excerpt":{"rendered":"","protected":false},"author":13,"featured_media":0,"parent":65981,"menu_order":0,"comment_status":"closed","ping_status":"closed","template":"","meta":{"inline_featured_image":false},"acf":[],"yoast_head":"<!-- This site is optimized with the Yoast SEO plugin v17.8 - https:\/\/yoast.com\/wordpress\/plugins\/seo\/ -->\n<title>\u00c9v\u00e9nements - NMEDA<\/title>\n<meta name=\"robots\" content=\"index, follow, max-snippet:-1, max-image-preview:large, max-video-preview:-1\" \/>\n<link rel=\"canonical\" href=\"https:\/\/nmedacanada.ca\/fr\/devenir-membre-2\/evenements\/\" \/>\n<meta property=\"og:locale\" content=\"fr_FR\" \/>\n<meta property=\"og:type\" content=\"article\" \/>\n<meta property=\"og:title\" content=\"\u00c9v\u00e9nements - NMEDA\" \/>\n<meta property=\"og:url\" content=\"https:\/\/nmedacanada.ca\/fr\/devenir-membre-2\/evenements\/\" \/>\n<meta property=\"og:site_name\" content=\"NMEDA\" \/>\n<meta property=\"article:modified_time\" content=\"2021-09-15T20:04:32+00:00\" \/>\n<meta name=\"twitter:card\" content=\"summary_large_image\" \/>\n<meta name=\"twitter:label1\" content=\"Dur\u00e9e de lecture estim\u00e9e\" \/>\n\t<meta name=\"twitter:data1\" content=\"2 minutes\" \/>\n<script type=\"application\/ld+json\" class=\"yoast-schema-graph\">{\"@context\":\"https:\/\/schema.org\",\"@graph\":[{\"@type\":\"WebSite\",\"@id\":\"https:\/\/nmedacanada.ca\/#website\",\"url\":\"https:\/\/nmedacanada.ca\/\",\"name\":\"NMEDA\",\"description\":\"\",\"potentialAction\":[{\"@type\":\"SearchAction\",\"target\":{\"@type\":\"EntryPoint\",\"urlTemplate\":\"https:\/\/nmedacanada.ca\/?s={search_term_string}\"},\"query-input\":\"required name=search_term_string\"}],\"inLanguage\":\"fr-FR\"},{\"@type\":\"WebPage\",\"@id\":\"https:\/\/nmedacanada.ca\/fr\/devenir-membre-2\/evenements\/#webpage\",\"url\":\"https:\/\/nmedacanada.ca\/fr\/devenir-membre-2\/evenements\/\",\"name\":\"\\u00c9v\\u00e9nements - NMEDA\",\"isPartOf\":{\"@id\":\"https:\/\/nmedacanada.ca\/#website\"},\"datePublished\":\"2021-08-29T14:42:03+00:00\",\"dateModified\":\"2021-09-15T20:04:32+00:00\",\"breadcrumb\":{\"@id\":\"https:\/\/nmedacanada.ca\/fr\/devenir-membre-2\/evenements\/#breadcrumb\"},\"inLanguage\":\"fr-FR\",\"potentialAction\":[{\"@type\":\"ReadAction\",\"target\":[\"https:\/\/nmedacanada.ca\/fr\/devenir-membre-2\/evenements\/\"]}]},{\"@type\":\"BreadcrumbList\",\"@id\":\"https:\/\/nmedacanada.ca\/fr\/devenir-membre-2\/evenements\/#breadcrumb\",\"itemListElement\":[{\"@type\":\"ListItem\",\"position\":1,\"name\":\"Home\",\"item\":\"https:\/\/nmedacanada.ca\/fr\/\"},{\"@type\":\"ListItem\",\"position\":2,\"name\":\"Membres\",\"item\":\"https:\/\/nmedacanada.ca\/fr\/devenir-membre-2\/\"},{\"@type\":\"ListItem\",\"position\":3,\"name\":\"\\u00c9v\\u00e9nements\"}]}]}<\/script>\n<!-- \/ Yoast SEO plugin. -->","yoast_head_json":{"title":"\u00c9v\u00e9nements - NMEDA","robots":{"index":"index","follow":"follow","max-snippet":"max-snippet:-1","max-image-preview":"max-image-preview:large","max-video-preview":"max-video-preview:-1"},"canonical":"https:\/\/nmedacanada.ca\/fr\/devenir-membre-2\/evenements\/","og_locale":"fr_FR","og_type":"article","og_title":"\u00c9v\u00e9nements - NMEDA","og_url":"https:\/\/nmedacanada.ca\/fr\/devenir-membre-2\/evenements\/","og_site_name":"NMEDA","article_modified_time":"2021-09-15T20:04:32+00:00","twitter_card":"summary_large_image","twitter_misc":{"Dur\u00e9e de lecture estim\u00e9e":"2 minutes"},"schema":{"@context":"https:\/\/schema.org","@graph":[{"@type":"WebSite","@id":"https:\/\/nmedacanada.ca\/#website","url":"https:\/\/nmedacanada.ca\/","name":"NMEDA","description":"","potentialAction":[{"@type":"SearchAction","target":{"@type":"EntryPoint","urlTemplate":"https:\/\/nmedacanada.ca\/?s={search_term_string}"},"query-input":"required name=search_term_string"}],"inLanguage":"fr-FR"},{"@type":"WebPage","@id":"https:\/\/nmedacanada.ca\/fr\/devenir-membre-2\/evenements\/#webpage","url":"https:\/\/nmedacanada.ca\/fr\/devenir-membre-2\/evenements\/","name":"\u00c9v\u00e9nements - NMEDA","isPartOf":{"@id":"https:\/\/nmedacanada.ca\/#website"},"datePublished":"2021-08-29T14:42:03+00:00","dateModified":"2021-09-15T20:04:32+00:00","breadcrumb":{"@id":"https:\/\/nmedacanada.ca\/fr\/devenir-membre-2\/evenements\/#breadcrumb"},"inLanguage":"fr-FR","potentialAction":[{"@type":"ReadAction","target":["https:\/\/nmedacanada.ca\/fr\/devenir-membre-2\/evenements\/"]}]},{"@type":"BreadcrumbList","@id":"https:\/\/nmedacanada.ca\/fr\/devenir-membre-2\/evenements\/#breadcrumb","itemListElement":[{"@type":"ListItem","position":1,"name":"Home","item":"https:\/\/nmedacanada.ca\/fr\/"},{"@type":"ListItem","position":2,"name":"Membres","item":"https:\/\/nmedacanada.ca\/fr\/devenir-membre-2\/"},{"@type":"ListItem","position":3,"name":"\u00c9v\u00e9nements"}]}]}},"_links":{"self":[{"href":"https:\/\/nmedacanada.ca\/fr\/wp-json\/wp\/v2\/pages\/65991"}],"collection":[{"href":"https:\/\/nmedacanada.ca\/fr\/wp-json\/wp\/v2\/pages"}],"about":[{"href":"https:\/\/nmedacanada.ca\/fr\/wp-json\/wp\/v2\/types\/page"}],"author":[{"embeddable":true,"href":"https:\/\/nmedacanada.ca\/fr\/wp-json\/wp\/v2\/users\/13"}],"replies":[{"embeddable":true,"href":"https:\/\/nmedacanada.ca\/fr\/wp-json\/wp\/v2\/comments?post=65991"}],"version-history":[{"count":5,"href":"https:\/\/nmedacanada.ca\/fr\/wp-json\/wp\/v2\/pages\/65991\/revisions"}],"predecessor-version":[{"id":66789,"href":"https:\/\/nmedacanada.ca\/fr\/wp-json\/wp\/v2\/pages\/65991\/revisions\/66789"}],"up":[{"embeddable":true,"href":"https:\/\/nmedacanada.ca\/fr\/wp-json\/wp\/v2\/pages\/65981"}],"wp:attachment":[{"href":"https:\/\/nmedacanada.ca\/fr\/wp-json\/wp\/v2\/media?parent=65991"}],"curies":[{"name":"wp","href":"https:\/\/api.w.org\/{rel}","templated":true}]}}