{"id":65981,"date":"2021-08-29T14:39:05","date_gmt":"2021-08-29T14:39:05","guid":{"rendered":"https:\/\/www.nmedacanada.ca\/devenir-membre\/"},"modified":"2021-11-02T18:14:00","modified_gmt":"2021-11-02T18:14:00","slug":"devenir-membre-2","status":"publish","type":"page","link":"https:\/\/nmedacanada.ca\/fr\/devenir-membre-2\/","title":{"rendered":"Membres"},"content":{"rendered":"<div id='topbanner'  class='avia-section main_color avia-section-default avia-no-border-styling  avia-full-stretch avia-bg-style-scroll  avia-builder-el-0  el_before_av_section  avia-builder-el-first   av-minimum-height av-minimum-height-custom  container_wrap fullsize' style='background-repeat: no-repeat; background-image: url(https:\/\/nmedacanada.ca\/wp-content\/uploads\/2021\/09\/Toyota_2018_XL_31_High-1500x233.png);background-attachment: scroll; background-position: center center;  '  data-section-bg-repeat='stretch'><div class='container' style='height:290px'><main  role=\"main\" itemprop=\"mainContentOfPage\"  class='template-page content  av-content-full alpha units'><div class='post-entry post-entry-type-page post-entry-65981'><div class='entry-content-wrapper clearfix'>\n<\/div><\/div><\/main><!-- close content main element --><\/div><\/div><div id='abouttitle'  class='avia-section main_color avia-section-default avia-no-border-styling  avia-bg-style-scroll  avia-builder-el-1  el_after_av_section  el_before_av_section   container_wrap fullsize' style=' '  ><div class='container' ><div class='template-page content  av-content-full alpha units'><div class='post-entry post-entry-type-page post-entry-65981'><div class='entry-content-wrapper clearfix'>\n<section class=\"av_textblock_section \"  itemscope=\"itemscope\" itemtype=\"https:\/\/schema.org\/CreativeWork\" ><div class='avia_textblock  '   itemprop=\"text\" ><h1><span style=\"color: #03376a;\">Rejoignez Le Mouvement, Devenez Membre<\/span><\/h1>\n<p>L&#8217;ANCEM Canada est une organisation \u00e0 but non lucratif et a quelque chose pour tout le monde associ\u00e9 \u00e0 l&#8217;industrie. Des fabricants d&#8217;\u00e9quipement de mobilit\u00e9 aux concessionnaires d\u00e9vou\u00e9s qui aident \u00e0 vendre des v\u00e9hicules accessibles en fauteuil roulant \u00e0 travers le Canada, aux professionnels param\u00e9dicaux passionn\u00e9s par l&#8217;aide aux personnes handicap\u00e9es, il existe plusieurs types d&#8217;adh\u00e9sion et possibilit\u00e9s d&#8217;adh\u00e9sion. Comment ferez-vous une diff\u00e9rence dans la communaut\u00e9? Il existe plusieurs fa\u00e7ons de s&#8217;impliquer, notamment en faisant du b\u00e9n\u00e9volat au sein de comit\u00e9s et en devenant membre du conseil d&#8217;administration. <a href=\"https:\/\/www.nmedacanada.ca\/devenir-membre-2\/join-nmeda\/?lang=fr\">Cliquez ici pour<\/a> explorer les quatre types de membres.<\/p>\n<\/div><\/section>\n\n<\/div><\/div><\/div><!-- close content main div --><\/div><\/div><div id='iconsections'  class='avia-section main_color avia-section-default avia-no-border-styling  avia-bg-style-scroll  avia-builder-el-3  el_after_av_section  avia-builder-el-last   container_wrap fullsize' style=' '  ><div class='container' ><div class='template-page content  av-content-full alpha units'><div class='post-entry post-entry-type-page post-entry-65981'><div class='entry-content-wrapper clearfix'>\n<div class=\"flex_column av_one_fourth  flex_column_div av-zero-column-padding first  avia-builder-el-4  el_before_av_one_fourth  avia-builder-el-first  \" style='border-radius:0px; '><p><div  class='avia-image-container  av-styling-    avia-builder-el-5  el_before_av_hr  avia-builder-el-first  avia-align-center '  itemprop=\"image\" itemscope=\"itemscope\" itemtype=\"https:\/\/schema.org\/ImageObject\"  ><div class='avia-image-container-inner'><div class='avia-image-overlay-wrap'><a href='https:\/\/nmeda.org\/industry-resources\/join-nmeda\/' class='avia_image'  ><img width=\"75\" height=\"75\" class='wp-image-63724 avia-img-lazy-loading-not-63724 avia_image' src=\"https:\/\/nmedacanada.ca\/wp-content\/uploads\/2020\/06\/qap-new.png\" alt='qap new' title='qap new'  itemprop=\"thumbnailUrl\" srcset=\"https:\/\/nmedacanada.ca\/wp-content\/uploads\/2020\/06\/qap-new.png 75w, https:\/\/nmedacanada.ca\/wp-content\/uploads\/2020\/06\/qap-new-36x36.png 36w\" sizes=\"(max-width: 75px) 100vw, 75px\" \/><\/a><\/div><\/div><\/div><br \/>\n<div  style=' margin-top:15px; margin-bottom:15px;'  class='hr hr-custom hr-center hr-icon-no   avia-builder-el-6  el_after_av_image  el_before_av_textblock '><span class='hr-inner  inner-border-av-border-thin' style=' width:100%; border-color:#03376a;' ><span class='hr-inner-style'><\/span><\/span><\/div><br \/>\n<section class=\"av_textblock_section \"  itemscope=\"itemscope\" itemtype=\"https:\/\/schema.org\/CreativeWork\" ><div class='avia_textblock  '   itemprop=\"text\" ><h3 style=\"text-align: center;\"><a href=\"https:\/\/nmeda.org\/industry-resources\/join-nmeda\/\">DEVENIR MEMBRE<\/a><\/h3>\n<p class=\"p1\"><span class=\"s1\">L&#8217;ANCEM Canada est une organisation \u00e0 but non lucratif et a quelque chose pour tout le monde associ\u00e9 \u00e0 l&#8217;industrie.<\/span><\/p>\n<\/div><\/section><\/p><\/div><div class=\"flex_column av_one_fourth  flex_column_div av-zero-column-padding   avia-builder-el-8  el_after_av_one_fourth  el_before_av_one_fourth  \" style='border-radius:0px; '><p><div  class='avia-image-container  av-styling-no-styling    avia-builder-el-9  el_before_av_hr  avia-builder-el-first  avia-align-center '  itemprop=\"image\" itemscope=\"itemscope\" itemtype=\"https:\/\/schema.org\/ImageObject\"  ><div class='avia-image-container-inner'><div class='avia-image-overlay-wrap'><a href='https:\/\/nmedacanada.ca\/fr\/devenir-membre-2\/evenements\/' class='avia_image'  ><img width=\"92\" height=\"92\" class='wp-image-65455 avia-img-lazy-loading-not-65455 avia_image' src=\"https:\/\/nmedacanada.ca\/wp-content\/uploads\/2020\/10\/icon7.png\" alt='icon7' title='icon7'  itemprop=\"thumbnailUrl\" srcset=\"https:\/\/nmedacanada.ca\/wp-content\/uploads\/2020\/10\/icon7.png 92w, https:\/\/nmedacanada.ca\/wp-content\/uploads\/2020\/10\/icon7-80x80.png 80w, https:\/\/nmedacanada.ca\/wp-content\/uploads\/2020\/10\/icon7-36x36.png 36w\" sizes=\"(max-width: 92px) 100vw, 92px\" \/><\/a><\/div><\/div><\/div><br \/>\n<div  style=' margin-top:15px; margin-bottom:15px;'  class='hr hr-custom hr-center hr-icon-no   avia-builder-el-10  el_after_av_image  el_before_av_textblock '><span class='hr-inner  inner-border-av-border-thin' style=' width:100%; border-color:#03376a;' ><span class='hr-inner-style'><\/span><\/span><\/div><br \/>\n<section class=\"av_textblock_section \"  itemscope=\"itemscope\" itemtype=\"https:\/\/schema.org\/CreativeWork\" ><div class='avia_textblock  '   itemprop=\"text\" ><h3 style=\"text-align: center;\"><a href=\"https:\/\/www.nmedacanada.ca\/fr\/devenir-membre-2\/evenements\/\"><strong>\u00c9V\u00c9NEMENTS<\/strong><\/a><\/h3>\n<p class=\"p1\"><span class=\"s1\">Ne manquez pas! D\u00e9couvrez nos prochains \u00e9v\u00e9nements et formations en ligne ici<\/span><\/p>\n<p>.<\/p>\n<\/div><\/section><\/p><\/div><div class=\"flex_column av_one_fourth  flex_column_div av-zero-column-padding   avia-builder-el-12  el_after_av_one_fourth  el_before_av_one_fourth  \" style='border-radius:0px; '><p><div  class='avia-image-container  av-styling-no-styling    avia-builder-el-13  el_before_av_hr  avia-builder-el-first  avia-align-center '  itemprop=\"image\" itemscope=\"itemscope\" itemtype=\"https:\/\/schema.org\/ImageObject\"  ><div class='avia-image-container-inner'><div class='avia-image-overlay-wrap'><a href='https:\/\/nmedacanada.ca\/fr\/devenir-membre-2\/documents-specifiques-au-canada\/' class='avia_image'  ><img width=\"99\" height=\"100\" class='wp-image-65459 avia-img-lazy-loading-not-65459 avia_image' src=\"https:\/\/nmedacanada.ca\/wp-content\/uploads\/2020\/10\/icon11.png\" alt='icon11' title='icon11'  itemprop=\"thumbnailUrl\" srcset=\"https:\/\/nmedacanada.ca\/wp-content\/uploads\/2020\/10\/icon11.png 99w, https:\/\/nmedacanada.ca\/wp-content\/uploads\/2020\/10\/icon11-80x80.png 80w, https:\/\/nmedacanada.ca\/wp-content\/uploads\/2020\/10\/icon11-36x36.png 36w\" sizes=\"(max-width: 99px) 100vw, 99px\" \/><\/a><\/div><\/div><\/div><br \/>\n<div  style=' margin-top:15px; margin-bottom:15px;'  class='hr hr-custom hr-center hr-icon-no   avia-builder-el-14  el_after_av_image  el_before_av_textblock '><span class='hr-inner  inner-border-av-border-thin' style=' width:100%; border-color:#03376a;' ><span class='hr-inner-style'><\/span><\/span><\/div><br \/>\n<section class=\"av_textblock_section \"  itemscope=\"itemscope\" itemtype=\"https:\/\/schema.org\/CreativeWork\" ><div class='avia_textblock  '   itemprop=\"text\" ><h3 style=\"text-align: center;\"><a href=\"https:\/\/www.nmedacanada.ca\/fr\/devenir-membre-2\/documents-specifiques-au-canada\/\">DOCUMENTS SP\u00c9CIFIQUES AU CANADA<\/a><\/h3>\n<p>Documents Sp\u00e9cifiques au Canada.<\/p>\n<\/div><\/section><\/p><\/div><div class=\"flex_column av_one_fourth  flex_column_div av-zero-column-padding   avia-builder-el-16  el_after_av_one_fourth  avia-builder-el-last  \" style='border-radius:0px; '><p><div  class='avia-image-container  av-styling-no-styling    avia-builder-el-17  el_before_av_hr  avia-builder-el-first  avia-align-center '  itemprop=\"image\" itemscope=\"itemscope\" itemtype=\"https:\/\/schema.org\/ImageObject\"  ><div class='avia-image-container-inner'><div class='avia-image-overlay-wrap'><a href='https:\/\/nmeda.org\/industry-resources\/circuit-breaker-magazine\/' class='avia_image' target=\"_blank\" rel=\"noopener noreferrer\"><img width=\"77\" height=\"98\" class='wp-image-65460 avia-img-lazy-loading-not-65460 avia_image' src=\"https:\/\/nmedacanada.ca\/wp-content\/uploads\/2020\/10\/icon12.png\" alt='icon12' title='icon12'  itemprop=\"thumbnailUrl\"  \/><\/a><\/div><\/div><\/div><br \/>\n<div  style=' margin-top:15px; margin-bottom:15px;'  class='hr hr-custom hr-center hr-icon-no   avia-builder-el-18  el_after_av_image  el_before_av_textblock '><span class='hr-inner  inner-border-av-border-thin' style=' width:100%; border-color:#03376a;' ><span class='hr-inner-style'><\/span><\/span><\/div><br \/>\n<section class=\"av_textblock_section \"  itemscope=\"itemscope\" itemtype=\"https:\/\/schema.org\/CreativeWork\" ><div class='avia_textblock  '   itemprop=\"text\" ><h3 style=\"text-align: center;\"><a href=\"https:\/\/nmeda.org\/industry-resources\/circuit-breaker-magazine\/\" target=\"_blank\" rel=\"noopener\"><strong>LE MAGAZINE CIRCUIT BREAKER<\/strong><\/a><\/h3>\n<p class=\"p1\" style=\"text-align: center;\"><span class=\"s1\">Restez \u00c0 Jour sur les Derniers \u00c9v\u00e9nements.<\/span><\/p>\n<\/div><\/section><\/p><\/div>\n","protected":false},"excerpt":{"rendered":"","protected":false},"author":13,"featured_media":0,"parent":0,"menu_order":0,"comment_status":"closed","ping_status":"closed","template":"","meta":{"inline_featured_image":false},"acf":[],"yoast_head":"<!-- This site is optimized with the Yoast SEO plugin v17.8 - https:\/\/yoast.com\/wordpress\/plugins\/seo\/ -->\n<title>Membres - NMEDA<\/title>\n<meta name=\"robots\" content=\"index, follow, max-snippet:-1, max-image-preview:large, max-video-preview:-1\" \/>\n<link rel=\"canonical\" href=\"https:\/\/nmedacanada.ca\/fr\/devenir-membre-2\/\" \/>\n<meta property=\"og:locale\" content=\"fr_FR\" \/>\n<meta property=\"og:type\" content=\"article\" \/>\n<meta property=\"og:title\" content=\"Membres - NMEDA\" \/>\n<meta property=\"og:url\" content=\"https:\/\/nmedacanada.ca\/fr\/devenir-membre-2\/\" \/>\n<meta property=\"og:site_name\" content=\"NMEDA\" \/>\n<meta property=\"article:modified_time\" content=\"2021-11-02T18:14:00+00:00\" \/>\n<meta name=\"twitter:card\" content=\"summary_large_image\" \/>\n<meta name=\"twitter:label1\" content=\"Dur\u00e9e de lecture estim\u00e9e\" \/>\n\t<meta name=\"twitter:data1\" content=\"1 minute\" \/>\n<script type=\"application\/ld+json\" class=\"yoast-schema-graph\">{\"@context\":\"https:\/\/schema.org\",\"@graph\":[{\"@type\":\"WebSite\",\"@id\":\"https:\/\/nmedacanada.ca\/#website\",\"url\":\"https:\/\/nmedacanada.ca\/\",\"name\":\"NMEDA\",\"description\":\"\",\"potentialAction\":[{\"@type\":\"SearchAction\",\"target\":{\"@type\":\"EntryPoint\",\"urlTemplate\":\"https:\/\/nmedacanada.ca\/?s={search_term_string}\"},\"query-input\":\"required name=search_term_string\"}],\"inLanguage\":\"fr-FR\"},{\"@type\":\"WebPage\",\"@id\":\"https:\/\/nmedacanada.ca\/fr\/devenir-membre-2\/#webpage\",\"url\":\"https:\/\/nmedacanada.ca\/fr\/devenir-membre-2\/\",\"name\":\"Membres - NMEDA\",\"isPartOf\":{\"@id\":\"https:\/\/nmedacanada.ca\/#website\"},\"datePublished\":\"2021-08-29T14:39:05+00:00\",\"dateModified\":\"2021-11-02T18:14:00+00:00\",\"breadcrumb\":{\"@id\":\"https:\/\/nmedacanada.ca\/fr\/devenir-membre-2\/#breadcrumb\"},\"inLanguage\":\"fr-FR\",\"potentialAction\":[{\"@type\":\"ReadAction\",\"target\":[\"https:\/\/nmedacanada.ca\/fr\/devenir-membre-2\/\"]}]},{\"@type\":\"BreadcrumbList\",\"@id\":\"https:\/\/nmedacanada.ca\/fr\/devenir-membre-2\/#breadcrumb\",\"itemListElement\":[{\"@type\":\"ListItem\",\"position\":1,\"name\":\"Home\",\"item\":\"https:\/\/nmedacanada.ca\/fr\/\"},{\"@type\":\"ListItem\",\"position\":2,\"name\":\"Membres\"}]}]}<\/script>\n<!-- \/ Yoast SEO plugin. -->","yoast_head_json":{"title":"Membres - NMEDA","robots":{"index":"index","follow":"follow","max-snippet":"max-snippet:-1","max-image-preview":"max-image-preview:large","max-video-preview":"max-video-preview:-1"},"canonical":"https:\/\/nmedacanada.ca\/fr\/devenir-membre-2\/","og_locale":"fr_FR","og_type":"article","og_title":"Membres - NMEDA","og_url":"https:\/\/nmedacanada.ca\/fr\/devenir-membre-2\/","og_site_name":"NMEDA","article_modified_time":"2021-11-02T18:14:00+00:00","twitter_card":"summary_large_image","twitter_misc":{"Dur\u00e9e de lecture estim\u00e9e":"1 minute"},"schema":{"@context":"https:\/\/schema.org","@graph":[{"@type":"WebSite","@id":"https:\/\/nmedacanada.ca\/#website","url":"https:\/\/nmedacanada.ca\/","name":"NMEDA","description":"","potentialAction":[{"@type":"SearchAction","target":{"@type":"EntryPoint","urlTemplate":"https:\/\/nmedacanada.ca\/?s={search_term_string}"},"query-input":"required name=search_term_string"}],"inLanguage":"fr-FR"},{"@type":"WebPage","@id":"https:\/\/nmedacanada.ca\/fr\/devenir-membre-2\/#webpage","url":"https:\/\/nmedacanada.ca\/fr\/devenir-membre-2\/","name":"Membres - NMEDA","isPartOf":{"@id":"https:\/\/nmedacanada.ca\/#website"},"datePublished":"2021-08-29T14:39:05+00:00","dateModified":"2021-11-02T18:14:00+00:00","breadcrumb":{"@id":"https:\/\/nmedacanada.ca\/fr\/devenir-membre-2\/#breadcrumb"},"inLanguage":"fr-FR","potentialAction":[{"@type":"ReadAction","target":["https:\/\/nmedacanada.ca\/fr\/devenir-membre-2\/"]}]},{"@type":"BreadcrumbList","@id":"https:\/\/nmedacanada.ca\/fr\/devenir-membre-2\/#breadcrumb","itemListElement":[{"@type":"ListItem","position":1,"name":"Home","item":"https:\/\/nmedacanada.ca\/fr\/"},{"@type":"ListItem","position":2,"name":"Membres"}]}]}},"_links":{"self":[{"href":"https:\/\/nmedacanada.ca\/fr\/wp-json\/wp\/v2\/pages\/65981"}],"collection":[{"href":"https:\/\/nmedacanada.ca\/fr\/wp-json\/wp\/v2\/pages"}],"about":[{"href":"https:\/\/nmedacanada.ca\/fr\/wp-json\/wp\/v2\/types\/page"}],"author":[{"embeddable":true,"href":"https:\/\/nmedacanada.ca\/fr\/wp-json\/wp\/v2\/users\/13"}],"replies":[{"embeddable":true,"href":"https:\/\/nmedacanada.ca\/fr\/wp-json\/wp\/v2\/comments?post=65981"}],"version-history":[{"count":12,"href":"https:\/\/nmedacanada.ca\/fr\/wp-json\/wp\/v2\/pages\/65981\/revisions"}],"predecessor-version":[{"id":67764,"href":"https:\/\/nmedacanada.ca\/fr\/wp-json\/wp\/v2\/pages\/65981\/revisions\/67764"}],"wp:attachment":[{"href":"https:\/\/nmedacanada.ca\/fr\/wp-json\/wp\/v2\/media?parent=65981"}],"curies":[{"name":"wp","href":"https:\/\/api.w.org\/{rel}","templated":true}]}}