{"id":65976,"date":"2021-08-29T14:37:02","date_gmt":"2021-08-29T14:37:02","guid":{"rendered":"https:\/\/www.nmedacanada.ca\/ressources-des-partenaires\/le-magazine-circuit-breaker\/"},"modified":"2021-09-15T06:06:59","modified_gmt":"2021-09-15T06:06:59","slug":"le-magazine-circuit-breaker","status":"publish","type":"page","link":"https:\/\/nmedacanada.ca\/fr\/ressources-des-partenaires\/le-magazine-circuit-breaker\/","title":{"rendered":"Le magazine circuit breaker"},"content":{"rendered":"<div id='topbanner'  class='avia-section main_color avia-section-default avia-no-border-styling  avia-full-stretch avia-bg-style-scroll  avia-builder-el-0  el_before_av_section  avia-builder-el-first   av-minimum-height av-minimum-height-custom  container_wrap fullsize' style='background-repeat: no-repeat; background-image: url(https:\/\/nmedacanada.ca\/wp-content\/uploads\/2020\/11\/Industry-Header2-02-02-1500x430.png);background-attachment: scroll; background-position: center center;  '  data-section-bg-repeat='stretch'><div class='container' style='height:290px'><main  role=\"main\" itemprop=\"mainContentOfPage\"  class='template-page content  av-content-full alpha units'><div class='post-entry post-entry-type-page post-entry-65976'><div class='entry-content-wrapper clearfix'>\n<\/div><\/div><\/main><!-- close content main element --><\/div><\/div><div id='abouttitle'  class='avia-section main_color avia-section-default avia-no-border-styling  avia-bg-style-scroll  avia-builder-el-1  el_after_av_section  el_before_av_section   container_wrap fullsize' style=' '  ><div class='container' ><div class='template-page content  av-content-full alpha units'><div class='post-entry post-entry-type-page post-entry-65976'><div class='entry-content-wrapper clearfix'>\n<section class=\"av_textblock_section \"  itemscope=\"itemscope\" itemtype=\"https:\/\/schema.org\/CreativeWork\" ><div class='avia_textblock  '   itemprop=\"text\" ><h1><span style=\"color: #03376a;\">Restez \u00c0 Jour sur les Derniers \u00c9v\u00e9nements<\/span><\/h1>\n<p>Abonnez-vous au magazine Circuit Breaker et recevez notre publication trimestrielle qui vous tient au courant de l&#8217;industrie de la mobilit\u00e9 automobile, ainsi que des membres de l&#8217;ANCEM Canada. Recevez votre magazine par la poste ou choisissez de passer au num\u00e9rique et pr\u00e9parez-vous \u00e0 recevoir des informations sur les tendances de l&#8217;industrie, les projecteurs des consommateurs, les initiatives d&#8217;associations, les \u00e9quipements et plus encore!<\/p>\n<\/div><\/section>\n<\/p>\n<\/div><\/div><\/div><!-- close content main div --><\/div><\/div><div id='joinblocks'  class='avia-section main_color avia-section-default avia-no-border-styling  avia-bg-style-scroll  avia-builder-el-3  el_after_av_section  avia-builder-el-last   container_wrap fullsize' style=' '  ><div class='container' ><div class='template-page content  av-content-full alpha units'><div class='post-entry post-entry-type-page post-entry-65976'><div class='entry-content-wrapper clearfix'>\n<div class=\"flex_column av_one_third  flex_column_div av-zero-column-padding first  avia-builder-el-4  el_before_av_one_third  avia-builder-el-first  \" style='border-radius:0px; '><section class=\"av_textblock_section \"  itemscope=\"itemscope\" itemtype=\"https:\/\/schema.org\/CreativeWork\" ><div class='avia_textblock  '   itemprop=\"text\" ><p style=\"text-align: center;\"><strong><b>Voir Le Magazine Num\u00e9rique<\/b><\/strong><\/p>\n<\/div><\/section><br \/>\n<div  class='avia-image-container  av-styling-    avia-builder-el-6  el_after_av_textblock  avia-builder-el-last  avia-align-center '  itemprop=\"image\" itemscope=\"itemscope\" itemtype=\"https:\/\/schema.org\/ImageObject\"  ><div class='avia-image-container-inner'><div class='avia-image-overlay-wrap'><a href='https:\/\/www.issuu.com\/nmedaorg' class='avia_image' target=\"_blank\" rel=\"noopener noreferrer\"><img width=\"203\" height=\"245\" class='wp-image-63942 avia-img-lazy-loading-not-63942 avia_image' src=\"https:\/\/nmedacanada.ca\/wp-content\/uploads\/2020\/08\/Picture9.png\" alt='Picture9' title='Picture9'  itemprop=\"thumbnailUrl\"  \/><\/a><\/div><\/div><\/div><\/p><\/div><div class=\"flex_column av_one_third  flex_column_div av-zero-column-padding   avia-builder-el-7  el_after_av_one_third  el_before_av_one_third  \" style='border-radius:0px; '><section class=\"av_textblock_section \"  itemscope=\"itemscope\" itemtype=\"https:\/\/schema.org\/CreativeWork\" ><div class='avia_textblock  '   itemprop=\"text\" ><p style=\"text-align: center;\"><strong><b>Imprimer Abonnement<\/b><\/strong><\/p>\n<\/div><\/section><br \/>\n<div  class='avia-image-container  av-styling-    avia-builder-el-9  el_after_av_textblock  el_before_av_textblock  avia-align-center '  itemprop=\"image\" itemscope=\"itemscope\" itemtype=\"https:\/\/schema.org\/ImageObject\"  ><div class='avia-image-container-inner'><div class='avia-image-overlay-wrap'><a href='mailto:info@nmedacanada.ca?Subject=Circuit%20Breaker%20Subscription&amp;Body=I%20am%20interested%20in%20a%20magazine%20subscription%21' class='avia_image'  ><img width=\"300\" height=\"224\" class='wp-image-63943 avia-img-lazy-loading-not-63943 avia_image' src=\"https:\/\/nmedacanada.ca\/wp-content\/uploads\/2020\/08\/Picture10-300x224.png\" alt='Picture10' title='Picture10'  itemprop=\"thumbnailUrl\" srcset=\"https:\/\/nmedacanada.ca\/wp-content\/uploads\/2020\/08\/Picture10-300x224.png 300w, https:\/\/nmedacanada.ca\/wp-content\/uploads\/2020\/08\/Picture10-500x373.png 500w, https:\/\/nmedacanada.ca\/wp-content\/uploads\/2020\/08\/Picture10-394x294.png 394w, https:\/\/nmedacanada.ca\/wp-content\/uploads\/2020\/08\/Picture10.png 512w\" sizes=\"(max-width: 300px) 100vw, 300px\" \/><\/a><\/div><\/div><\/div><br \/>\n<section class=\"av_textblock_section \"  itemscope=\"itemscope\" itemtype=\"https:\/\/schema.org\/CreativeWork\" ><div class='avia_textblock  '   itemprop=\"text\" ><p style=\"text-align: center;\"><strong><b>Abonnement Un An: $16.50<\/b><\/strong><\/p>\n<\/div><\/section><\/p><\/div><div class=\"flex_column av_one_third  flex_column_div av-zero-column-padding   avia-builder-el-11  el_after_av_one_third  avia-builder-el-last  \" style='border-radius:0px; '><section class=\"av_textblock_section \"  itemscope=\"itemscope\" itemtype=\"https:\/\/schema.org\/CreativeWork\" ><div class='avia_textblock  '   itemprop=\"text\" ><p style=\"text-align: center;\"><strong><b>Opportunit\u00e9s Publicitaires<\/b><\/strong><\/p>\n<div id=\"gtx-trans\" style=\"position: absolute; left: 240px; top: -12.4062px;\">\n<div class=\"gtx-trans-icon\"><\/div>\n<\/div>\n<\/div><\/section><br \/>\n<div  class='avia-image-container  av-styling-    avia-builder-el-13  el_after_av_textblock  avia-builder-el-last  avia-align-center '  itemprop=\"image\" itemscope=\"itemscope\" itemtype=\"https:\/\/schema.org\/ImageObject\"  ><div class='avia-image-container-inner'><div class='avia-image-overlay-wrap'><a href='https:\/\/www.nmedacanada.ca\/about\/investment-opportunities\/cb-advertising\/' class='avia_image'  ><img width=\"244\" height=\"300\" class='wp-image-63944 avia-img-lazy-loading-not-63944 avia_image' src=\"https:\/\/nmedacanada.ca\/wp-content\/uploads\/2020\/08\/Picture11-244x300.png\" alt='Picture11' title='Picture11'  itemprop=\"thumbnailUrl\" srcset=\"https:\/\/nmedacanada.ca\/wp-content\/uploads\/2020\/08\/Picture11-244x300.png 244w, https:\/\/nmedacanada.ca\/wp-content\/uploads\/2020\/08\/Picture11-839x1030.png 839w, https:\/\/nmedacanada.ca\/wp-content\/uploads\/2020\/08\/Picture11-768x942.png 768w, https:\/\/nmedacanada.ca\/wp-content\/uploads\/2020\/08\/Picture11-367x450.png 367w, https:\/\/nmedacanada.ca\/wp-content\/uploads\/2020\/08\/Picture11-260x319.png 260w, https:\/\/nmedacanada.ca\/wp-content\/uploads\/2020\/08\/Picture11-575x705.png 575w, https:\/\/nmedacanada.ca\/wp-content\/uploads\/2020\/08\/Picture11.png 929w\" sizes=\"(max-width: 244px) 100vw, 244px\" \/><\/a><\/div><\/div><\/div><\/p><\/div>\n\n","protected":false},"excerpt":{"rendered":"","protected":false},"author":13,"featured_media":0,"parent":65955,"menu_order":0,"comment_status":"closed","ping_status":"closed","template":"","meta":{"inline_featured_image":false},"acf":[],"yoast_head":"<!-- This site is optimized with the Yoast SEO plugin v17.8 - https:\/\/yoast.com\/wordpress\/plugins\/seo\/ -->\n<title>Le magazine circuit breaker - NMEDA<\/title>\n<meta name=\"robots\" content=\"index, follow, max-snippet:-1, max-image-preview:large, max-video-preview:-1\" \/>\n<link rel=\"canonical\" href=\"https:\/\/nmedacanada.ca\/fr\/ressources-des-partenaires\/le-magazine-circuit-breaker\/\" \/>\n<meta property=\"og:locale\" content=\"fr_FR\" \/>\n<meta property=\"og:type\" content=\"article\" \/>\n<meta property=\"og:title\" content=\"Le magazine circuit breaker - NMEDA\" \/>\n<meta property=\"og:url\" content=\"https:\/\/nmedacanada.ca\/fr\/ressources-des-partenaires\/le-magazine-circuit-breaker\/\" \/>\n<meta property=\"og:site_name\" content=\"NMEDA\" \/>\n<meta property=\"article:modified_time\" content=\"2021-09-15T06:06:59+00:00\" \/>\n<meta name=\"twitter:card\" content=\"summary_large_image\" \/>\n<meta name=\"twitter:label1\" content=\"Dur\u00e9e de lecture estim\u00e9e\" \/>\n\t<meta name=\"twitter:data1\" content=\"6 minutes\" \/>\n<script type=\"application\/ld+json\" class=\"yoast-schema-graph\">{\"@context\":\"https:\/\/schema.org\",\"@graph\":[{\"@type\":\"WebSite\",\"@id\":\"https:\/\/nmedacanada.ca\/#website\",\"url\":\"https:\/\/nmedacanada.ca\/\",\"name\":\"NMEDA\",\"description\":\"\",\"potentialAction\":[{\"@type\":\"SearchAction\",\"target\":{\"@type\":\"EntryPoint\",\"urlTemplate\":\"https:\/\/nmedacanada.ca\/?s={search_term_string}\"},\"query-input\":\"required name=search_term_string\"}],\"inLanguage\":\"fr-FR\"},{\"@type\":\"WebPage\",\"@id\":\"https:\/\/nmedacanada.ca\/fr\/ressources-des-partenaires\/le-magazine-circuit-breaker\/#webpage\",\"url\":\"https:\/\/nmedacanada.ca\/fr\/ressources-des-partenaires\/le-magazine-circuit-breaker\/\",\"name\":\"Le magazine circuit breaker - NMEDA\",\"isPartOf\":{\"@id\":\"https:\/\/nmedacanada.ca\/#website\"},\"datePublished\":\"2021-08-29T14:37:02+00:00\",\"dateModified\":\"2021-09-15T06:06:59+00:00\",\"breadcrumb\":{\"@id\":\"https:\/\/nmedacanada.ca\/fr\/ressources-des-partenaires\/le-magazine-circuit-breaker\/#breadcrumb\"},\"inLanguage\":\"fr-FR\",\"potentialAction\":[{\"@type\":\"ReadAction\",\"target\":[\"https:\/\/nmedacanada.ca\/fr\/ressources-des-partenaires\/le-magazine-circuit-breaker\/\"]}]},{\"@type\":\"BreadcrumbList\",\"@id\":\"https:\/\/nmedacanada.ca\/fr\/ressources-des-partenaires\/le-magazine-circuit-breaker\/#breadcrumb\",\"itemListElement\":[{\"@type\":\"ListItem\",\"position\":1,\"name\":\"Home\",\"item\":\"https:\/\/nmedacanada.ca\/fr\/\"},{\"@type\":\"ListItem\",\"position\":2,\"name\":\"Ressources des partenaires\",\"item\":\"https:\/\/nmedacanada.ca\/fr\/ressources-des-partenaires\/\"},{\"@type\":\"ListItem\",\"position\":3,\"name\":\"Le magazine circuit breaker\"}]}]}<\/script>\n<!-- \/ Yoast SEO plugin. -->","yoast_head_json":{"title":"Le magazine circuit breaker - NMEDA","robots":{"index":"index","follow":"follow","max-snippet":"max-snippet:-1","max-image-preview":"max-image-preview:large","max-video-preview":"max-video-preview:-1"},"canonical":"https:\/\/nmedacanada.ca\/fr\/ressources-des-partenaires\/le-magazine-circuit-breaker\/","og_locale":"fr_FR","og_type":"article","og_title":"Le magazine circuit breaker - NMEDA","og_url":"https:\/\/nmedacanada.ca\/fr\/ressources-des-partenaires\/le-magazine-circuit-breaker\/","og_site_name":"NMEDA","article_modified_time":"2021-09-15T06:06:59+00:00","twitter_card":"summary_large_image","twitter_misc":{"Dur\u00e9e de lecture estim\u00e9e":"6 minutes"},"schema":{"@context":"https:\/\/schema.org","@graph":[{"@type":"WebSite","@id":"https:\/\/nmedacanada.ca\/#website","url":"https:\/\/nmedacanada.ca\/","name":"NMEDA","description":"","potentialAction":[{"@type":"SearchAction","target":{"@type":"EntryPoint","urlTemplate":"https:\/\/nmedacanada.ca\/?s={search_term_string}"},"query-input":"required name=search_term_string"}],"inLanguage":"fr-FR"},{"@type":"WebPage","@id":"https:\/\/nmedacanada.ca\/fr\/ressources-des-partenaires\/le-magazine-circuit-breaker\/#webpage","url":"https:\/\/nmedacanada.ca\/fr\/ressources-des-partenaires\/le-magazine-circuit-breaker\/","name":"Le magazine circuit breaker - NMEDA","isPartOf":{"@id":"https:\/\/nmedacanada.ca\/#website"},"datePublished":"2021-08-29T14:37:02+00:00","dateModified":"2021-09-15T06:06:59+00:00","breadcrumb":{"@id":"https:\/\/nmedacanada.ca\/fr\/ressources-des-partenaires\/le-magazine-circuit-breaker\/#breadcrumb"},"inLanguage":"fr-FR","potentialAction":[{"@type":"ReadAction","target":["https:\/\/nmedacanada.ca\/fr\/ressources-des-partenaires\/le-magazine-circuit-breaker\/"]}]},{"@type":"BreadcrumbList","@id":"https:\/\/nmedacanada.ca\/fr\/ressources-des-partenaires\/le-magazine-circuit-breaker\/#breadcrumb","itemListElement":[{"@type":"ListItem","position":1,"name":"Home","item":"https:\/\/nmedacanada.ca\/fr\/"},{"@type":"ListItem","position":2,"name":"Ressources des partenaires","item":"https:\/\/nmedacanada.ca\/fr\/ressources-des-partenaires\/"},{"@type":"ListItem","position":3,"name":"Le magazine circuit breaker"}]}]}},"_links":{"self":[{"href":"https:\/\/nmedacanada.ca\/fr\/wp-json\/wp\/v2\/pages\/65976"}],"collection":[{"href":"https:\/\/nmedacanada.ca\/fr\/wp-json\/wp\/v2\/pages"}],"about":[{"href":"https:\/\/nmedacanada.ca\/fr\/wp-json\/wp\/v2\/types\/page"}],"author":[{"embeddable":true,"href":"https:\/\/nmedacanada.ca\/fr\/wp-json\/wp\/v2\/users\/13"}],"replies":[{"embeddable":true,"href":"https:\/\/nmedacanada.ca\/fr\/wp-json\/wp\/v2\/comments?post=65976"}],"version-history":[{"count":4,"href":"https:\/\/nmedacanada.ca\/fr\/wp-json\/wp\/v2\/pages\/65976\/revisions"}],"predecessor-version":[{"id":66428,"href":"https:\/\/nmedacanada.ca\/fr\/wp-json\/wp\/v2\/pages\/65976\/revisions\/66428"}],"up":[{"embeddable":true,"href":"https:\/\/nmedacanada.ca\/fr\/wp-json\/wp\/v2\/pages\/65955"}],"wp:attachment":[{"href":"https:\/\/nmedacanada.ca\/fr\/wp-json\/wp\/v2\/media?parent=65976"}],"curies":[{"name":"wp","href":"https:\/\/api.w.org\/{rel}","templated":true}]}}