{"id":65971,"date":"2021-08-29T14:33:06","date_gmt":"2021-08-29T14:33:06","guid":{"rendered":"https:\/\/www.nmedacanada.ca\/ressources-des-partenaires\/localisateur-de-concessionnaire\/"},"modified":"2021-09-16T02:11:57","modified_gmt":"2021-09-16T02:11:57","slug":"localisateur-de-concessionnaire","status":"publish","type":"page","link":"https:\/\/nmedacanada.ca\/fr\/ressources-des-partenaires\/localisateur-de-concessionnaire\/","title":{"rendered":"Localisateur de concessionnaire"},"content":{"rendered":"<div id='topbanner'  class='avia-section main_color avia-section-default avia-no-border-styling  avia-full-stretch avia-bg-style-scroll  avia-builder-el-0  el_before_av_section  avia-builder-el-first   av-minimum-height av-minimum-height-custom  container_wrap fullsize' style='background-repeat: no-repeat; background-image: url(https:\/\/nmedacanada.ca\/wp-content\/uploads\/2021\/09\/Honda_Infloor_Family_2019_010_High-e1631757067152-1500x232.png);background-attachment: scroll; background-position: center center;  '  data-section-bg-repeat='stretch'><div class='container' style='height:290px'><main  role=\"main\" itemprop=\"mainContentOfPage\"  class='template-page content  av-content-full alpha units'><div class='post-entry post-entry-type-page post-entry-65971'><div class='entry-content-wrapper clearfix'>\n<\/div><\/div><\/main><!-- close content main element --><\/div><\/div><div id='abouttitle'  class='avia-section main_color avia-section-default avia-no-border-styling  avia-bg-style-scroll  avia-builder-el-1  el_after_av_section  el_before_av_section   container_wrap fullsize' style=' '  ><div class='container' ><div class='template-page content  av-content-full alpha units'><div class='post-entry post-entry-type-page post-entry-65971'><div class='entry-content-wrapper clearfix'>\n<section class=\"av_textblock_section \"  itemscope=\"itemscope\" itemtype=\"https:\/\/schema.org\/CreativeWork\" ><div class='avia_textblock  '   itemprop=\"text\" ><h1><span style=\"color: #03376a;\">Trouver Un Concessionnaire Local Accr\u00e9dit\u00e9 PAQ<\/span><\/h1>\n<p>Visitez l&#8217;un de nos nombreux endroits pour trouver des \u00e9l\u00e9vateurs pour fauteuils roulants, des v\u00e9hicules accessibles en fauteuil roulant et des \u00e9quipements de mobilit\u00e9 automobile adapt\u00e9s \u00e0 vos besoins. Parlez \u00e0 un concessionnaire PAQ de l&#8217;ANCEM Canada et laissez-le vous guider vers des solutions personnalis\u00e9es pour r\u00e9pondre \u00e0 vos besoins.<\/p>\n<\/div><\/section>\n\n<\/div><\/div><\/div><!-- close content main div --><\/div><\/div><div id='newssection'  class='avia-section main_color avia-section-default avia-no-border-styling  avia-bg-style-scroll  avia-builder-el-3  el_after_av_section  avia-builder-el-last  custom-style-section-form custom-another-green-from-section  container_wrap fullsize' style='background-color: #ffffff;  '  ><div class='container' ><div class='template-page content  av-content-full alpha units'><div class='post-entry post-entry-type-page post-entry-65971'><div class='entry-content-wrapper clearfix'>\n<section class=\"av_textblock_section \"  itemscope=\"itemscope\" itemtype=\"https:\/\/schema.org\/CreativeWork\" ><div class='avia_textblock  av_inherit_color '  style='font-size:16px; color:#282828; '  itemprop=\"text\" ><h3 style=\"text-align: center;\">LOCATE A DEALER<\/h3>\n<\/div><\/section>\n\n\n","protected":false},"excerpt":{"rendered":"","protected":false},"author":13,"featured_media":0,"parent":65955,"menu_order":0,"comment_status":"closed","ping_status":"closed","template":"","meta":{"inline_featured_image":false},"acf":[],"yoast_head":"<!-- This site is optimized with the Yoast SEO plugin v17.8 - https:\/\/yoast.com\/wordpress\/plugins\/seo\/ -->\n<title>Wheelchair Accessible Vehicles | Adaptive Vans &amp; Cars For Sale | NMEDA<\/title>\n<meta name=\"description\" content=\"Utilize the NMEDA mobility dealer locater to find new and used wheelchair accessible vehicles, handicap van conversions and disability cars.\" \/>\n<meta name=\"robots\" content=\"index, follow, max-snippet:-1, max-image-preview:large, max-video-preview:-1\" \/>\n<link rel=\"canonical\" href=\"https:\/\/nmedacanada.ca\/fr\/ressources-des-partenaires\/localisateur-de-concessionnaire\/\" \/>\n<meta property=\"og:locale\" content=\"fr_FR\" \/>\n<meta property=\"og:type\" content=\"article\" \/>\n<meta property=\"og:title\" content=\"Localisateur de concessionnaire\" \/>\n<meta property=\"og:description\" content=\"Utilize the NMEDA mobility dealer locater to find new and used wheelchair accessible vehicles, handicap van conversions and disability cars.\" \/>\n<meta property=\"og:url\" content=\"https:\/\/nmedacanada.ca\/fr\/ressources-des-partenaires\/localisateur-de-concessionnaire\/\" \/>\n<meta property=\"og:site_name\" content=\"NMEDA\" \/>\n<meta property=\"article:modified_time\" content=\"2021-09-16T02:11:57+00:00\" \/>\n<meta property=\"og:image\" content=\"https:\/\/www.nmedacanada.ca\/wp-content\/uploads\/2015\/02\/qap-logo.png\" \/>\n<meta name=\"twitter:card\" content=\"summary_large_image\" \/>\n<meta name=\"twitter:title\" content=\"Localisateur de concessionnaire\" \/>\n<meta name=\"twitter:description\" content=\"Utilize the NMEDA mobility dealer locater to find new and used wheelchair accessible vehicles, handicap van conversions and disability cars.\" \/>\n<meta name=\"twitter:image\" content=\"https:\/\/www.nmedacanada.ca\/wp-content\/uploads\/2015\/02\/qap-logo.png\" \/>\n<meta name=\"twitter:label1\" content=\"Dur\u00e9e de lecture estim\u00e9e\" \/>\n\t<meta name=\"twitter:data1\" content=\"3 minutes\" \/>\n<script type=\"application\/ld+json\" class=\"yoast-schema-graph\">{\"@context\":\"https:\/\/schema.org\",\"@graph\":[{\"@type\":\"WebSite\",\"@id\":\"https:\/\/nmedacanada.ca\/#website\",\"url\":\"https:\/\/nmedacanada.ca\/\",\"name\":\"NMEDA\",\"description\":\"\",\"potentialAction\":[{\"@type\":\"SearchAction\",\"target\":{\"@type\":\"EntryPoint\",\"urlTemplate\":\"https:\/\/nmedacanada.ca\/?s={search_term_string}\"},\"query-input\":\"required name=search_term_string\"}],\"inLanguage\":\"fr-FR\"},{\"@type\":\"ImageObject\",\"@id\":\"https:\/\/nmedacanada.ca\/fr\/ressources-des-partenaires\/localisateur-de-concessionnaire\/#primaryimage\",\"inLanguage\":\"fr-FR\",\"url\":\"\",\"contentUrl\":\"\"},{\"@type\":\"WebPage\",\"@id\":\"https:\/\/nmedacanada.ca\/fr\/ressources-des-partenaires\/localisateur-de-concessionnaire\/#webpage\",\"url\":\"https:\/\/nmedacanada.ca\/fr\/ressources-des-partenaires\/localisateur-de-concessionnaire\/\",\"name\":\"Wheelchair Accessible Vehicles | Adaptive Vans & Cars For Sale | NMEDA\",\"isPartOf\":{\"@id\":\"https:\/\/nmedacanada.ca\/#website\"},\"datePublished\":\"2021-08-29T14:33:06+00:00\",\"dateModified\":\"2021-09-16T02:11:57+00:00\",\"description\":\"Utilize the NMEDA mobility dealer locater to find new and used wheelchair accessible vehicles, handicap van conversions and disability cars.\",\"breadcrumb\":{\"@id\":\"https:\/\/nmedacanada.ca\/fr\/ressources-des-partenaires\/localisateur-de-concessionnaire\/#breadcrumb\"},\"inLanguage\":\"fr-FR\",\"potentialAction\":[{\"@type\":\"ReadAction\",\"target\":[\"https:\/\/nmedacanada.ca\/fr\/ressources-des-partenaires\/localisateur-de-concessionnaire\/\"]}]},{\"@type\":\"BreadcrumbList\",\"@id\":\"https:\/\/nmedacanada.ca\/fr\/ressources-des-partenaires\/localisateur-de-concessionnaire\/#breadcrumb\",\"itemListElement\":[{\"@type\":\"ListItem\",\"position\":1,\"name\":\"Home\",\"item\":\"https:\/\/nmedacanada.ca\/fr\/\"},{\"@type\":\"ListItem\",\"position\":2,\"name\":\"Ressources des partenaires\",\"item\":\"https:\/\/nmedacanada.ca\/fr\/ressources-des-partenaires\/\"},{\"@type\":\"ListItem\",\"position\":3,\"name\":\"Localisateur de concessionnaire\"}]}]}<\/script>\n<!-- \/ Yoast SEO plugin. -->","yoast_head_json":{"title":"Wheelchair Accessible Vehicles | Adaptive Vans & Cars For Sale | NMEDA","description":"Utilize the NMEDA mobility dealer locater to find new and used wheelchair accessible vehicles, handicap van conversions and disability cars.","robots":{"index":"index","follow":"follow","max-snippet":"max-snippet:-1","max-image-preview":"max-image-preview:large","max-video-preview":"max-video-preview:-1"},"canonical":"https:\/\/nmedacanada.ca\/fr\/ressources-des-partenaires\/localisateur-de-concessionnaire\/","og_locale":"fr_FR","og_type":"article","og_title":"Localisateur de concessionnaire","og_description":"Utilize the NMEDA mobility dealer locater to find new and used wheelchair accessible vehicles, handicap van conversions and disability cars.","og_url":"https:\/\/nmedacanada.ca\/fr\/ressources-des-partenaires\/localisateur-de-concessionnaire\/","og_site_name":"NMEDA","article_modified_time":"2021-09-16T02:11:57+00:00","og_image":[{"url":"https:\/\/www.nmedacanada.ca\/wp-content\/uploads\/2015\/02\/qap-logo.png"}],"twitter_card":"summary_large_image","twitter_title":"Localisateur de concessionnaire","twitter_description":"Utilize the NMEDA mobility dealer locater to find new and used wheelchair accessible vehicles, handicap van conversions and disability cars.","twitter_image":"https:\/\/www.nmedacanada.ca\/wp-content\/uploads\/2015\/02\/qap-logo.png","twitter_misc":{"Dur\u00e9e de lecture estim\u00e9e":"3 minutes"},"schema":{"@context":"https:\/\/schema.org","@graph":[{"@type":"WebSite","@id":"https:\/\/nmedacanada.ca\/#website","url":"https:\/\/nmedacanada.ca\/","name":"NMEDA","description":"","potentialAction":[{"@type":"SearchAction","target":{"@type":"EntryPoint","urlTemplate":"https:\/\/nmedacanada.ca\/?s={search_term_string}"},"query-input":"required name=search_term_string"}],"inLanguage":"fr-FR"},{"@type":"ImageObject","@id":"https:\/\/nmedacanada.ca\/fr\/ressources-des-partenaires\/localisateur-de-concessionnaire\/#primaryimage","inLanguage":"fr-FR","url":"","contentUrl":""},{"@type":"WebPage","@id":"https:\/\/nmedacanada.ca\/fr\/ressources-des-partenaires\/localisateur-de-concessionnaire\/#webpage","url":"https:\/\/nmedacanada.ca\/fr\/ressources-des-partenaires\/localisateur-de-concessionnaire\/","name":"Wheelchair Accessible Vehicles | Adaptive Vans & Cars For Sale | NMEDA","isPartOf":{"@id":"https:\/\/nmedacanada.ca\/#website"},"datePublished":"2021-08-29T14:33:06+00:00","dateModified":"2021-09-16T02:11:57+00:00","description":"Utilize the NMEDA mobility dealer locater to find new and used wheelchair accessible vehicles, handicap van conversions and disability cars.","breadcrumb":{"@id":"https:\/\/nmedacanada.ca\/fr\/ressources-des-partenaires\/localisateur-de-concessionnaire\/#breadcrumb"},"inLanguage":"fr-FR","potentialAction":[{"@type":"ReadAction","target":["https:\/\/nmedacanada.ca\/fr\/ressources-des-partenaires\/localisateur-de-concessionnaire\/"]}]},{"@type":"BreadcrumbList","@id":"https:\/\/nmedacanada.ca\/fr\/ressources-des-partenaires\/localisateur-de-concessionnaire\/#breadcrumb","itemListElement":[{"@type":"ListItem","position":1,"name":"Home","item":"https:\/\/nmedacanada.ca\/fr\/"},{"@type":"ListItem","position":2,"name":"Ressources des partenaires","item":"https:\/\/nmedacanada.ca\/fr\/ressources-des-partenaires\/"},{"@type":"ListItem","position":3,"name":"Localisateur de concessionnaire"}]}]}},"_links":{"self":[{"href":"https:\/\/nmedacanada.ca\/fr\/wp-json\/wp\/v2\/pages\/65971"}],"collection":[{"href":"https:\/\/nmedacanada.ca\/fr\/wp-json\/wp\/v2\/pages"}],"about":[{"href":"https:\/\/nmedacanada.ca\/fr\/wp-json\/wp\/v2\/types\/page"}],"author":[{"embeddable":true,"href":"https:\/\/nmedacanada.ca\/fr\/wp-json\/wp\/v2\/users\/13"}],"replies":[{"embeddable":true,"href":"https:\/\/nmedacanada.ca\/fr\/wp-json\/wp\/v2\/comments?post=65971"}],"version-history":[{"count":5,"href":"https:\/\/nmedacanada.ca\/fr\/wp-json\/wp\/v2\/pages\/65971\/revisions"}],"predecessor-version":[{"id":66794,"href":"https:\/\/nmedacanada.ca\/fr\/wp-json\/wp\/v2\/pages\/65971\/revisions\/66794"}],"up":[{"embeddable":true,"href":"https:\/\/nmedacanada.ca\/fr\/wp-json\/wp\/v2\/pages\/65955"}],"wp:attachment":[{"href":"https:\/\/nmedacanada.ca\/fr\/wp-json\/wp\/v2\/media?parent=65971"}],"curies":[{"name":"wp","href":"https:\/\/api.w.org\/{rel}","templated":true}]}}