{"id":65933,"date":"2021-08-29T11:39:34","date_gmt":"2021-08-29T11:39:34","guid":{"rendered":"https:\/\/www.nmedacanada.ca\/ressources-gouvernementales\/securite-du-transport-en-fauteuil-roulant-wc-19\/"},"modified":"2021-09-16T03:23:00","modified_gmt":"2021-09-16T03:23:00","slug":"securite-du-transport-en-fauteuil-roulant-wc-19","status":"publish","type":"page","link":"https:\/\/nmedacanada.ca\/fr\/ressources-gouvernementales\/securite-du-transport-en-fauteuil-roulant-wc-19\/","title":{"rendered":"S\u00e9curit\u00e9 du transport en fauteuil roulant WC-19"},"content":{"rendered":"<div id='topbanner'  class='avia-section main_color avia-section-default avia-no-border-styling  avia-full-stretch avia-bg-style-scroll  avia-builder-el-0  el_before_av_section  avia-builder-el-first   av-minimum-height av-minimum-height-custom  container_wrap fullsize' style='background-repeat: no-repeat; background-image: url(https:\/\/nmedacanada.ca\/wp-content\/uploads\/2021\/09\/Dodge_XT_2018_Lifestyle_03_High-1500x233.png);background-attachment: scroll; background-position: center center;  '  data-section-bg-repeat='stretch'><div class='container' style='height:290px'><main  role=\"main\" itemprop=\"mainContentOfPage\"  class='template-page content  av-content-full alpha units'><div class='post-entry post-entry-type-page post-entry-65933'><div class='entry-content-wrapper clearfix'>\n<\/div><\/div><\/main><!-- close content main element --><\/div><\/div><div id='dealer-page'  class='avia-section main_color avia-section-default avia-no-border-styling  avia-bg-style-scroll  avia-builder-el-1  el_after_av_section  avia-builder-el-last   container_wrap fullsize' style=' '  ><div class='container' ><div class='template-page content  av-content-full alpha units'><div class='post-entry post-entry-type-page post-entry-65933'><div class='entry-content-wrapper clearfix'>\n<section class=\"av_textblock_section \"  itemscope=\"itemscope\" itemtype=\"https:\/\/schema.org\/CreativeWork\" ><div class='avia_textblock  '   itemprop=\"text\" ><h1><span style=\"color: #03376a;\">Fauteuils Roulants Pour Utilisation Comme Si\u00e8ges Dans Les V\u00e9hicules \u00c0 Moteur<\/span><\/h1>\n<h4>Comprendre La Norme WC-19<\/h4>\n<p>WC-19 est une norme industrielle volontaire qui \u00e9tablit des exigences minimales de conception et de performance pour les fauteuils roulants occup\u00e9s par des utilisateurs voyageant dans des v\u00e9hicules \u00e0 moteur. Un fauteuil roulant qui est conforme \u00e0 toutes les exigences de cette norme est consid\u00e9r\u00e9 comme fournissant une mesure raisonnable d&#8217;assise s\u00fbre et efficace pendant l&#8217;entr\u00e9e\/la sortie du v\u00e9hicule, pendant le transport normal des personnes handicap\u00e9es et pendant une collision de v\u00e9hicules. Assurez-vous de faire vos devoirs quand vous choisissez un fauteuil roulant.<\/p>\n<\/div><\/section>\n\n","protected":false},"excerpt":{"rendered":"","protected":false},"author":5,"featured_media":0,"parent":65912,"menu_order":0,"comment_status":"closed","ping_status":"closed","template":"","meta":{"inline_featured_image":false},"acf":[],"yoast_head":"<!-- This site is optimized with the Yoast SEO plugin v17.8 - https:\/\/yoast.com\/wordpress\/plugins\/seo\/ -->\n<title>S\u00e9curit\u00e9 du transport en fauteuil roulant WC-19 - NMEDA<\/title>\n<meta name=\"robots\" content=\"index, follow, max-snippet:-1, max-image-preview:large, max-video-preview:-1\" \/>\n<link rel=\"canonical\" href=\"https:\/\/nmedacanada.ca\/fr\/ressources-gouvernementales\/securite-du-transport-en-fauteuil-roulant-wc-19\/\" \/>\n<meta property=\"og:locale\" content=\"fr_FR\" \/>\n<meta property=\"og:type\" content=\"article\" \/>\n<meta property=\"og:title\" content=\"S\u00e9curit\u00e9 du transport en fauteuil roulant WC-19 - NMEDA\" \/>\n<meta property=\"og:url\" content=\"https:\/\/nmedacanada.ca\/fr\/ressources-gouvernementales\/securite-du-transport-en-fauteuil-roulant-wc-19\/\" \/>\n<meta property=\"og:site_name\" content=\"NMEDA\" \/>\n<meta property=\"article:modified_time\" content=\"2021-09-16T03:23:00+00:00\" \/>\n<meta name=\"twitter:card\" content=\"summary_large_image\" \/>\n<meta name=\"twitter:label1\" content=\"Dur\u00e9e de lecture estim\u00e9e\" \/>\n\t<meta name=\"twitter:data1\" content=\"2 minutes\" \/>\n<script type=\"application\/ld+json\" class=\"yoast-schema-graph\">{\"@context\":\"https:\/\/schema.org\",\"@graph\":[{\"@type\":\"WebSite\",\"@id\":\"https:\/\/nmedacanada.ca\/#website\",\"url\":\"https:\/\/nmedacanada.ca\/\",\"name\":\"NMEDA\",\"description\":\"\",\"potentialAction\":[{\"@type\":\"SearchAction\",\"target\":{\"@type\":\"EntryPoint\",\"urlTemplate\":\"https:\/\/nmedacanada.ca\/?s={search_term_string}\"},\"query-input\":\"required name=search_term_string\"}],\"inLanguage\":\"fr-FR\"},{\"@type\":\"WebPage\",\"@id\":\"https:\/\/nmedacanada.ca\/fr\/ressources-gouvernementales\/securite-du-transport-en-fauteuil-roulant-wc-19\/#webpage\",\"url\":\"https:\/\/nmedacanada.ca\/fr\/ressources-gouvernementales\/securite-du-transport-en-fauteuil-roulant-wc-19\/\",\"name\":\"S\\u00e9curit\\u00e9 du transport en fauteuil roulant WC-19 - NMEDA\",\"isPartOf\":{\"@id\":\"https:\/\/nmedacanada.ca\/#website\"},\"datePublished\":\"2021-08-29T11:39:34+00:00\",\"dateModified\":\"2021-09-16T03:23:00+00:00\",\"breadcrumb\":{\"@id\":\"https:\/\/nmedacanada.ca\/fr\/ressources-gouvernementales\/securite-du-transport-en-fauteuil-roulant-wc-19\/#breadcrumb\"},\"inLanguage\":\"fr-FR\",\"potentialAction\":[{\"@type\":\"ReadAction\",\"target\":[\"https:\/\/nmedacanada.ca\/fr\/ressources-gouvernementales\/securite-du-transport-en-fauteuil-roulant-wc-19\/\"]}]},{\"@type\":\"BreadcrumbList\",\"@id\":\"https:\/\/nmedacanada.ca\/fr\/ressources-gouvernementales\/securite-du-transport-en-fauteuil-roulant-wc-19\/#breadcrumb\",\"itemListElement\":[{\"@type\":\"ListItem\",\"position\":1,\"name\":\"Home\",\"item\":\"https:\/\/nmedacanada.ca\/fr\/\"},{\"@type\":\"ListItem\",\"position\":2,\"name\":\"Ressources gouvernementales\",\"item\":\"https:\/\/nmedacanada.ca\/fr\/ressources-gouvernementales\/\"},{\"@type\":\"ListItem\",\"position\":3,\"name\":\"S\\u00e9curit\\u00e9 du transport en fauteuil roulant WC-19\"}]}]}<\/script>\n<!-- \/ Yoast SEO plugin. -->","yoast_head_json":{"title":"S\u00e9curit\u00e9 du transport en fauteuil roulant WC-19 - NMEDA","robots":{"index":"index","follow":"follow","max-snippet":"max-snippet:-1","max-image-preview":"max-image-preview:large","max-video-preview":"max-video-preview:-1"},"canonical":"https:\/\/nmedacanada.ca\/fr\/ressources-gouvernementales\/securite-du-transport-en-fauteuil-roulant-wc-19\/","og_locale":"fr_FR","og_type":"article","og_title":"S\u00e9curit\u00e9 du transport en fauteuil roulant WC-19 - NMEDA","og_url":"https:\/\/nmedacanada.ca\/fr\/ressources-gouvernementales\/securite-du-transport-en-fauteuil-roulant-wc-19\/","og_site_name":"NMEDA","article_modified_time":"2021-09-16T03:23:00+00:00","twitter_card":"summary_large_image","twitter_misc":{"Dur\u00e9e de lecture estim\u00e9e":"2 minutes"},"schema":{"@context":"https:\/\/schema.org","@graph":[{"@type":"WebSite","@id":"https:\/\/nmedacanada.ca\/#website","url":"https:\/\/nmedacanada.ca\/","name":"NMEDA","description":"","potentialAction":[{"@type":"SearchAction","target":{"@type":"EntryPoint","urlTemplate":"https:\/\/nmedacanada.ca\/?s={search_term_string}"},"query-input":"required name=search_term_string"}],"inLanguage":"fr-FR"},{"@type":"WebPage","@id":"https:\/\/nmedacanada.ca\/fr\/ressources-gouvernementales\/securite-du-transport-en-fauteuil-roulant-wc-19\/#webpage","url":"https:\/\/nmedacanada.ca\/fr\/ressources-gouvernementales\/securite-du-transport-en-fauteuil-roulant-wc-19\/","name":"S\u00e9curit\u00e9 du transport en fauteuil roulant WC-19 - NMEDA","isPartOf":{"@id":"https:\/\/nmedacanada.ca\/#website"},"datePublished":"2021-08-29T11:39:34+00:00","dateModified":"2021-09-16T03:23:00+00:00","breadcrumb":{"@id":"https:\/\/nmedacanada.ca\/fr\/ressources-gouvernementales\/securite-du-transport-en-fauteuil-roulant-wc-19\/#breadcrumb"},"inLanguage":"fr-FR","potentialAction":[{"@type":"ReadAction","target":["https:\/\/nmedacanada.ca\/fr\/ressources-gouvernementales\/securite-du-transport-en-fauteuil-roulant-wc-19\/"]}]},{"@type":"BreadcrumbList","@id":"https:\/\/nmedacanada.ca\/fr\/ressources-gouvernementales\/securite-du-transport-en-fauteuil-roulant-wc-19\/#breadcrumb","itemListElement":[{"@type":"ListItem","position":1,"name":"Home","item":"https:\/\/nmedacanada.ca\/fr\/"},{"@type":"ListItem","position":2,"name":"Ressources gouvernementales","item":"https:\/\/nmedacanada.ca\/fr\/ressources-gouvernementales\/"},{"@type":"ListItem","position":3,"name":"S\u00e9curit\u00e9 du transport en fauteuil roulant WC-19"}]}]}},"_links":{"self":[{"href":"https:\/\/nmedacanada.ca\/fr\/wp-json\/wp\/v2\/pages\/65933"}],"collection":[{"href":"https:\/\/nmedacanada.ca\/fr\/wp-json\/wp\/v2\/pages"}],"about":[{"href":"https:\/\/nmedacanada.ca\/fr\/wp-json\/wp\/v2\/types\/page"}],"author":[{"embeddable":true,"href":"https:\/\/nmedacanada.ca\/fr\/wp-json\/wp\/v2\/users\/5"}],"replies":[{"embeddable":true,"href":"https:\/\/nmedacanada.ca\/fr\/wp-json\/wp\/v2\/comments?post=65933"}],"version-history":[{"count":5,"href":"https:\/\/nmedacanada.ca\/fr\/wp-json\/wp\/v2\/pages\/65933\/revisions"}],"predecessor-version":[{"id":66811,"href":"https:\/\/nmedacanada.ca\/fr\/wp-json\/wp\/v2\/pages\/65933\/revisions\/66811"}],"up":[{"embeddable":true,"href":"https:\/\/nmedacanada.ca\/fr\/wp-json\/wp\/v2\/pages\/65912"}],"wp:attachment":[{"href":"https:\/\/nmedacanada.ca\/fr\/wp-json\/wp\/v2\/media?parent=65933"}],"curies":[{"name":"wp","href":"https:\/\/api.w.org\/{rel}","templated":true}]}}