{"id":65929,"date":"2021-08-22T09:39:32","date_gmt":"2021-08-22T09:39:32","guid":{"rendered":"https:\/\/www.nmedacanada.ca\/ressources-gouvernementales\/entente-gouvernementale-du-quebec\/"},"modified":"2021-10-28T19:14:42","modified_gmt":"2021-10-28T19:14:42","slug":"entente-gouvernementale-du-quebec","status":"publish","type":"page","link":"https:\/\/nmedacanada.ca\/fr\/ressources-gouvernementales\/entente-gouvernementale-du-quebec\/","title":{"rendered":"Entente Gouvernementale du Qu\u00e9bec"},"content":{"rendered":"<div id='topbanner'  class='avia-section main_color avia-section-default avia-no-border-styling  avia-full-stretch avia-bg-style-scroll  avia-builder-el-0  el_before_av_section  avia-builder-el-first   av-minimum-height av-minimum-height-custom  container_wrap fullsize' style='background-repeat: no-repeat; background-image: url(https:\/\/nmedacanada.ca\/wp-content\/uploads\/2021\/09\/Dodge_XT_2018_Lifestyle_03_High-1500x233.png);background-attachment: scroll; background-position: center center;  '  data-section-bg-repeat='stretch'><div class='container' style='height:290px'><main  role=\"main\" itemprop=\"mainContentOfPage\"  class='template-page content  av-content-full alpha units'><div class='post-entry post-entry-type-page post-entry-65929'><div class='entry-content-wrapper clearfix'>\n<\/div><\/div><\/main><!-- close content main element --><\/div><\/div><div id='abouttitle'  class='avia-section main_color avia-section-default avia-no-border-styling  avia-bg-style-scroll  avia-builder-el-1  el_after_av_section  avia-builder-el-last   container_wrap fullsize' style=' '  ><div class='container' ><div class='template-page content  av-content-full alpha units'><div class='post-entry post-entry-type-page post-entry-65929'><div class='entry-content-wrapper clearfix'>\n<section class=\"av_textblock_section \"  itemscope=\"itemscope\" itemtype=\"https:\/\/schema.org\/CreativeWork\" ><div class='avia_textblock  '   itemprop=\"text\" ><h3>La province de Qu\u00e9bec exige une accr\u00e9ditation PAQ pour toute entreprise qui modifie des v\u00e9hicules sur son territoire.<\/h3>\n<\/div><\/section>\n<section class=\"av_textblock_section \"  itemscope=\"itemscope\" itemtype=\"https:\/\/schema.org\/CreativeWork\" ><div class='avia_textblock  '   itemprop=\"text\" ><p><strong>Pour les consommateurs qui ach\u00e8tent des v\u00e9hicules adapt\u00e9s dans la province de Qu\u00e9bec, veuillez noter les informations ci-dessous de la SAAQ :<\/strong><\/p>\n<p><strong>Votre fournisseur doit \u00eatre accr\u00e9dit\u00e9 par l\u2019Association nationale des concessionnaires d\u2019\u00e9quipements de mobilit\u00e9 du Canada (ANCEM-CANADA)<\/strong>. Il doit avoir une copie des recommandations de l\u2019ergoth\u00e9rapeute pour faire sa soumission. Lorsque le fournisseur vous transmettra sa soumission, demandez-lui de l\u2019acheminer aussi \u00e0 notre service. (t\u00e9l\u00e9copieur : 418-643-3346 ).<\/p>\n<p><strong>Attention : <\/strong><\/p>\n<ul>\n<li>Une (1) soumission si moins de 2 000 $<\/li>\n<li>Deux (2) soumissions si plus de 2 000 $<\/li>\n<\/ul>\n<\/div><\/section>\n\n","protected":false},"excerpt":{"rendered":"","protected":false},"author":13,"featured_media":0,"parent":65912,"menu_order":0,"comment_status":"closed","ping_status":"closed","template":"","meta":{"inline_featured_image":false},"acf":[],"yoast_head":"<!-- This site is optimized with the Yoast SEO plugin v17.8 - https:\/\/yoast.com\/wordpress\/plugins\/seo\/ -->\n<title>Entente Gouvernementale du Qu\u00e9bec - NMEDA<\/title>\n<meta name=\"robots\" content=\"index, follow, max-snippet:-1, max-image-preview:large, max-video-preview:-1\" \/>\n<link rel=\"canonical\" href=\"https:\/\/nmedacanada.ca\/fr\/ressources-gouvernementales\/entente-gouvernementale-du-quebec\/\" \/>\n<meta property=\"og:locale\" content=\"fr_FR\" \/>\n<meta property=\"og:type\" content=\"article\" \/>\n<meta property=\"og:title\" content=\"Entente Gouvernementale du Qu\u00e9bec - NMEDA\" \/>\n<meta property=\"og:url\" content=\"https:\/\/nmedacanada.ca\/fr\/ressources-gouvernementales\/entente-gouvernementale-du-quebec\/\" \/>\n<meta property=\"og:site_name\" content=\"NMEDA\" \/>\n<meta property=\"article:modified_time\" content=\"2021-10-28T19:14:42+00:00\" \/>\n<meta name=\"twitter:card\" content=\"summary_large_image\" \/>\n<meta name=\"twitter:label1\" content=\"Dur\u00e9e de lecture estim\u00e9e\" \/>\n\t<meta name=\"twitter:data1\" content=\"2 minutes\" \/>\n<script type=\"application\/ld+json\" class=\"yoast-schema-graph\">{\"@context\":\"https:\/\/schema.org\",\"@graph\":[{\"@type\":\"WebSite\",\"@id\":\"https:\/\/nmedacanada.ca\/#website\",\"url\":\"https:\/\/nmedacanada.ca\/\",\"name\":\"NMEDA\",\"description\":\"\",\"potentialAction\":[{\"@type\":\"SearchAction\",\"target\":{\"@type\":\"EntryPoint\",\"urlTemplate\":\"https:\/\/nmedacanada.ca\/?s={search_term_string}\"},\"query-input\":\"required name=search_term_string\"}],\"inLanguage\":\"fr-FR\"},{\"@type\":\"WebPage\",\"@id\":\"https:\/\/nmedacanada.ca\/fr\/ressources-gouvernementales\/entente-gouvernementale-du-quebec\/#webpage\",\"url\":\"https:\/\/nmedacanada.ca\/fr\/ressources-gouvernementales\/entente-gouvernementale-du-quebec\/\",\"name\":\"Entente Gouvernementale du Qu\\u00e9bec - NMEDA\",\"isPartOf\":{\"@id\":\"https:\/\/nmedacanada.ca\/#website\"},\"datePublished\":\"2021-08-22T09:39:32+00:00\",\"dateModified\":\"2021-10-28T19:14:42+00:00\",\"breadcrumb\":{\"@id\":\"https:\/\/nmedacanada.ca\/fr\/ressources-gouvernementales\/entente-gouvernementale-du-quebec\/#breadcrumb\"},\"inLanguage\":\"fr-FR\",\"potentialAction\":[{\"@type\":\"ReadAction\",\"target\":[\"https:\/\/nmedacanada.ca\/fr\/ressources-gouvernementales\/entente-gouvernementale-du-quebec\/\"]}]},{\"@type\":\"BreadcrumbList\",\"@id\":\"https:\/\/nmedacanada.ca\/fr\/ressources-gouvernementales\/entente-gouvernementale-du-quebec\/#breadcrumb\",\"itemListElement\":[{\"@type\":\"ListItem\",\"position\":1,\"name\":\"Home\",\"item\":\"https:\/\/nmedacanada.ca\/fr\/\"},{\"@type\":\"ListItem\",\"position\":2,\"name\":\"Ressources gouvernementales\",\"item\":\"https:\/\/nmedacanada.ca\/fr\/ressources-gouvernementales\/\"},{\"@type\":\"ListItem\",\"position\":3,\"name\":\"Entente Gouvernementale du Qu\\u00e9bec\"}]}]}<\/script>\n<!-- \/ Yoast SEO plugin. -->","yoast_head_json":{"title":"Entente Gouvernementale du Qu\u00e9bec - NMEDA","robots":{"index":"index","follow":"follow","max-snippet":"max-snippet:-1","max-image-preview":"max-image-preview:large","max-video-preview":"max-video-preview:-1"},"canonical":"https:\/\/nmedacanada.ca\/fr\/ressources-gouvernementales\/entente-gouvernementale-du-quebec\/","og_locale":"fr_FR","og_type":"article","og_title":"Entente Gouvernementale du Qu\u00e9bec - NMEDA","og_url":"https:\/\/nmedacanada.ca\/fr\/ressources-gouvernementales\/entente-gouvernementale-du-quebec\/","og_site_name":"NMEDA","article_modified_time":"2021-10-28T19:14:42+00:00","twitter_card":"summary_large_image","twitter_misc":{"Dur\u00e9e de lecture estim\u00e9e":"2 minutes"},"schema":{"@context":"https:\/\/schema.org","@graph":[{"@type":"WebSite","@id":"https:\/\/nmedacanada.ca\/#website","url":"https:\/\/nmedacanada.ca\/","name":"NMEDA","description":"","potentialAction":[{"@type":"SearchAction","target":{"@type":"EntryPoint","urlTemplate":"https:\/\/nmedacanada.ca\/?s={search_term_string}"},"query-input":"required name=search_term_string"}],"inLanguage":"fr-FR"},{"@type":"WebPage","@id":"https:\/\/nmedacanada.ca\/fr\/ressources-gouvernementales\/entente-gouvernementale-du-quebec\/#webpage","url":"https:\/\/nmedacanada.ca\/fr\/ressources-gouvernementales\/entente-gouvernementale-du-quebec\/","name":"Entente Gouvernementale du Qu\u00e9bec - NMEDA","isPartOf":{"@id":"https:\/\/nmedacanada.ca\/#website"},"datePublished":"2021-08-22T09:39:32+00:00","dateModified":"2021-10-28T19:14:42+00:00","breadcrumb":{"@id":"https:\/\/nmedacanada.ca\/fr\/ressources-gouvernementales\/entente-gouvernementale-du-quebec\/#breadcrumb"},"inLanguage":"fr-FR","potentialAction":[{"@type":"ReadAction","target":["https:\/\/nmedacanada.ca\/fr\/ressources-gouvernementales\/entente-gouvernementale-du-quebec\/"]}]},{"@type":"BreadcrumbList","@id":"https:\/\/nmedacanada.ca\/fr\/ressources-gouvernementales\/entente-gouvernementale-du-quebec\/#breadcrumb","itemListElement":[{"@type":"ListItem","position":1,"name":"Home","item":"https:\/\/nmedacanada.ca\/fr\/"},{"@type":"ListItem","position":2,"name":"Ressources gouvernementales","item":"https:\/\/nmedacanada.ca\/fr\/ressources-gouvernementales\/"},{"@type":"ListItem","position":3,"name":"Entente Gouvernementale du Qu\u00e9bec"}]}]}},"_links":{"self":[{"href":"https:\/\/nmedacanada.ca\/fr\/wp-json\/wp\/v2\/pages\/65929"}],"collection":[{"href":"https:\/\/nmedacanada.ca\/fr\/wp-json\/wp\/v2\/pages"}],"about":[{"href":"https:\/\/nmedacanada.ca\/fr\/wp-json\/wp\/v2\/types\/page"}],"author":[{"embeddable":true,"href":"https:\/\/nmedacanada.ca\/fr\/wp-json\/wp\/v2\/users\/13"}],"replies":[{"embeddable":true,"href":"https:\/\/nmedacanada.ca\/fr\/wp-json\/wp\/v2\/comments?post=65929"}],"version-history":[{"count":5,"href":"https:\/\/nmedacanada.ca\/fr\/wp-json\/wp\/v2\/pages\/65929\/revisions"}],"predecessor-version":[{"id":67337,"href":"https:\/\/nmedacanada.ca\/fr\/wp-json\/wp\/v2\/pages\/65929\/revisions\/67337"}],"up":[{"embeddable":true,"href":"https:\/\/nmedacanada.ca\/fr\/wp-json\/wp\/v2\/pages\/65912"}],"wp:attachment":[{"href":"https:\/\/nmedacanada.ca\/fr\/wp-json\/wp\/v2\/media?parent=65929"}],"curies":[{"name":"wp","href":"https:\/\/api.w.org\/{rel}","templated":true}]}}