{"id":65924,"date":"2021-08-29T11:29:44","date_gmt":"2021-08-29T11:29:44","guid":{"rendered":"https:\/\/www.nmedacanada.ca\/ressources-gouvernementales\/normes-de-securite-et-directives\/"},"modified":"2021-11-23T13:43:24","modified_gmt":"2021-11-23T13:43:24","slug":"normes-de-securite-et-directives","status":"publish","type":"page","link":"https:\/\/nmedacanada.ca\/fr\/ressources-gouvernementales\/normes-de-securite-et-directives\/","title":{"rendered":"Normes de s\u00e9curit\u00e9 et directives"},"content":{"rendered":"<div id='topbanner'  class='avia-section main_color avia-section-default avia-no-border-styling  avia-full-stretch avia-bg-style-scroll  avia-builder-el-0  el_before_av_section  avia-builder-el-first   av-minimum-height av-minimum-height-custom  container_wrap fullsize' style='background-repeat: no-repeat; background-image: url(https:\/\/nmedacanada.ca\/wp-content\/uploads\/2021\/09\/Dodge_XT_2018_Lifestyle_03_High-1500x233.png);background-attachment: scroll; background-position: center center;  '  data-section-bg-repeat='stretch'><div class='container' style='height:290px'><main  role=\"main\" itemprop=\"mainContentOfPage\"  class='template-page content  av-content-full alpha units'><div class='post-entry post-entry-type-page post-entry-65924'><div class='entry-content-wrapper clearfix'>\n<\/div><\/div><\/main><!-- close content main element --><\/div><\/div><div id='abouttitle'  class='avia-section main_color avia-section-no-padding avia-no-border-styling  avia-bg-style-scroll  avia-builder-el-1  el_after_av_section  avia-builder-el-last   container_wrap fullsize' style=' '  ><div class='container' ><div class='template-page content  av-content-full alpha units'><div class='post-entry post-entry-type-page post-entry-65924'><div class='entry-content-wrapper clearfix'>\n<div  style='height:50px' class='hr hr-invisible   avia-builder-el-2  el_before_av_textblock  avia-builder-el-first '><span class='hr-inner ' ><span class='hr-inner-style'><\/span><\/span><\/div>\n<section class=\"av_textblock_section \"  itemscope=\"itemscope\" itemtype=\"https:\/\/schema.org\/CreativeWork\" ><div class='avia_textblock  '   itemprop=\"text\" ><h1><span style=\"color: #03376a;\">Normes de s\u00e9curit\u00e9 et directives<\/span><\/h1>\n<p>Les concessionnaires d&#8217;\u00e9quipement de mobilit\u00e9 doivent se conformer aux normes de s\u00e9curit\u00e9 et aux directives mandat\u00e9es par le Gouvernement Canadien, tout comme les autres fabricants de v\u00e9hicules. Nos Lignes Directrices PAQ respectent ou d\u00e9passent ces r\u00e9glementations.<\/p>\n<p>Plus d&#8217;informations \u00e0 venir! En attendant, veuillez consulter <a href=\"https:\/\/tc.canada.ca\/fr\" target=\"_blank\" rel=\"noopener\">Transports Canada<\/a> pour les derni\u00e8res normes de s\u00e9curit\u00e9 des transports.<\/p>\n<\/div><\/section>\n\n","protected":false},"excerpt":{"rendered":"","protected":false},"author":13,"featured_media":0,"parent":65912,"menu_order":0,"comment_status":"closed","ping_status":"closed","template":"","meta":{"inline_featured_image":false},"acf":[],"yoast_head":"<!-- This site is optimized with the Yoast SEO plugin v17.8 - https:\/\/yoast.com\/wordpress\/plugins\/seo\/ -->\n<title>Normes de s\u00e9curit\u00e9 et directives - NMEDA<\/title>\n<meta name=\"robots\" content=\"index, follow, max-snippet:-1, max-image-preview:large, max-video-preview:-1\" \/>\n<link rel=\"canonical\" href=\"https:\/\/nmedacanada.ca\/fr\/ressources-gouvernementales\/normes-de-securite-et-directives\/\" \/>\n<meta property=\"og:locale\" content=\"fr_FR\" \/>\n<meta property=\"og:type\" content=\"article\" \/>\n<meta property=\"og:title\" content=\"Normes de s\u00e9curit\u00e9 et directives - NMEDA\" \/>\n<meta property=\"og:url\" content=\"https:\/\/nmedacanada.ca\/fr\/ressources-gouvernementales\/normes-de-securite-et-directives\/\" \/>\n<meta property=\"og:site_name\" content=\"NMEDA\" \/>\n<meta property=\"article:modified_time\" content=\"2021-11-23T13:43:24+00:00\" \/>\n<meta name=\"twitter:card\" content=\"summary_large_image\" \/>\n<meta name=\"twitter:label1\" content=\"Dur\u00e9e de lecture estim\u00e9e\" \/>\n\t<meta name=\"twitter:data1\" content=\"2 minutes\" \/>\n<script type=\"application\/ld+json\" class=\"yoast-schema-graph\">{\"@context\":\"https:\/\/schema.org\",\"@graph\":[{\"@type\":\"WebSite\",\"@id\":\"https:\/\/nmedacanada.ca\/#website\",\"url\":\"https:\/\/nmedacanada.ca\/\",\"name\":\"NMEDA\",\"description\":\"\",\"potentialAction\":[{\"@type\":\"SearchAction\",\"target\":{\"@type\":\"EntryPoint\",\"urlTemplate\":\"https:\/\/nmedacanada.ca\/?s={search_term_string}\"},\"query-input\":\"required name=search_term_string\"}],\"inLanguage\":\"fr-FR\"},{\"@type\":\"WebPage\",\"@id\":\"https:\/\/nmedacanada.ca\/fr\/ressources-gouvernementales\/normes-de-securite-et-directives\/#webpage\",\"url\":\"https:\/\/nmedacanada.ca\/fr\/ressources-gouvernementales\/normes-de-securite-et-directives\/\",\"name\":\"Normes de s\\u00e9curit\\u00e9 et directives - NMEDA\",\"isPartOf\":{\"@id\":\"https:\/\/nmedacanada.ca\/#website\"},\"datePublished\":\"2021-08-29T11:29:44+00:00\",\"dateModified\":\"2021-11-23T13:43:24+00:00\",\"breadcrumb\":{\"@id\":\"https:\/\/nmedacanada.ca\/fr\/ressources-gouvernementales\/normes-de-securite-et-directives\/#breadcrumb\"},\"inLanguage\":\"fr-FR\",\"potentialAction\":[{\"@type\":\"ReadAction\",\"target\":[\"https:\/\/nmedacanada.ca\/fr\/ressources-gouvernementales\/normes-de-securite-et-directives\/\"]}]},{\"@type\":\"BreadcrumbList\",\"@id\":\"https:\/\/nmedacanada.ca\/fr\/ressources-gouvernementales\/normes-de-securite-et-directives\/#breadcrumb\",\"itemListElement\":[{\"@type\":\"ListItem\",\"position\":1,\"name\":\"Home\",\"item\":\"https:\/\/nmedacanada.ca\/fr\/\"},{\"@type\":\"ListItem\",\"position\":2,\"name\":\"Ressources gouvernementales\",\"item\":\"https:\/\/nmedacanada.ca\/fr\/ressources-gouvernementales\/\"},{\"@type\":\"ListItem\",\"position\":3,\"name\":\"Normes de s\\u00e9curit\\u00e9 et directives\"}]}]}<\/script>\n<!-- \/ Yoast SEO plugin. -->","yoast_head_json":{"title":"Normes de s\u00e9curit\u00e9 et directives - NMEDA","robots":{"index":"index","follow":"follow","max-snippet":"max-snippet:-1","max-image-preview":"max-image-preview:large","max-video-preview":"max-video-preview:-1"},"canonical":"https:\/\/nmedacanada.ca\/fr\/ressources-gouvernementales\/normes-de-securite-et-directives\/","og_locale":"fr_FR","og_type":"article","og_title":"Normes de s\u00e9curit\u00e9 et directives - NMEDA","og_url":"https:\/\/nmedacanada.ca\/fr\/ressources-gouvernementales\/normes-de-securite-et-directives\/","og_site_name":"NMEDA","article_modified_time":"2021-11-23T13:43:24+00:00","twitter_card":"summary_large_image","twitter_misc":{"Dur\u00e9e de lecture estim\u00e9e":"2 minutes"},"schema":{"@context":"https:\/\/schema.org","@graph":[{"@type":"WebSite","@id":"https:\/\/nmedacanada.ca\/#website","url":"https:\/\/nmedacanada.ca\/","name":"NMEDA","description":"","potentialAction":[{"@type":"SearchAction","target":{"@type":"EntryPoint","urlTemplate":"https:\/\/nmedacanada.ca\/?s={search_term_string}"},"query-input":"required name=search_term_string"}],"inLanguage":"fr-FR"},{"@type":"WebPage","@id":"https:\/\/nmedacanada.ca\/fr\/ressources-gouvernementales\/normes-de-securite-et-directives\/#webpage","url":"https:\/\/nmedacanada.ca\/fr\/ressources-gouvernementales\/normes-de-securite-et-directives\/","name":"Normes de s\u00e9curit\u00e9 et directives - NMEDA","isPartOf":{"@id":"https:\/\/nmedacanada.ca\/#website"},"datePublished":"2021-08-29T11:29:44+00:00","dateModified":"2021-11-23T13:43:24+00:00","breadcrumb":{"@id":"https:\/\/nmedacanada.ca\/fr\/ressources-gouvernementales\/normes-de-securite-et-directives\/#breadcrumb"},"inLanguage":"fr-FR","potentialAction":[{"@type":"ReadAction","target":["https:\/\/nmedacanada.ca\/fr\/ressources-gouvernementales\/normes-de-securite-et-directives\/"]}]},{"@type":"BreadcrumbList","@id":"https:\/\/nmedacanada.ca\/fr\/ressources-gouvernementales\/normes-de-securite-et-directives\/#breadcrumb","itemListElement":[{"@type":"ListItem","position":1,"name":"Home","item":"https:\/\/nmedacanada.ca\/fr\/"},{"@type":"ListItem","position":2,"name":"Ressources gouvernementales","item":"https:\/\/nmedacanada.ca\/fr\/ressources-gouvernementales\/"},{"@type":"ListItem","position":3,"name":"Normes de s\u00e9curit\u00e9 et directives"}]}]}},"_links":{"self":[{"href":"https:\/\/nmedacanada.ca\/fr\/wp-json\/wp\/v2\/pages\/65924"}],"collection":[{"href":"https:\/\/nmedacanada.ca\/fr\/wp-json\/wp\/v2\/pages"}],"about":[{"href":"https:\/\/nmedacanada.ca\/fr\/wp-json\/wp\/v2\/types\/page"}],"author":[{"embeddable":true,"href":"https:\/\/nmedacanada.ca\/fr\/wp-json\/wp\/v2\/users\/13"}],"replies":[{"embeddable":true,"href":"https:\/\/nmedacanada.ca\/fr\/wp-json\/wp\/v2\/comments?post=65924"}],"version-history":[{"count":12,"href":"https:\/\/nmedacanada.ca\/fr\/wp-json\/wp\/v2\/pages\/65924\/revisions"}],"predecessor-version":[{"id":67877,"href":"https:\/\/nmedacanada.ca\/fr\/wp-json\/wp\/v2\/pages\/65924\/revisions\/67877"}],"up":[{"embeddable":true,"href":"https:\/\/nmedacanada.ca\/fr\/wp-json\/wp\/v2\/pages\/65912"}],"wp:attachment":[{"href":"https:\/\/nmedacanada.ca\/fr\/wp-json\/wp\/v2\/media?parent=65924"}],"curies":[{"name":"wp","href":"https:\/\/api.w.org\/{rel}","templated":true}]}}