{"id":65912,"date":"2021-08-29T10:49:29","date_gmt":"2021-08-29T10:49:29","guid":{"rendered":"https:\/\/www.nmedacanada.ca\/ressources-gouvernementales\/"},"modified":"2021-09-21T03:35:13","modified_gmt":"2021-09-21T03:35:13","slug":"ressources-gouvernementales","status":"publish","type":"page","link":"https:\/\/nmedacanada.ca\/fr\/ressources-gouvernementales\/","title":{"rendered":"Ressources gouvernementales"},"content":{"rendered":"<div id='topbanner'  class='avia-section main_color avia-section-default avia-no-border-styling  avia-full-stretch avia-bg-style-scroll  avia-builder-el-0  el_before_av_section  avia-builder-el-first   av-minimum-height av-minimum-height-custom  container_wrap fullsize' style='background-repeat: no-repeat; background-image: url(https:\/\/nmedacanada.ca\/wp-content\/uploads\/2021\/09\/Dodge_XT_2018_Lifestyle_03_High-1500x233.png);background-attachment: scroll; background-position: center center;  '  data-section-bg-repeat='stretch'><div class='container' style='height:290px'><main  role=\"main\" itemprop=\"mainContentOfPage\"  class='template-page content  av-content-full alpha units'><div class='post-entry post-entry-type-page post-entry-65912'><div class='entry-content-wrapper clearfix'>\n<\/div><\/div><\/main><!-- close content main element --><\/div><\/div><div id='abouttitle'  class='avia-section main_color avia-section-no-padding avia-no-border-styling  avia-bg-style-scroll  avia-builder-el-1  el_after_av_section  el_before_av_section   container_wrap fullsize' style=' '  ><div class='container' ><div class='template-page content  av-content-full alpha units'><div class='post-entry post-entry-type-page post-entry-65912'><div class='entry-content-wrapper clearfix'>\n<div  style='height:50px' class='hr hr-invisible   avia-builder-el-2  el_before_av_textblock  avia-builder-el-first '><span class='hr-inner ' ><span class='hr-inner-style'><\/span><\/span><\/div>\n<section class=\"av_textblock_section \"  itemscope=\"itemscope\" itemtype=\"https:\/\/schema.org\/CreativeWork\" ><div class='avia_textblock  '   itemprop=\"text\" ><h1><span style=\"color: #03376a;\">ANCEM Canada<\/span><\/h1>\n<p>En tant que chapitre de l&#8217;ANCEM, notre r\u00e9seau de membres comprend des concessionnaires d&#8217;\u00e9quipement de mobilit\u00e9, des fabricants, des sp\u00e9cialistes en r\u00e9adaptation des conducteurs (SRC) et d&#8217;autres professionnels param\u00e9dicaux (ergoth\u00e9rapeutes, physioth\u00e9rapeutes, etc.) situ\u00e9s partout au Canada. S&#8217;effor\u00e7ant toujours d&#8217;unifier et d&#8217;am\u00e9liorer l&#8217;industrie des \u00e9quipements de mobilit\u00e9 et ses services, notre organisation travaille ensemble au sein de la communaut\u00e9 adaptative pour fournir un transport de qualit\u00e9, s\u00fbr et fiable aux personnes handicap\u00e9es.<\/p>\n<\/div><\/section>\n\n<\/div><\/div><\/div><!-- close content main div --><\/div><\/div><div id='iconsections'  class='avia-section main_color avia-section-default avia-no-border-styling  avia-bg-style-scroll  avia-builder-el-4  el_after_av_section  avia-builder-el-last   container_wrap fullsize' style=' '  ><div class='container' ><div class='template-page content  av-content-full alpha units'><div class='post-entry post-entry-type-page post-entry-65912'><div class='entry-content-wrapper clearfix'>\n<div class=\"flex_column av_one_fourth  flex_column_div av-zero-column-padding first  avia-builder-el-5  el_before_av_one_fourth  avia-builder-el-first  \" style='border-radius:0px; '><p><div  class='avia-image-container  av-styling-    avia-builder-el-6  el_before_av_hr  avia-builder-el-first  avia-align-center '  itemprop=\"image\" itemscope=\"itemscope\" itemtype=\"https:\/\/schema.org\/ImageObject\"  ><div class='avia-image-container-inner'><div class='avia-image-overlay-wrap'><a href='https:\/\/nmedacanada.ca\/fr\/ressources-gouvernementales\/plan-strategique\/' class='avia_image'  ><img width=\"75\" height=\"75\" class='wp-image-63724 avia-img-lazy-loading-not-63724 avia_image' src=\"https:\/\/nmedacanada.ca\/wp-content\/uploads\/2020\/06\/qap-new.png\" alt='qap new' title='qap new'  itemprop=\"thumbnailUrl\" srcset=\"https:\/\/nmedacanada.ca\/wp-content\/uploads\/2020\/06\/qap-new.png 75w, https:\/\/nmedacanada.ca\/wp-content\/uploads\/2020\/06\/qap-new-36x36.png 36w\" sizes=\"(max-width: 75px) 100vw, 75px\" \/><\/a><\/div><\/div><\/div><br \/>\n<div  style=' margin-top:15px; margin-bottom:15px;'  class='hr hr-custom hr-center hr-icon-no   avia-builder-el-7  el_after_av_image  el_before_av_textblock '><span class='hr-inner  inner-border-av-border-thin' style=' width:100%; border-color:#03376a;' ><span class='hr-inner-style'><\/span><\/span><\/div><br \/>\n<section class=\"av_textblock_section \"  itemscope=\"itemscope\" itemtype=\"https:\/\/schema.org\/CreativeWork\" ><div class='avia_textblock  '   itemprop=\"text\" ><h3 style=\"text-align: center;\"><a href=\"https:\/\/www.nmedacanada.ca\/fr\/ressources-gouvernementales\/plan-strategique\/\">Plan Strat\u00e9gique De l&#8217;ANCEM Canada<\/a><\/h3>\n<p class=\"p1\"><span class=\"s1\">En tant que chapitre de l&#8217;ANCEM, notre r\u00e9seau de membres comprend des concessionnaires d&#8217;\u00e9quipement de mobilit\u00e9, des fabricants, des sp\u00e9cialistes en r\u00e9adaptation des conducteurs.<\/span><\/p>\n<\/div><\/section><\/p><\/div><div class=\"flex_column av_one_fourth  flex_column_div av-zero-column-padding   avia-builder-el-9  el_after_av_one_fourth  el_before_av_one_fourth  \" style='border-radius:0px; '><p><div  class='avia-image-container  av-styling-no-styling    avia-builder-el-10  el_before_av_hr  avia-builder-el-first  avia-align-center '  itemprop=\"image\" itemscope=\"itemscope\" itemtype=\"https:\/\/schema.org\/ImageObject\"  ><div class='avia-image-container-inner'><div class='avia-image-overlay-wrap'><a href='https:\/\/nmedacanada.ca\/fr\/ressources-gouvernementales\/programme-dassurance-qualite\/' class='avia_image'  ><img width=\"92\" height=\"100\" class='wp-image-65450 avia-img-lazy-loading-not-65450 avia_image' src=\"https:\/\/nmedacanada.ca\/wp-content\/uploads\/2020\/10\/icon2.png\" alt='icon2' title='icon2'  itemprop=\"thumbnailUrl\"  \/><\/a><\/div><\/div><\/div><br \/>\n<div  style=' margin-top:15px; margin-bottom:15px;'  class='hr hr-custom hr-center hr-icon-no   avia-builder-el-11  el_after_av_image  el_before_av_textblock '><span class='hr-inner  inner-border-av-border-thin' style=' width:100%; border-color:#03376a;' ><span class='hr-inner-style'><\/span><\/span><\/div><br \/>\n<section class=\"av_textblock_section \"  itemscope=\"itemscope\" itemtype=\"https:\/\/schema.org\/CreativeWork\" ><div class='avia_textblock  '   itemprop=\"text\" ><h3 style=\"text-align: center;\"><a href=\"https:\/\/www.nmedacanada.ca\/fr\/ressources-gouvernementales\/programme-dassurance-qualite\/\"><strong>PROGRAMME D&#8217;ASSURANCE QUALIT\u00c9<\/strong><\/a><\/h3>\n<p class=\"p1\"><span class=\"s1\">Le PAQ est \u00e0 propos d\u2019une chose: la s\u00e9curit\u00e9.<\/span><\/p>\n<\/div><\/section><\/p><\/div><div class=\"flex_column av_one_fourth  flex_column_div av-zero-column-padding   avia-builder-el-13  el_after_av_one_fourth  el_before_av_one_fourth  \" style='border-radius:0px; '><p><div  class='avia-image-container  av-styling-no-styling    avia-builder-el-14  el_before_av_hr  avia-builder-el-first  avia-align-center '  itemprop=\"image\" itemscope=\"itemscope\" itemtype=\"https:\/\/schema.org\/ImageObject\"  ><div class='avia-image-container-inner'><div class='avia-image-overlay-wrap'><a href='https:\/\/nmedacanada.ca\/fr\/ressources-gouvernementales\/normes-de-securite-et-directives\/' class='avia_image'  ><img width=\"78\" height=\"68\" class='wp-image-65451 avia-img-lazy-loading-not-65451 avia_image' src=\"https:\/\/nmedacanada.ca\/wp-content\/uploads\/2020\/10\/icon3.png\" alt='icon3' title='icon3'  itemprop=\"thumbnailUrl\"  \/><\/a><\/div><\/div><\/div><br \/>\n<div  style=' margin-top:15px; margin-bottom:15px;'  class='hr hr-custom hr-center hr-icon-no   avia-builder-el-15  el_after_av_image  el_before_av_textblock '><span class='hr-inner  inner-border-av-border-thin' style=' width:100%; border-color:#03376a;' ><span class='hr-inner-style'><\/span><\/span><\/div><br \/>\n<section class=\"av_textblock_section \"  itemscope=\"itemscope\" itemtype=\"https:\/\/schema.org\/CreativeWork\" ><div class='avia_textblock  '   itemprop=\"text\" ><h3 style=\"text-align: center;\"><a href=\"https:\/\/www.nmedacanada.ca\/fr\/ressources-gouvernementales\/normes-de-securite-et-directives\/\"><strong>NORMES DE S\u00c9CURIT\u00c9 ET DIRECTIVES<\/strong><\/a><\/h3>\n<p class=\"p1\"><span class=\"s1\">Les concessionnaires d&#8217;\u00e9quipement de mobilit\u00e9 doivent se conformer aux normes de s\u00e9curit\u00e9 et aux directives mandat\u00e9es par le Gouvernement Canadien, tout comme les autres fabricants de v\u00e9hicules.<\/span><\/p>\n<\/div><\/section><\/p><\/div><div class=\"flex_column av_one_fourth  flex_column_div av-zero-column-padding   avia-builder-el-17  el_after_av_one_fourth  el_before_av_one_fourth  \" style='border-radius:0px; '><p><div  class='avia-image-container  av-styling-no-styling    avia-builder-el-18  el_before_av_hr  avia-builder-el-first  avia-align-center '  itemprop=\"image\" itemscope=\"itemscope\" itemtype=\"https:\/\/schema.org\/ImageObject\"  ><div class='avia-image-container-inner'><div class='avia-image-overlay-wrap'><a href='https:\/\/nmedacanada.ca\/fr\/ressources-gouvernementales\/entente-gouvernementale-du-quebec\/' class='avia_image'  ><img width=\"126\" height=\"123\" class='wp-image-65458 avia-img-lazy-loading-not-65458 avia_image' src=\"https:\/\/nmedacanada.ca\/wp-content\/uploads\/2020\/10\/icon10.png\" alt='icon10' title='icon10'  itemprop=\"thumbnailUrl\" srcset=\"https:\/\/nmedacanada.ca\/wp-content\/uploads\/2020\/10\/icon10.png 126w, https:\/\/nmedacanada.ca\/wp-content\/uploads\/2020\/10\/icon10-36x36.png 36w\" sizes=\"(max-width: 126px) 100vw, 126px\" \/><\/a><\/div><\/div><\/div><br \/>\n<div  style=' margin-top:15px; margin-bottom:15px;'  class='hr hr-custom hr-center hr-icon-no   avia-builder-el-19  el_after_av_image  el_before_av_textblock '><span class='hr-inner  inner-border-av-border-thin' style=' width:100%; border-color:#03376a;' ><span class='hr-inner-style'><\/span><\/span><\/div><br \/>\n<section class=\"av_textblock_section \"  itemscope=\"itemscope\" itemtype=\"https:\/\/schema.org\/CreativeWork\" ><div class='avia_textblock  '   itemprop=\"text\" ><h3 style=\"text-align: center;\"><a href=\"https:\/\/www.nmedacanada.ca\/fr\/ressources-gouvernementales\/entente-gouvernementale-du-quebec\/\"><strong>ENTENTE GOUVERNEMENTALE DU QU\u00c9BEC<\/strong><\/a><\/h3>\n<p>The province of Quebec requires QAP accreditation for any business that modifies vehicles in their jurisdiction.<\/p>\n<\/div><\/section><\/p><\/div><div class=\"flex_column av_one_fourth  flex_column_div av-zero-column-padding first  avia-builder-el-21  el_after_av_one_fourth  avia-builder-el-last  column-top-margin\" style='border-radius:0px; '><p><div  class='avia-image-container  av-styling-no-styling    avia-builder-el-22  el_before_av_hr  avia-builder-el-first  avia-align-center '  itemprop=\"image\" itemscope=\"itemscope\" itemtype=\"https:\/\/schema.org\/ImageObject\"  ><div class='avia-image-container-inner'><div class='avia-image-overlay-wrap'><a href='https:\/\/nmedacanada.ca\/fr\/ressources-gouvernementales\/securite-du-transport-en-fauteuil-roulant-wc-19\/' class='avia_image'  ><img width=\"95\" height=\"95\" class='wp-image-65457 avia-img-lazy-loading-not-65457 avia_image' src=\"https:\/\/nmedacanada.ca\/wp-content\/uploads\/2020\/10\/icon9.png\" alt='icon9' title='icon9'  itemprop=\"thumbnailUrl\" srcset=\"https:\/\/nmedacanada.ca\/wp-content\/uploads\/2020\/10\/icon9.png 95w, https:\/\/nmedacanada.ca\/wp-content\/uploads\/2020\/10\/icon9-80x80.png 80w, https:\/\/nmedacanada.ca\/wp-content\/uploads\/2020\/10\/icon9-36x36.png 36w\" sizes=\"(max-width: 95px) 100vw, 95px\" \/><\/a><\/div><\/div><\/div><br \/>\n<div  style=' margin-top:15px; margin-bottom:15px;'  class='hr hr-custom hr-center hr-icon-no   avia-builder-el-23  el_after_av_image  el_before_av_textblock '><span class='hr-inner  inner-border-av-border-thin' style=' width:100%; border-color:#03376a;' ><span class='hr-inner-style'><\/span><\/span><\/div><br \/>\n<section class=\"av_textblock_section \"  itemscope=\"itemscope\" itemtype=\"https:\/\/schema.org\/CreativeWork\" ><div class='avia_textblock  '   itemprop=\"text\" ><h3 style=\"text-align: center;\"><a href=\"https:\/\/www.nmedacanada.ca\/fr\/ressources-gouvernementales\/securite-du-transport-en-fauteuil-roulant-wc-19\/\"><strong>S\u00c9CURIT\u00c9 DU TRANSPORT EN FAUTEUIL ROULANT WC-19<\/strong><\/a><\/h3>\n<p class=\"p1\"><span class=\"s1\">Fauteuils Roulants Pour Utilisation Comme Si\u00e8ges Dans Les V\u00e9hicules \u00c0 Moteur.<\/span><\/p>\n<\/div><\/section><\/p><\/div>\n","protected":false},"excerpt":{"rendered":"","protected":false},"author":13,"featured_media":0,"parent":0,"menu_order":0,"comment_status":"closed","ping_status":"closed","template":"","meta":{"inline_featured_image":false},"acf":[],"yoast_head":"<!-- This site is optimized with the Yoast SEO plugin v17.8 - https:\/\/yoast.com\/wordpress\/plugins\/seo\/ -->\n<title>Ressources gouvernementales - NMEDA<\/title>\n<meta name=\"robots\" content=\"index, follow, max-snippet:-1, max-image-preview:large, max-video-preview:-1\" \/>\n<link rel=\"canonical\" href=\"https:\/\/nmedacanada.ca\/fr\/ressources-gouvernementales\/\" \/>\n<meta property=\"og:locale\" content=\"fr_FR\" \/>\n<meta property=\"og:type\" content=\"article\" \/>\n<meta property=\"og:title\" content=\"Ressources gouvernementales - NMEDA\" \/>\n<meta property=\"og:url\" content=\"https:\/\/nmedacanada.ca\/fr\/ressources-gouvernementales\/\" \/>\n<meta property=\"og:site_name\" content=\"NMEDA\" \/>\n<meta property=\"article:modified_time\" content=\"2021-09-21T03:35:13+00:00\" \/>\n<meta name=\"twitter:card\" content=\"summary_large_image\" \/>\n<meta name=\"twitter:label1\" content=\"Dur\u00e9e de lecture estim\u00e9e\" \/>\n\t<meta name=\"twitter:data1\" content=\"10 minutes\" \/>\n<script type=\"application\/ld+json\" class=\"yoast-schema-graph\">{\"@context\":\"https:\/\/schema.org\",\"@graph\":[{\"@type\":\"WebSite\",\"@id\":\"https:\/\/nmedacanada.ca\/#website\",\"url\":\"https:\/\/nmedacanada.ca\/\",\"name\":\"NMEDA\",\"description\":\"\",\"potentialAction\":[{\"@type\":\"SearchAction\",\"target\":{\"@type\":\"EntryPoint\",\"urlTemplate\":\"https:\/\/nmedacanada.ca\/?s={search_term_string}\"},\"query-input\":\"required name=search_term_string\"}],\"inLanguage\":\"fr-FR\"},{\"@type\":\"WebPage\",\"@id\":\"https:\/\/nmedacanada.ca\/fr\/ressources-gouvernementales\/#webpage\",\"url\":\"https:\/\/nmedacanada.ca\/fr\/ressources-gouvernementales\/\",\"name\":\"Ressources gouvernementales - NMEDA\",\"isPartOf\":{\"@id\":\"https:\/\/nmedacanada.ca\/#website\"},\"datePublished\":\"2021-08-29T10:49:29+00:00\",\"dateModified\":\"2021-09-21T03:35:13+00:00\",\"breadcrumb\":{\"@id\":\"https:\/\/nmedacanada.ca\/fr\/ressources-gouvernementales\/#breadcrumb\"},\"inLanguage\":\"fr-FR\",\"potentialAction\":[{\"@type\":\"ReadAction\",\"target\":[\"https:\/\/nmedacanada.ca\/fr\/ressources-gouvernementales\/\"]}]},{\"@type\":\"BreadcrumbList\",\"@id\":\"https:\/\/nmedacanada.ca\/fr\/ressources-gouvernementales\/#breadcrumb\",\"itemListElement\":[{\"@type\":\"ListItem\",\"position\":1,\"name\":\"Home\",\"item\":\"https:\/\/nmedacanada.ca\/fr\/\"},{\"@type\":\"ListItem\",\"position\":2,\"name\":\"Ressources gouvernementales\"}]}]}<\/script>\n<!-- \/ Yoast SEO plugin. -->","yoast_head_json":{"title":"Ressources gouvernementales - NMEDA","robots":{"index":"index","follow":"follow","max-snippet":"max-snippet:-1","max-image-preview":"max-image-preview:large","max-video-preview":"max-video-preview:-1"},"canonical":"https:\/\/nmedacanada.ca\/fr\/ressources-gouvernementales\/","og_locale":"fr_FR","og_type":"article","og_title":"Ressources gouvernementales - NMEDA","og_url":"https:\/\/nmedacanada.ca\/fr\/ressources-gouvernementales\/","og_site_name":"NMEDA","article_modified_time":"2021-09-21T03:35:13+00:00","twitter_card":"summary_large_image","twitter_misc":{"Dur\u00e9e de lecture estim\u00e9e":"10 minutes"},"schema":{"@context":"https:\/\/schema.org","@graph":[{"@type":"WebSite","@id":"https:\/\/nmedacanada.ca\/#website","url":"https:\/\/nmedacanada.ca\/","name":"NMEDA","description":"","potentialAction":[{"@type":"SearchAction","target":{"@type":"EntryPoint","urlTemplate":"https:\/\/nmedacanada.ca\/?s={search_term_string}"},"query-input":"required name=search_term_string"}],"inLanguage":"fr-FR"},{"@type":"WebPage","@id":"https:\/\/nmedacanada.ca\/fr\/ressources-gouvernementales\/#webpage","url":"https:\/\/nmedacanada.ca\/fr\/ressources-gouvernementales\/","name":"Ressources gouvernementales - NMEDA","isPartOf":{"@id":"https:\/\/nmedacanada.ca\/#website"},"datePublished":"2021-08-29T10:49:29+00:00","dateModified":"2021-09-21T03:35:13+00:00","breadcrumb":{"@id":"https:\/\/nmedacanada.ca\/fr\/ressources-gouvernementales\/#breadcrumb"},"inLanguage":"fr-FR","potentialAction":[{"@type":"ReadAction","target":["https:\/\/nmedacanada.ca\/fr\/ressources-gouvernementales\/"]}]},{"@type":"BreadcrumbList","@id":"https:\/\/nmedacanada.ca\/fr\/ressources-gouvernementales\/#breadcrumb","itemListElement":[{"@type":"ListItem","position":1,"name":"Home","item":"https:\/\/nmedacanada.ca\/fr\/"},{"@type":"ListItem","position":2,"name":"Ressources gouvernementales"}]}]}},"_links":{"self":[{"href":"https:\/\/nmedacanada.ca\/fr\/wp-json\/wp\/v2\/pages\/65912"}],"collection":[{"href":"https:\/\/nmedacanada.ca\/fr\/wp-json\/wp\/v2\/pages"}],"about":[{"href":"https:\/\/nmedacanada.ca\/fr\/wp-json\/wp\/v2\/types\/page"}],"author":[{"embeddable":true,"href":"https:\/\/nmedacanada.ca\/fr\/wp-json\/wp\/v2\/users\/13"}],"replies":[{"embeddable":true,"href":"https:\/\/nmedacanada.ca\/fr\/wp-json\/wp\/v2\/comments?post=65912"}],"version-history":[{"count":9,"href":"https:\/\/nmedacanada.ca\/fr\/wp-json\/wp\/v2\/pages\/65912\/revisions"}],"predecessor-version":[{"id":67786,"href":"https:\/\/nmedacanada.ca\/fr\/wp-json\/wp\/v2\/pages\/65912\/revisions\/67786"}],"wp:attachment":[{"href":"https:\/\/nmedacanada.ca\/fr\/wp-json\/wp\/v2\/media?parent=65912"}],"curies":[{"name":"wp","href":"https:\/\/api.w.org\/{rel}","templated":true}]}}