{"id":65908,"date":"2021-08-29T10:35:05","date_gmt":"2021-08-29T10:35:05","guid":{"rendered":"https:\/\/www.nmedacanada.ca\/ressources-pour-les-consommateurs\/"},"modified":"2021-10-21T16:51:44","modified_gmt":"2021-10-21T16:51:44","slug":"ressources-pour-les-consommateurs","status":"publish","type":"page","link":"https:\/\/nmedacanada.ca\/fr\/ressources-pour-les-consommateurs\/","title":{"rendered":"Ressources pour les consommateurs"},"content":{"rendered":"<div id='topbanner'  class='avia-section main_color avia-section-default avia-no-border-styling  avia-full-stretch avia-bg-style-scroll  avia-builder-el-0  el_before_av_section  avia-builder-el-first   av-minimum-height av-minimum-height-custom  container_wrap fullsize' style='background-repeat: no-repeat; background-image: url(https:\/\/nmedacanada.ca\/wp-content\/uploads\/2021\/09\/Dodge_RE_Family_2019_006_High-1500x233.png);background-attachment: scroll; background-position: center center;  '  data-section-bg-repeat='stretch'><div class='container' style='height:290px'><main  role=\"main\" itemprop=\"mainContentOfPage\"  class='template-page content  av-content-full alpha units'><div class='post-entry post-entry-type-page post-entry-65908'><div class='entry-content-wrapper clearfix'>\n<\/div><\/div><\/main><!-- close content main element --><\/div><\/div><div id='abouttitle'  class='avia-section main_color avia-section-default avia-no-border-styling  avia-bg-style-scroll  avia-builder-el-1  el_after_av_section  el_before_av_section   container_wrap fullsize' style=' '  ><div class='container' ><div class='template-page content  av-content-full alpha units'><div class='post-entry post-entry-type-page post-entry-65908'><div class='entry-content-wrapper clearfix'>\n<section class=\"av_textblock_section \"  itemscope=\"itemscope\" itemtype=\"https:\/\/schema.org\/CreativeWork\" ><div class='avia_textblock  '   itemprop=\"text\" ><h3>Nous vous avons, les gars\u2026<\/h3>\n<h4>Que vous soyez un aidant naturel ou une personne handicap\u00e9e, il peut sembler qu&#8217;il existe des possibilit\u00e9s infinies en mati\u00e8re de solutions d&#8217;\u00e9quipement de mobilit\u00e9. Vous trouverez ci-dessous des ressources pour vous aider \u00e0 naviguer dans vos options.<\/h4>\n<\/div><\/section>\n<\/div><\/div><\/div><!-- close content main div --><\/div><\/div><div id='iconsections'  class='avia-section main_color avia-section-default avia-no-border-styling  avia-bg-style-scroll  avia-builder-el-3  el_after_av_section  avia-builder-el-last   container_wrap fullsize' style=' '  ><div class='container' ><div class='template-page content  av-content-full alpha units'><div class='post-entry post-entry-type-page post-entry-65908'><div class='entry-content-wrapper clearfix'>\n<div class=\"flex_column av_one_fourth  flex_column_div av-zero-column-padding first  avia-builder-el-4  el_before_av_one_fourth  avia-builder-el-first  \" style='border-radius:0px; '><p><div  class='avia-image-container  av-styling-    avia-builder-el-5  el_before_av_hr  avia-builder-el-first  avia-align-center '  itemprop=\"image\" itemscope=\"itemscope\" itemtype=\"https:\/\/schema.org\/ImageObject\"  ><div class='avia-image-container-inner'><div class='avia-image-overlay-wrap'><a href='https:\/\/nmedacanada.ca\/fr\/ressources-pour-les-consommateurs\/pour-commencer\/' class='avia_image'  ><img width=\"75\" height=\"75\" class='wp-image-63724 avia-img-lazy-loading-not-63724 avia_image' src=\"https:\/\/nmedacanada.ca\/wp-content\/uploads\/2020\/06\/qap-new.png\" alt='qap new' title='qap new'  itemprop=\"thumbnailUrl\" srcset=\"https:\/\/nmedacanada.ca\/wp-content\/uploads\/2020\/06\/qap-new.png 75w, https:\/\/nmedacanada.ca\/wp-content\/uploads\/2020\/06\/qap-new-36x36.png 36w\" sizes=\"(max-width: 75px) 100vw, 75px\" \/><\/a><\/div><\/div><\/div><br \/>\n<div  style=' margin-top:15px; margin-bottom:15px;'  class='hr hr-custom hr-center hr-icon-no   avia-builder-el-6  el_after_av_image  el_before_av_textblock '><span class='hr-inner  inner-border-av-border-thin' style=' width:100%; border-color:#03376a;' ><span class='hr-inner-style'><\/span><\/span><\/div><br \/>\n<section class=\"av_textblock_section \"  itemscope=\"itemscope\" itemtype=\"https:\/\/schema.org\/CreativeWork\" ><div class='avia_textblock  '   itemprop=\"text\" ><h3 style=\"text-align: center;\"><a href=\"https:\/\/www.nmedacanada.ca\/fr\/ressources-pour-les-consommateurs\/getting-started\/\">POUR COMMENCER<\/a><\/h3>\n<p class=\"p1\"><span class=\"s1\">Achetez Votre V\u00e9hicule Accessible En Fauteuil Roulant En Toute Confiance.<\/span><\/p>\n<p>.<\/p>\n<\/div><\/section><\/p><\/div><div class=\"flex_column av_one_fourth  flex_column_div av-zero-column-padding   avia-builder-el-8  el_after_av_one_fourth  el_before_av_one_fourth  \" style='border-radius:0px; '><p><div  class='avia-image-container  av-styling-no-styling    avia-builder-el-9  el_before_av_hr  avia-builder-el-first  avia-align-center '  itemprop=\"image\" itemscope=\"itemscope\" itemtype=\"https:\/\/schema.org\/ImageObject\"  ><div class='avia-image-container-inner'><div class='avia-image-overlay-wrap'><a href='https:\/\/nmedacanada.ca\/fr\/ressources-pour-les-consommateurs\/programme-dassurance-qualite\/' class='avia_image'  ><img width=\"92\" height=\"100\" class='wp-image-65450 avia-img-lazy-loading-not-65450 avia_image' src=\"https:\/\/nmedacanada.ca\/wp-content\/uploads\/2020\/10\/icon2.png\" alt='icon2' title='icon2'  itemprop=\"thumbnailUrl\"  \/><\/a><\/div><\/div><\/div><br \/>\n<div  style=' margin-top:15px; margin-bottom:15px;'  class='hr hr-custom hr-center hr-icon-no   avia-builder-el-10  el_after_av_image  el_before_av_textblock '><span class='hr-inner  inner-border-av-border-thin' style=' width:100%; border-color:#03376a;' ><span class='hr-inner-style'><\/span><\/span><\/div><br \/>\n<section class=\"av_textblock_section \"  itemscope=\"itemscope\" itemtype=\"https:\/\/schema.org\/CreativeWork\" ><div class='avia_textblock  '   itemprop=\"text\" ><h3 style=\"text-align: center;\"><a href=\"https:\/\/www.nmedacanada.ca\/fr\/ressources-pour-les-consommateurs\/programme-dassurance-qualite\/\"><strong>Programme d\u2019Assurance Qualit\u00e9\u2122<\/strong><\/a><\/h3>\n<p class=\"p1\"><span class=\"s1\">Le Programme d&#8217;Assurance Qualit\u00e9 de l&#8217;ANCEM Canada\u2122 (PAQ) est le seul programme d&#8217;accr\u00e9ditation reconnu \u00e0 l&#8217;\u00e9chelle nationale au sein de l&#8217;industrie de l&#8217;\u00e9quipement de mobilit\u00e9.<\/span><\/p>\n<\/div><\/section><\/p><\/div><div class=\"flex_column av_one_fourth  flex_column_div av-zero-column-padding   avia-builder-el-12  el_after_av_one_fourth  el_before_av_one_fourth  \" style='border-radius:0px; '><p><div  class='avia-image-container  av-styling-no-styling    avia-builder-el-13  el_before_av_hr  avia-builder-el-first  avia-align-center '  itemprop=\"image\" itemscope=\"itemscope\" itemtype=\"https:\/\/schema.org\/ImageObject\"  ><div class='avia-image-container-inner'><div class='avia-image-overlay-wrap'><a href='https:\/\/nmedacanada.ca\/fr\/ressources-pour-les-consommateurs\/pourquoi-choisir-un-concessionnaire-ancem\/' class='avia_image'  ><img width=\"92\" height=\"100\" class='wp-image-65454 avia-img-lazy-loading-not-65454 avia_image' src=\"https:\/\/nmedacanada.ca\/wp-content\/uploads\/2020\/10\/icon6.png\" alt='icon6' title='icon6'  itemprop=\"thumbnailUrl\"  \/><\/a><\/div><\/div><\/div><br \/>\n<div  style=' margin-top:15px; margin-bottom:15px;'  class='hr hr-custom hr-center hr-icon-no   avia-builder-el-14  el_after_av_image  el_before_av_textblock '><span class='hr-inner  inner-border-av-border-thin' style=' width:100%; border-color:#03376a;' ><span class='hr-inner-style'><\/span><\/span><\/div><br \/>\n<section class=\"av_textblock_section \"  itemscope=\"itemscope\" itemtype=\"https:\/\/schema.org\/CreativeWork\" ><div class='avia_textblock  '   itemprop=\"text\" ><h3 style=\"text-align: center;\"><a href=\"https:\/\/www.nmedacanada.ca\/fr\/ressources-pour-les-consommateurs\/pourquoi-choisir-un-concessionnaire-ancem\/\"><strong>POURQUOI CHOISIR UN CONCESSIONNAIRE ANCEM<\/strong><\/a><\/h3>\n<p class=\"p1\"><span class=\"s1\">Tous Les Concessionnaires ANCEM Canada Sont Accr\u00e9dit\u00e9s PAQ.<\/span><\/p>\n<\/div><\/section><\/p><\/div><div class=\"flex_column av_one_fourth  flex_column_div av-zero-column-padding   avia-builder-el-16  el_after_av_one_fourth  el_before_av_one_fourth  \" style='border-radius:0px; '><p><div  class='avia-image-container  av-styling-no-styling    avia-builder-el-17  el_before_av_hr  avia-builder-el-first  avia-align-center '  itemprop=\"image\" itemscope=\"itemscope\" itemtype=\"https:\/\/schema.org\/ImageObject\"  ><div class='avia-image-container-inner'><div class='avia-image-overlay-wrap'><a href='https:\/\/nmedacanada.ca\/fr\/ressources-pour-les-consommateurs\/localisateur-de-concessionnaire\/' class='avia_image'  ><img width=\"80\" height=\"95\" class='wp-image-65452 avia-img-lazy-loading-not-65452 avia_image' src=\"https:\/\/nmedacanada.ca\/wp-content\/uploads\/2020\/10\/icon4.png\" alt='icon4' title='icon4'  itemprop=\"thumbnailUrl\"  \/><\/a><\/div><\/div><\/div><br \/>\n<div  style=' margin-top:15px; margin-bottom:15px;'  class='hr hr-custom hr-center hr-icon-no   avia-builder-el-18  el_after_av_image  el_before_av_textblock '><span class='hr-inner  inner-border-av-border-thin' style=' width:100%; border-color:#03376a;' ><span class='hr-inner-style'><\/span><\/span><\/div><br \/>\n<section class=\"av_textblock_section \"  itemscope=\"itemscope\" itemtype=\"https:\/\/schema.org\/CreativeWork\" ><div class='avia_textblock  '   itemprop=\"text\" ><h3 style=\"text-align: center;\"><a href=\"https:\/\/www.nmedacanada.ca\/fr\/ressources-pour-les-consommateurs\/localisateur-de-concessionnaire\/\"><strong>LOCALISATEUR DE CONCESSIONNAIRE<\/strong><\/a><\/h3>\n<p class=\"p1\"><span class=\"s1\">Trouver Un Concessionnaire Local Accr\u00e9dit\u00e9 PAQ.<\/span><\/p>\n<\/div><\/section><\/p><\/div><div class=\"flex_column av_one_fourth  flex_column_div av-zero-column-padding first  avia-builder-el-20  el_after_av_one_fourth  el_before_av_one_fourth  column-top-margin\" style='border-radius:0px; '><p><div  class='avia-image-container  av-styling-no-styling    avia-builder-el-21  el_before_av_hr  avia-builder-el-first  avia-align-center '  itemprop=\"image\" itemscope=\"itemscope\" itemtype=\"https:\/\/schema.org\/ImageObject\"  ><div class='avia-image-container-inner'><div class='avia-image-overlay-wrap'><a href='https:\/\/nmedacanada.ca\/fr\/ressources-pour-les-consommateurs\/options-dequipement-de-mobilite\/' class='avia_image'  ><img width=\"92\" height=\"100\" class='wp-image-65454 avia-img-lazy-loading-not-65454 avia_image' src=\"https:\/\/nmedacanada.ca\/wp-content\/uploads\/2020\/10\/icon6.png\" alt='icon6' title='icon6'  itemprop=\"thumbnailUrl\"  \/><\/a><\/div><\/div><\/div><br \/>\n<div  style=' margin-top:15px; margin-bottom:15px;'  class='hr hr-custom hr-center hr-icon-no   avia-builder-el-22  el_after_av_image  el_before_av_textblock '><span class='hr-inner  inner-border-av-border-thin' style=' width:100%; border-color:#03376a;' ><span class='hr-inner-style'><\/span><\/span><\/div><br \/>\n<section class=\"av_textblock_section \"  itemscope=\"itemscope\" itemtype=\"https:\/\/schema.org\/CreativeWork\" ><div class='avia_textblock  '   itemprop=\"text\" ><h3 style=\"text-align: center;\"><a href=\"https:\/\/www.nmedacanada.ca\/fr\/ressources-pour-les-consommateurs\/options-dequipement-de-mobilite\/\"><strong>OPTIONS D&#8217;\u00c9QUIPEMENT DE MOBILIT\u00c9<\/strong><\/a><\/h3>\n<p class=\"p1\"><span class=\"s1\">Explorez l&#8217;\u00c9quipement De Mobilit\u00e9 Qui Vous Convient.<\/span><\/p>\n<\/div><\/section><\/p><\/div><div class=\"flex_column av_one_fourth  flex_column_div av-zero-column-padding   avia-builder-el-24  el_after_av_one_fourth  el_before_av_one_fourth  column-top-margin\" style='border-radius:0px; '><p><div  class='avia-image-container  av-styling-no-styling    avia-builder-el-25  el_before_av_hr  avia-builder-el-first  avia-align-center '  itemprop=\"image\" itemscope=\"itemscope\" itemtype=\"https:\/\/schema.org\/ImageObject\"  ><div class='avia-image-container-inner'><div class='avia-image-overlay-wrap'><a href='https:\/\/nmedacanada.ca\/fr\/ressources-pour-les-consommateurs\/financement\/' class='avia_image'  ><img width=\"99\" height=\"99\" class='wp-image-65453 avia-img-lazy-loading-not-65453 avia_image' src=\"https:\/\/nmedacanada.ca\/wp-content\/uploads\/2020\/10\/icon5.png\" alt='icon5' title='icon5'  itemprop=\"thumbnailUrl\" srcset=\"https:\/\/nmedacanada.ca\/wp-content\/uploads\/2020\/10\/icon5.png 99w, https:\/\/nmedacanada.ca\/wp-content\/uploads\/2020\/10\/icon5-80x80.png 80w, https:\/\/nmedacanada.ca\/wp-content\/uploads\/2020\/10\/icon5-36x36.png 36w\" sizes=\"(max-width: 99px) 100vw, 99px\" \/><\/a><\/div><\/div><\/div><br \/>\n<div  style=' margin-top:15px; margin-bottom:15px;'  class='hr hr-custom hr-center hr-icon-no   avia-builder-el-26  el_after_av_image  el_before_av_textblock '><span class='hr-inner  inner-border-av-border-thin' style=' width:100%; border-color:#03376a;' ><span class='hr-inner-style'><\/span><\/span><\/div><br \/>\n<section class=\"av_textblock_section \"  itemscope=\"itemscope\" itemtype=\"https:\/\/schema.org\/CreativeWork\" ><div class='avia_textblock  '   itemprop=\"text\" ><h3 style=\"text-align: center;\"><a href=\"https:\/\/www.nmedacanada.ca\/fr\/ressources-pour-les-consommateurs\/financement\/\"><strong>FINANCEMENT<\/strong><\/a><\/h3>\n<p>Bien que l&#8217;achat d&#8217;un v\u00e9hicule accessible en fauteuil roulant peut \u00eatre co\u00fbteux, votre concessionnaire PAQ accr\u00e9dit\u00e9 ANCEM Canada peut vous guider vers des financements sp\u00e9ciaux et programmes de financement qui pourraient vous \u00eatre utiles.<\/p>\n<\/div><\/section><\/p><\/div><div class=\"flex_column av_one_fourth  flex_column_div av-zero-column-padding   avia-builder-el-28  el_after_av_one_fourth  el_before_av_one_fourth  column-top-margin\" style='border-radius:0px; '><p><div  class='avia-image-container  av-styling-no-styling    avia-builder-el-29  el_before_av_hr  avia-builder-el-first  avia-align-center '  itemprop=\"image\" itemscope=\"itemscope\" itemtype=\"https:\/\/schema.org\/ImageObject\"  ><div class='avia-image-container-inner'><div class='avia-image-overlay-wrap'><a href='https:\/\/nmedacanada.ca\/fr\/ressources-pour-les-consommateurs\/comite-de-mediation\/' class='avia_image'  ><img width=\"126\" height=\"123\" class='wp-image-65458 avia-img-lazy-loading-not-65458 avia_image' src=\"https:\/\/nmedacanada.ca\/wp-content\/uploads\/2020\/10\/icon10.png\" alt='icon10' title='icon10'  itemprop=\"thumbnailUrl\" srcset=\"https:\/\/nmedacanada.ca\/wp-content\/uploads\/2020\/10\/icon10.png 126w, https:\/\/nmedacanada.ca\/wp-content\/uploads\/2020\/10\/icon10-36x36.png 36w\" sizes=\"(max-width: 126px) 100vw, 126px\" \/><\/a><\/div><\/div><\/div><br \/>\n<div  style=' margin-top:15px; margin-bottom:15px;'  class='hr hr-custom hr-center hr-icon-no   avia-builder-el-30  el_after_av_image  el_before_av_textblock '><span class='hr-inner  inner-border-av-border-thin' style=' width:100%; border-color:#03376a;' ><span class='hr-inner-style'><\/span><\/span><\/div><br \/>\n<section class=\"av_textblock_section \"  itemscope=\"itemscope\" itemtype=\"https:\/\/schema.org\/CreativeWork\" ><div class='avia_textblock  '   itemprop=\"text\" ><h3 style=\"text-align: center;\"><a href=\"https:\/\/www.nmedacanada.ca\/fr\/ressources-pour-les-consommateurs\/comite-de-mediation\/\"><strong>COMIT\u00c9 DE M\u00c9DIATION<\/strong><\/a><\/h3>\n<p class=\"p1\"><span class=\"s1\">Comment D\u00e9poser Une Plainte Contre Un Membre De l&#8217;ANCEM Canada.<\/span><\/p>\n<p>.<\/p>\n<\/div><\/section><\/p><\/div><div class=\"flex_column av_one_fourth  flex_column_div av-zero-column-padding   avia-builder-el-32  el_after_av_one_fourth  avia-builder-el-last  column-top-margin\" style='border-radius:0px; '><p><div  class='avia-image-container  av-styling-no-styling    avia-builder-el-33  el_before_av_hr  avia-builder-el-first  avia-align-center '  itemprop=\"image\" itemscope=\"itemscope\" itemtype=\"https:\/\/schema.org\/ImageObject\"  ><div class='avia-image-container-inner'><div class='avia-image-overlay-wrap'><a href='https:\/\/nmeda.org\/industry-resources\/circuit-breaker-magazine\/' class='avia_image' target=\"_blank\" rel=\"noopener noreferrer\"><img width=\"77\" height=\"98\" class='wp-image-65460 avia-img-lazy-loading-not-65460 avia_image' src=\"https:\/\/nmedacanada.ca\/wp-content\/uploads\/2020\/10\/icon12.png\" alt='icon12' title='icon12'  itemprop=\"thumbnailUrl\"  \/><\/a><\/div><\/div><\/div><br \/>\n<div  style=' margin-top:15px; margin-bottom:15px;'  class='hr hr-custom hr-center hr-icon-no   avia-builder-el-34  el_after_av_image  el_before_av_textblock '><span class='hr-inner  inner-border-av-border-thin' style=' width:100%; border-color:#03376a;' ><span class='hr-inner-style'><\/span><\/span><\/div><br \/>\n<section class=\"av_textblock_section \"  itemscope=\"itemscope\" itemtype=\"https:\/\/schema.org\/CreativeWork\" ><div class='avia_textblock  '   itemprop=\"text\" ><h3 style=\"text-align: center;\"><a href=\"https:\/\/nmeda.org\/industry-resources\/circuit-breaker-magazine\/\" target=\"_blank\" rel=\"noopener\"><strong>LE MAGAZINE CIRCUIT BREAKER<\/strong><\/a><\/h3>\n<p class=\"p1\" style=\"text-align: center;\"><span class=\"s1\">Restez \u00c0 Jour Sur Les Derniers \u00c9v\u00e9nements.<\/span><\/p>\n<\/div><\/section><\/p><\/div>\n<\/p>\n","protected":false},"excerpt":{"rendered":"","protected":false},"author":5,"featured_media":0,"parent":0,"menu_order":0,"comment_status":"closed","ping_status":"closed","template":"","meta":{"inline_featured_image":false},"acf":[],"yoast_head":"<!-- This site is optimized with the Yoast SEO plugin v17.8 - https:\/\/yoast.com\/wordpress\/plugins\/seo\/ -->\n<title>Ressources pour les consommateurs - NMEDA<\/title>\n<meta name=\"robots\" content=\"index, follow, max-snippet:-1, max-image-preview:large, max-video-preview:-1\" \/>\n<link rel=\"canonical\" href=\"https:\/\/nmedacanada.ca\/fr\/ressources-pour-les-consommateurs\/\" \/>\n<meta property=\"og:locale\" content=\"fr_FR\" \/>\n<meta property=\"og:type\" content=\"article\" \/>\n<meta property=\"og:title\" content=\"Ressources pour les consommateurs - NMEDA\" \/>\n<meta property=\"og:url\" content=\"https:\/\/nmedacanada.ca\/fr\/ressources-pour-les-consommateurs\/\" \/>\n<meta property=\"og:site_name\" content=\"NMEDA\" \/>\n<meta property=\"article:modified_time\" content=\"2021-10-21T16:51:44+00:00\" \/>\n<meta name=\"twitter:card\" content=\"summary_large_image\" \/>\n<meta name=\"twitter:label1\" content=\"Dur\u00e9e de lecture estim\u00e9e\" \/>\n\t<meta name=\"twitter:data1\" content=\"14 minutes\" \/>\n<script type=\"application\/ld+json\" class=\"yoast-schema-graph\">{\"@context\":\"https:\/\/schema.org\",\"@graph\":[{\"@type\":\"WebSite\",\"@id\":\"https:\/\/nmedacanada.ca\/#website\",\"url\":\"https:\/\/nmedacanada.ca\/\",\"name\":\"NMEDA\",\"description\":\"\",\"potentialAction\":[{\"@type\":\"SearchAction\",\"target\":{\"@type\":\"EntryPoint\",\"urlTemplate\":\"https:\/\/nmedacanada.ca\/?s={search_term_string}\"},\"query-input\":\"required name=search_term_string\"}],\"inLanguage\":\"fr-FR\"},{\"@type\":\"WebPage\",\"@id\":\"https:\/\/nmedacanada.ca\/fr\/ressources-pour-les-consommateurs\/#webpage\",\"url\":\"https:\/\/nmedacanada.ca\/fr\/ressources-pour-les-consommateurs\/\",\"name\":\"Ressources pour les consommateurs - NMEDA\",\"isPartOf\":{\"@id\":\"https:\/\/nmedacanada.ca\/#website\"},\"datePublished\":\"2021-08-29T10:35:05+00:00\",\"dateModified\":\"2021-10-21T16:51:44+00:00\",\"breadcrumb\":{\"@id\":\"https:\/\/nmedacanada.ca\/fr\/ressources-pour-les-consommateurs\/#breadcrumb\"},\"inLanguage\":\"fr-FR\",\"potentialAction\":[{\"@type\":\"ReadAction\",\"target\":[\"https:\/\/nmedacanada.ca\/fr\/ressources-pour-les-consommateurs\/\"]}]},{\"@type\":\"BreadcrumbList\",\"@id\":\"https:\/\/nmedacanada.ca\/fr\/ressources-pour-les-consommateurs\/#breadcrumb\",\"itemListElement\":[{\"@type\":\"ListItem\",\"position\":1,\"name\":\"Home\",\"item\":\"https:\/\/nmedacanada.ca\/fr\/\"},{\"@type\":\"ListItem\",\"position\":2,\"name\":\"Ressources pour les consommateurs\"}]}]}<\/script>\n<!-- \/ Yoast SEO plugin. -->","yoast_head_json":{"title":"Ressources pour les consommateurs - NMEDA","robots":{"index":"index","follow":"follow","max-snippet":"max-snippet:-1","max-image-preview":"max-image-preview:large","max-video-preview":"max-video-preview:-1"},"canonical":"https:\/\/nmedacanada.ca\/fr\/ressources-pour-les-consommateurs\/","og_locale":"fr_FR","og_type":"article","og_title":"Ressources pour les consommateurs - NMEDA","og_url":"https:\/\/nmedacanada.ca\/fr\/ressources-pour-les-consommateurs\/","og_site_name":"NMEDA","article_modified_time":"2021-10-21T16:51:44+00:00","twitter_card":"summary_large_image","twitter_misc":{"Dur\u00e9e de lecture estim\u00e9e":"14 minutes"},"schema":{"@context":"https:\/\/schema.org","@graph":[{"@type":"WebSite","@id":"https:\/\/nmedacanada.ca\/#website","url":"https:\/\/nmedacanada.ca\/","name":"NMEDA","description":"","potentialAction":[{"@type":"SearchAction","target":{"@type":"EntryPoint","urlTemplate":"https:\/\/nmedacanada.ca\/?s={search_term_string}"},"query-input":"required name=search_term_string"}],"inLanguage":"fr-FR"},{"@type":"WebPage","@id":"https:\/\/nmedacanada.ca\/fr\/ressources-pour-les-consommateurs\/#webpage","url":"https:\/\/nmedacanada.ca\/fr\/ressources-pour-les-consommateurs\/","name":"Ressources pour les consommateurs - NMEDA","isPartOf":{"@id":"https:\/\/nmedacanada.ca\/#website"},"datePublished":"2021-08-29T10:35:05+00:00","dateModified":"2021-10-21T16:51:44+00:00","breadcrumb":{"@id":"https:\/\/nmedacanada.ca\/fr\/ressources-pour-les-consommateurs\/#breadcrumb"},"inLanguage":"fr-FR","potentialAction":[{"@type":"ReadAction","target":["https:\/\/nmedacanada.ca\/fr\/ressources-pour-les-consommateurs\/"]}]},{"@type":"BreadcrumbList","@id":"https:\/\/nmedacanada.ca\/fr\/ressources-pour-les-consommateurs\/#breadcrumb","itemListElement":[{"@type":"ListItem","position":1,"name":"Home","item":"https:\/\/nmedacanada.ca\/fr\/"},{"@type":"ListItem","position":2,"name":"Ressources pour les consommateurs"}]}]}},"_links":{"self":[{"href":"https:\/\/nmedacanada.ca\/fr\/wp-json\/wp\/v2\/pages\/65908"}],"collection":[{"href":"https:\/\/nmedacanada.ca\/fr\/wp-json\/wp\/v2\/pages"}],"about":[{"href":"https:\/\/nmedacanada.ca\/fr\/wp-json\/wp\/v2\/types\/page"}],"author":[{"embeddable":true,"href":"https:\/\/nmedacanada.ca\/fr\/wp-json\/wp\/v2\/users\/5"}],"replies":[{"embeddable":true,"href":"https:\/\/nmedacanada.ca\/fr\/wp-json\/wp\/v2\/comments?post=65908"}],"version-history":[{"count":10,"href":"https:\/\/nmedacanada.ca\/fr\/wp-json\/wp\/v2\/pages\/65908\/revisions"}],"predecessor-version":[{"id":67350,"href":"https:\/\/nmedacanada.ca\/fr\/wp-json\/wp\/v2\/pages\/65908\/revisions\/67350"}],"wp:attachment":[{"href":"https:\/\/nmedacanada.ca\/fr\/wp-json\/wp\/v2\/media?parent=65908"}],"curies":[{"name":"wp","href":"https:\/\/api.w.org\/{rel}","templated":true}]}}