{"id":65896,"date":"2021-08-29T09:12:21","date_gmt":"2021-08-29T09:12:21","guid":{"rendered":"https:\/\/www.nmedacanada.ca\/comite-de-mediation\/"},"modified":"2022-02-04T18:14:51","modified_gmt":"2022-02-04T18:14:51","slug":"comite-de-mediation","status":"publish","type":"page","link":"https:\/\/nmedacanada.ca\/fr\/ressources-pour-les-consommateurs\/comite-de-mediation\/","title":{"rendered":"Comit\u00e9 de m\u00e9diation"},"content":{"rendered":"<div id='topbanner'  class='avia-section main_color avia-section-default avia-no-border-styling  avia-full-stretch avia-bg-style-scroll  avia-builder-el-0  el_before_av_section  avia-builder-el-first   av-minimum-height av-minimum-height-custom  container_wrap fullsize' style='background-repeat: no-repeat; background-image: url(https:\/\/nmedacanada.ca\/wp-content\/uploads\/2021\/09\/Dodge_RE_Family_2019_006_High-1500x233.png);background-attachment: scroll; background-position: center center;  '  data-section-bg-repeat='stretch'><div class='container' style='height:290px'><main  role=\"main\" itemprop=\"mainContentOfPage\"  class='template-page content  av-content-full alpha units'><div class='post-entry post-entry-type-page post-entry-65896'><div class='entry-content-wrapper clearfix'>\n<\/div><\/div><\/main><!-- close content main element --><\/div><\/div><div id='dealer-page'  class='avia-section main_color avia-section-default avia-no-border-styling  avia-bg-style-scroll  avia-builder-el-1  el_after_av_section  avia-builder-el-last   container_wrap fullsize' style=' '  ><div class='container' ><div class='template-page content  av-content-full alpha units'><div class='post-entry post-entry-type-page post-entry-65896'><div class='entry-content-wrapper clearfix'>\n<section class=\"av_textblock_section \"  itemscope=\"itemscope\" itemtype=\"https:\/\/schema.org\/CreativeWork\" ><div class='avia_textblock  '   itemprop=\"text\" ><h1><span style=\"color: #03376a;\">Comment D\u00e9poser Une Plainte Contre Un Membre De l&#8217;ANCEM<\/span><\/h1>\n<h4>L&#8217;ANCEM s&#8217;engage \u00e0 respecter les normes de s\u00e9curit\u00e9 les plus \u00e9lev\u00e9es en mati\u00e8re d&#8217;\u00e9quipement de mobilit\u00e9 automobile et \u00e0 satisfaire tous ceux qui travaillent avec nos membres. Parfois, un probl\u00e8me difficile \u00e0 r\u00e9soudre peut survenir. Nous voulons vous entendre si vous n&#8217;\u00eates pas satisfait d&#8217;un produit ou d&#8217;un service d&#8217;un membre de l&#8217;ANCEM afin que nous puissions faire les choses correctement.<\/h4>\n<\/div><\/section>\n<section class=\"av_textblock_section \"  itemscope=\"itemscope\" itemtype=\"https:\/\/schema.org\/CreativeWork\" ><div class='avia_textblock  '  style='font-size:15px; '  itemprop=\"text\" ><p>Suivez les \u00e9tapes ci-dessous et notre Comit\u00e9 De M\u00e9diation Nord-Am\u00e9ricain examinera la plainte. Si vous avez des questions ou avez besoin d&#8217;aide avec le processus, veuillez contacter le bureau de l&#8217;ANCEM. Il est important de noter que le concessionnaire doit \u00eatre un membre actuel de l&#8217;ANCEM au moment o\u00f9 la plainte est d\u00e9pos\u00e9e. Les entit\u00e9s non membres sont hors du contr\u00f4le de l&#8217;ANCEM.<\/p>\n<h4>Pour commencer, veuillez t\u00e9l\u00e9charger <a href=\"https:\/\/www.nmedacanada.ca\/wp-content\/uploads\/2022\/02\/OPS-F09F-C-Consumer-Dlr-Complaint-Form-French_fill.pdf\" target=\"_blank\" rel=\"noopener\">le formulaire de m\u00e9diation n\u00e9cessaire<\/a> et le remplir de l&#8217;une des deux mani\u00e8res suivantes:<\/h4>\n<ol>\n<li>Remplissez le formulaire num\u00e9riquement, puis enregistrez le fichier dans un courriel ou imprimez-le pour envoyer par fax ou par courrier.<\/li>\n<li>Imprimez et remplissez le formulaire \u00e0 la main, puis envoyez-le par courriel, par t\u00e9l\u00e9copieur ou par la poste.<\/li>\n<\/ol>\n<p style=\"padding-left: 40px;\">Adresse courriel:<br \/>\nCanada: <a style=\"color: #00853e;\" href=\"mailto:Canada@nmeda.org\">Canada@nmeda.org\u00a0<\/a><br \/>\n\u00c9U: <a style=\"color: #00853e;\" href=\"mailto:info@nmeda.org\">info@nmeda.org<\/a><br \/>\nT\u00e9l\u00e9copieur: 813.962.8970<br \/>\nCourrier: NMEDA Mediation<br \/>\n3327 West Bearss Avenue<br \/>\nTampa, FL 3361<\/p>\n<\/div><\/section>\n<div  style='height:50px' class='hr hr-invisible   avia-builder-el-4  el_after_av_textblock  avia-builder-el-last '><span class='hr-inner ' ><span class='hr-inner-style'><\/span><\/span><\/div>\n\n","protected":false},"excerpt":{"rendered":"","protected":false},"author":5,"featured_media":0,"parent":65908,"menu_order":0,"comment_status":"closed","ping_status":"closed","template":"","meta":{"inline_featured_image":false},"acf":[],"yoast_head":"<!-- This site is optimized with the Yoast SEO plugin v17.8 - https:\/\/yoast.com\/wordpress\/plugins\/seo\/ -->\n<title>Mediation | NMEDA<\/title>\n<meta name=\"description\" content=\"The following is the process for filing a complaint against a NMEDA member. If you have any questions with regard to the process, please feel free to contact the NMEDA office. Complainant submits a written complaint.\" \/>\n<meta name=\"robots\" content=\"index, follow, max-snippet:-1, max-image-preview:large, max-video-preview:-1\" \/>\n<link rel=\"canonical\" href=\"https:\/\/nmedacanada.ca\/fr\/ressources-pour-les-consommateurs\/comite-de-mediation\/\" \/>\n<meta property=\"og:locale\" content=\"fr_FR\" \/>\n<meta property=\"og:type\" content=\"article\" \/>\n<meta property=\"og:title\" content=\"Mediation | NMEDA\" \/>\n<meta property=\"og:description\" content=\"The following is the process for filing a complaint against a NMEDA member. If you have any questions with regard to the process, please feel free to contact the NMEDA office. Complainant submits a written complaint.\" \/>\n<meta property=\"og:url\" content=\"https:\/\/nmedacanada.ca\/fr\/ressources-pour-les-consommateurs\/comite-de-mediation\/\" \/>\n<meta property=\"og:site_name\" content=\"NMEDA\" \/>\n<meta property=\"article:modified_time\" content=\"2022-02-04T18:14:51+00:00\" \/>\n<meta name=\"twitter:card\" content=\"summary_large_image\" \/>\n<meta name=\"twitter:label1\" content=\"Dur\u00e9e de lecture estim\u00e9e\" \/>\n\t<meta name=\"twitter:data1\" content=\"3 minutes\" \/>\n<script type=\"application\/ld+json\" class=\"yoast-schema-graph\">{\"@context\":\"https:\/\/schema.org\",\"@graph\":[{\"@type\":\"WebSite\",\"@id\":\"https:\/\/nmedacanada.ca\/#website\",\"url\":\"https:\/\/nmedacanada.ca\/\",\"name\":\"NMEDA\",\"description\":\"\",\"potentialAction\":[{\"@type\":\"SearchAction\",\"target\":{\"@type\":\"EntryPoint\",\"urlTemplate\":\"https:\/\/nmedacanada.ca\/?s={search_term_string}\"},\"query-input\":\"required name=search_term_string\"}],\"inLanguage\":\"fr-FR\"},{\"@type\":\"WebPage\",\"@id\":\"https:\/\/nmedacanada.ca\/fr\/ressources-pour-les-consommateurs\/comite-de-mediation\/#webpage\",\"url\":\"https:\/\/nmedacanada.ca\/fr\/ressources-pour-les-consommateurs\/comite-de-mediation\/\",\"name\":\"Mediation | NMEDA\",\"isPartOf\":{\"@id\":\"https:\/\/nmedacanada.ca\/#website\"},\"datePublished\":\"2021-08-29T09:12:21+00:00\",\"dateModified\":\"2022-02-04T18:14:51+00:00\",\"description\":\"The following is the process for filing a complaint against a NMEDA member. If you have any questions with regard to the process, please feel free to contact the NMEDA office. Complainant submits a written complaint.\",\"breadcrumb\":{\"@id\":\"https:\/\/nmedacanada.ca\/fr\/ressources-pour-les-consommateurs\/comite-de-mediation\/#breadcrumb\"},\"inLanguage\":\"fr-FR\",\"potentialAction\":[{\"@type\":\"ReadAction\",\"target\":[\"https:\/\/nmedacanada.ca\/fr\/ressources-pour-les-consommateurs\/comite-de-mediation\/\"]}]},{\"@type\":\"BreadcrumbList\",\"@id\":\"https:\/\/nmedacanada.ca\/fr\/ressources-pour-les-consommateurs\/comite-de-mediation\/#breadcrumb\",\"itemListElement\":[{\"@type\":\"ListItem\",\"position\":1,\"name\":\"Home\",\"item\":\"https:\/\/nmedacanada.ca\/fr\/\"},{\"@type\":\"ListItem\",\"position\":2,\"name\":\"Ressources pour les consommateurs\",\"item\":\"https:\/\/nmedacanada.ca\/fr\/ressources-pour-les-consommateurs\/\"},{\"@type\":\"ListItem\",\"position\":3,\"name\":\"Comit\\u00e9 de m\\u00e9diation\"}]}]}<\/script>\n<!-- \/ Yoast SEO plugin. -->","yoast_head_json":{"title":"Mediation | NMEDA","description":"The following is the process for filing a complaint against a NMEDA member. If you have any questions with regard to the process, please feel free to contact the NMEDA office. Complainant submits a written complaint.","robots":{"index":"index","follow":"follow","max-snippet":"max-snippet:-1","max-image-preview":"max-image-preview:large","max-video-preview":"max-video-preview:-1"},"canonical":"https:\/\/nmedacanada.ca\/fr\/ressources-pour-les-consommateurs\/comite-de-mediation\/","og_locale":"fr_FR","og_type":"article","og_title":"Mediation | NMEDA","og_description":"The following is the process for filing a complaint against a NMEDA member. If you have any questions with regard to the process, please feel free to contact the NMEDA office. Complainant submits a written complaint.","og_url":"https:\/\/nmedacanada.ca\/fr\/ressources-pour-les-consommateurs\/comite-de-mediation\/","og_site_name":"NMEDA","article_modified_time":"2022-02-04T18:14:51+00:00","twitter_card":"summary_large_image","twitter_misc":{"Dur\u00e9e de lecture estim\u00e9e":"3 minutes"},"schema":{"@context":"https:\/\/schema.org","@graph":[{"@type":"WebSite","@id":"https:\/\/nmedacanada.ca\/#website","url":"https:\/\/nmedacanada.ca\/","name":"NMEDA","description":"","potentialAction":[{"@type":"SearchAction","target":{"@type":"EntryPoint","urlTemplate":"https:\/\/nmedacanada.ca\/?s={search_term_string}"},"query-input":"required name=search_term_string"}],"inLanguage":"fr-FR"},{"@type":"WebPage","@id":"https:\/\/nmedacanada.ca\/fr\/ressources-pour-les-consommateurs\/comite-de-mediation\/#webpage","url":"https:\/\/nmedacanada.ca\/fr\/ressources-pour-les-consommateurs\/comite-de-mediation\/","name":"Mediation | NMEDA","isPartOf":{"@id":"https:\/\/nmedacanada.ca\/#website"},"datePublished":"2021-08-29T09:12:21+00:00","dateModified":"2022-02-04T18:14:51+00:00","description":"The following is the process for filing a complaint against a NMEDA member. If you have any questions with regard to the process, please feel free to contact the NMEDA office. Complainant submits a written complaint.","breadcrumb":{"@id":"https:\/\/nmedacanada.ca\/fr\/ressources-pour-les-consommateurs\/comite-de-mediation\/#breadcrumb"},"inLanguage":"fr-FR","potentialAction":[{"@type":"ReadAction","target":["https:\/\/nmedacanada.ca\/fr\/ressources-pour-les-consommateurs\/comite-de-mediation\/"]}]},{"@type":"BreadcrumbList","@id":"https:\/\/nmedacanada.ca\/fr\/ressources-pour-les-consommateurs\/comite-de-mediation\/#breadcrumb","itemListElement":[{"@type":"ListItem","position":1,"name":"Home","item":"https:\/\/nmedacanada.ca\/fr\/"},{"@type":"ListItem","position":2,"name":"Ressources pour les consommateurs","item":"https:\/\/nmedacanada.ca\/fr\/ressources-pour-les-consommateurs\/"},{"@type":"ListItem","position":3,"name":"Comit\u00e9 de m\u00e9diation"}]}]}},"_links":{"self":[{"href":"https:\/\/nmedacanada.ca\/fr\/wp-json\/wp\/v2\/pages\/65896"}],"collection":[{"href":"https:\/\/nmedacanada.ca\/fr\/wp-json\/wp\/v2\/pages"}],"about":[{"href":"https:\/\/nmedacanada.ca\/fr\/wp-json\/wp\/v2\/types\/page"}],"author":[{"embeddable":true,"href":"https:\/\/nmedacanada.ca\/fr\/wp-json\/wp\/v2\/users\/5"}],"replies":[{"embeddable":true,"href":"https:\/\/nmedacanada.ca\/fr\/wp-json\/wp\/v2\/comments?post=65896"}],"version-history":[{"count":9,"href":"https:\/\/nmedacanada.ca\/fr\/wp-json\/wp\/v2\/pages\/65896\/revisions"}],"predecessor-version":[{"id":67875,"href":"https:\/\/nmedacanada.ca\/fr\/wp-json\/wp\/v2\/pages\/65896\/revisions\/67875"}],"up":[{"embeddable":true,"href":"https:\/\/nmedacanada.ca\/fr\/wp-json\/wp\/v2\/pages\/65908"}],"wp:attachment":[{"href":"https:\/\/nmedacanada.ca\/fr\/wp-json\/wp\/v2\/media?parent=65896"}],"curies":[{"name":"wp","href":"https:\/\/api.w.org\/{rel}","templated":true}]}}