{"id":65888,"date":"2021-08-29T09:03:16","date_gmt":"2021-08-29T09:03:16","guid":{"rendered":"https:\/\/www.nmedacanada.ca\/options-dequipement-de-mobilite\/"},"modified":"2021-11-11T21:39:53","modified_gmt":"2021-11-11T21:39:53","slug":"options-dequipement-de-mobilite","status":"publish","type":"page","link":"https:\/\/nmedacanada.ca\/fr\/ressources-pour-les-consommateurs\/options-dequipement-de-mobilite\/","title":{"rendered":"Options d&#8217;\u00e9quipement de mobilit\u00e9"},"content":{"rendered":"<div id='topbanner'  class='avia-section main_color avia-section-default avia-no-border-styling  avia-full-stretch avia-bg-style-scroll  avia-builder-el-0  el_before_av_section  avia-builder-el-first   av-minimum-height av-minimum-height-custom  container_wrap fullsize' style='background-repeat: no-repeat; background-image: url(https:\/\/nmedacanada.ca\/wp-content\/uploads\/2021\/09\/Dodge_RE_Family_2019_006_High-1500x233.png);background-attachment: scroll; background-position: center center;  '  data-section-bg-repeat='stretch'><div class='container' style='height:290px'><main  role=\"main\" itemprop=\"mainContentOfPage\"  class='template-page content  av-content-full alpha units'><div class='post-entry post-entry-type-page post-entry-65888'><div class='entry-content-wrapper clearfix'>\n<\/div><\/div><\/main><!-- close content main element --><\/div><\/div><div id='abouttitle'  class='avia-section main_color avia-section-default avia-no-border-styling  avia-bg-style-scroll  avia-builder-el-1  el_after_av_section  el_before_av_layout_row   container_wrap fullsize' style=' '  ><div class='container' ><div class='template-page content  av-content-full alpha units'><div class='post-entry post-entry-type-page post-entry-65888'><div class='entry-content-wrapper clearfix'>\n<section class=\"av_textblock_section \"  itemscope=\"itemscope\" itemtype=\"https:\/\/schema.org\/CreativeWork\" ><div class='avia_textblock  '   itemprop=\"text\" ><h1><span style=\"color: #03376a;\">Explorez l&#8217;\u00c9quipement De Mobilit\u00e9 Qui Vous Convient<\/span><\/h1>\n<p>Que vous soyez \u00e0 la recherche de <a href=\"https:\/\/www.nmedacanada.ca\/fr\/ressources-pour-les-consommateurs\/\">si\u00e8ges sp\u00e9cialis\u00e9s, attaches de fauteuil roulant, supports pour ranger votre fauteuil roulant pendant la conduite ou commandes manuelles qui \u00e9liminent l&#8217;utilisation de fonctions actionn\u00e9es au pied,<\/a> nos concessionnaires PAQ de l&#8217;ANCEM Canada vous offrent des solutions. Consultez les pages suivantes pour les solutions de produits accessibles aux personnes handicap\u00e9es disponibles pour les conducteurs et passagers en fauteuil roulant ou scooter.<\/p>\n<p>Vous \u00eates pr\u00eat(e) \u00e0 commencer? Trouvez une entreprise membre de l&#8217;ANCEM Canada sous notre <a href=\"https:\/\/www.nmedacanada.ca\/fr\/ressources-pour-les-consommateurs\/industry-directory\/\">R\u00e9pertoire de l&#8217;Industrie.<\/a><\/p>\n<\/div><\/section>\n<section class=\"av_textblock_section \"  itemscope=\"itemscope\" itemtype=\"https:\/\/schema.org\/CreativeWork\" ><div class='avia_textblock  '  style='font-size:14px; '  itemprop=\"text\" ><p>*L&#8217;inscription sur ce site web ne constitue pas une approbation de produits ou services par l&#8217;ANCEM Canada. Consultez toujours un concessionnaire qualifi\u00e9 de l&#8217;ANCEM Canada avant de prendre toute d\u00e9cision d&#8217;achat afin de vous assurer que vous \u00eates jumel\u00e9 avec l&#8217;\u00e9quipement appropri\u00e9 pour vos besoins sp\u00e9cifiques.<\/p>\n<\/div><\/section>\n\n<\/div><\/div><\/div><!-- close content main div --><\/div><\/div><div id='av-layout-grid-1'  class='av-layout-grid-container entry-content-wrapper main_color av-flex-cells     avia-builder-el-4  el_after_av_section  el_before_av_layout_row  submenu-not-first container_wrap fullsize' style=' '  >\n<a class=\"av-screen-reader-only\" href=https:\/\/nmedacanada.ca\/fr\/ressources-pour-les-consommateurs\/options-dequipement-de-mobilite\/vehicules\/ >Le site internet:V\u00e9hicules<\/a><div class=\"flex_cell no_margin av_one_half  avia-builder-el-5  el_before_av_cell_one_half  avia-builder-el-first  custom-grid-height  avia-link-column av-cell-link \"  style='vertical-align:top; padding:10px 10px 10px 100px ; '  data-link-column-url=\"https:\/\/nmedacanada.ca\/fr\/ressources-pour-les-consommateurs\/options-dequipement-de-mobilite\/vehicules\/\" ><div class='flex_cell_inner' ><p><div class='flex_column_table av-equal-height-column-flextable -flextable' ><div class=\"flex_column av_one_third  avia-full-stretch no_margin flex_column_table_cell av-equal-height-column av-align-middle avia-link-column av-column-link first  avia-builder-el-6  el_before_av_two_fifth  avia-builder-el-first  \" style='background:url(https:\/\/nmedacanada.ca\/wp-content\/uploads\/2020\/07\/vehicle.png) center center no-repeat ; padding:100px 0px 100px 0px ; border-radius:0px; ' data-link-column-url=\"https:\/\/www.nmedacanada.ca\/fr\/ressources-pour-les-consommateurs\/options-dequipement-de-mobilite\/vehicules\/\" ><a class=\"av-screen-reader-only\" href=https:\/\/www.nmedacanada.ca\/fr\/ressources-pour-les-consommateurs\/options-dequipement-de-mobilite\/vehicules\/ >Suivre un lien ajout\u00e9 manuellement<\/a><\/div><div class=\"flex_column av_two_fifth  no_margin flex_column_table_cell av-equal-height-column av-align-middle avia-link-column av-column-link   avia-builder-el-7  el_after_av_one_third  el_before_av_one_fourth  custom-text \" style='background: #0a3259; padding:50px 10px 50px 10px ; background-color:#0a3259; border-radius:0px; ' data-link-column-url=\"https:\/\/www.nmedacanada.ca\/fr\/ressources-pour-les-consommateurs\/options-dequipement-de-mobilite\/vehicules\/\" ><a class=\"av-screen-reader-only\" href=https:\/\/www.nmedacanada.ca\/fr\/ressources-pour-les-consommateurs\/options-dequipement-de-mobilite\/vehicules\/ >Suivre un lien ajout\u00e9 manuellement<\/a><section class=\"av_textblock_section \"  itemscope=\"itemscope\" itemtype=\"https:\/\/schema.org\/CreativeWork\" ><div class='avia_textblock  av_inherit_color '  style='font-size:20px; color:#ffffff; '  itemprop=\"text\" ><p><strong>V\u00c9HICULES<\/strong><\/p>\n<\/div><\/section><\/div><div class=\"flex_column av_one_fourth  no_margin flex_column_table_cell av-equal-height-column av-align-middle av-zero-column-padding avia-link-column av-column-link   avia-builder-el-9  el_after_av_two_fifth  avia-builder-el-last  flax-icon \" style='background: #0a3259; background-color:#0a3259; border-radius:0px; ' data-link-column-url=\"https:\/\/www.nmedacanada.ca\/fr\/ressources-pour-les-consommateurs\/options-dequipement-de-mobilite\/vehicules\/\" ><a class=\"av-screen-reader-only\" href=https:\/\/www.nmedacanada.ca\/fr\/ressources-pour-les-consommateurs\/options-dequipement-de-mobilite\/vehicules\/ >Suivre un lien ajout\u00e9 manuellement<\/a><div  class='avia-image-container  av-styling-    avia-builder-el-10  avia-builder-el-no-sibling  avia-align-center '  itemprop=\"image\" itemscope=\"itemscope\" itemtype=\"https:\/\/schema.org\/ImageObject\"  ><div class='avia-image-container-inner'><div class='avia-image-overlay-wrap'><a href='https:\/\/www.nmedacanada.ca\/fr\/ressources-pour-les-consommateurs\/options-dequipement-de-mobilite\/vehicules\/' class='avia_image'  ><img width=\"83\" height=\"61\" class='wp-image-63745 avia-img-lazy-loading-not-63745 avia_image' src=\"https:\/\/nmedacanada.ca\/wp-content\/uploads\/2020\/07\/right-arrow.png\" alt='' title='right arrow'  itemprop=\"thumbnailUrl\"  \/><\/a><\/div><\/div><\/div><\/div><\/div><!--close column table wrapper. Autoclose: 1 --><\/p>\n<\/div><\/div><a class=\"av-screen-reader-only\" href=https:\/\/nmedacanada.ca\/fr\/ressources-pour-les-consommateurs\/options-dequipement-de-mobilite\/monte-charge\/ >Le site internet:Monte-Charge<\/a><div class=\"flex_cell no_margin av_one_half  avia-builder-el-11  el_after_av_cell_one_half  avia-builder-el-last  custom-grid-height  avia-link-column av-cell-link \"  style='vertical-align:top; padding:10px 100px 10px 10px ; '  data-link-column-url=\"https:\/\/nmedacanada.ca\/fr\/ressources-pour-les-consommateurs\/options-dequipement-de-mobilite\/monte-charge\/\" ><div class='flex_cell_inner' ><p><div class='flex_column_table av-equal-height-column-flextable -flextable' ><div class=\"flex_column av_one_third  avia-full-stretch no_margin flex_column_table_cell av-equal-height-column av-align-middle first  avia-builder-el-12  el_before_av_two_fifth  avia-builder-el-first  \" style='background:url(https:\/\/nmedacanada.ca\/wp-content\/uploads\/2020\/07\/lifts.png) center center no-repeat ; padding:100px 0px 100px 0px ; border-radius:0px; '><\/div><div class=\"flex_column av_two_fifth  no_margin flex_column_table_cell av-equal-height-column av-align-middle   avia-builder-el-13  el_after_av_one_third  el_before_av_one_fourth  custom-text \" style='background: #0a3259; padding:50px 10px 50px 10px ; background-color:#0a3259; border-radius:0px; '><section class=\"av_textblock_section \"  itemscope=\"itemscope\" itemtype=\"https:\/\/schema.org\/CreativeWork\" ><div class='avia_textblock  av_inherit_color '  style='font-size:20px; color:#ffffff; '  itemprop=\"text\" ><p><strong>MONTE-CHARGE<\/strong><\/p>\n<\/div><\/section><\/div><div class=\"flex_column av_one_fourth  no_margin flex_column_table_cell av-equal-height-column av-align-middle   avia-builder-el-15  el_after_av_two_fifth  avia-builder-el-last  flax-icon \" style='background: #0a3259; padding:px; background-color:#0a3259; border-radius:0px; '><div  class='avia-image-container  av-styling-    avia-builder-el-16  avia-builder-el-no-sibling  avia-align-center '  itemprop=\"image\" itemscope=\"itemscope\" itemtype=\"https:\/\/schema.org\/ImageObject\"  ><div class='avia-image-container-inner'><div class='avia-image-overlay-wrap'><img class='wp-image-63745 avia-img-lazy-loading-not-63745 avia_image' src=\"https:\/\/nmedacanada.ca\/wp-content\/uploads\/2020\/07\/right-arrow.png\" alt='' title='right arrow' height=\"61\" width=\"83\"  itemprop=\"thumbnailUrl\"  \/><\/div><\/div><\/div><\/div><\/div><!--close column table wrapper. Autoclose: 1 --><\/p>\n<\/div><\/div><\/div><div id='av-layout-grid-2'  class='av-layout-grid-container entry-content-wrapper main_color av-flex-cells     avia-builder-el-17  el_after_av_layout_row  avia-builder-el-last  submenu-not-first container_wrap fullsize' style=' '  >\n<a class=\"av-screen-reader-only\" href=https:\/\/nmedacanada.ca\/fr\/ressources-pour-les-consommateurs\/options-dequipement-de-mobilite\/sieges-et-systems-dancrage-en-position-conducteur\/ >Le site internet:Si\u00e8ges et Systems d\u2019ancrage en position conducteur<\/a><div class=\"flex_cell no_margin av_one_half  avia-builder-el-18  el_before_av_cell_one_half  avia-builder-el-first  custom-grid-height  avia-link-column av-cell-link \"  style='vertical-align:top; padding:10px 10px 10px 100px ; '  data-link-column-url=\"https:\/\/nmedacanada.ca\/fr\/ressources-pour-les-consommateurs\/options-dequipement-de-mobilite\/sieges-et-systems-dancrage-en-position-conducteur\/\" ><div class='flex_cell_inner' ><p><div class='flex_column_table av-equal-height-column-flextable -flextable' ><div class=\"flex_column av_one_third  avia-full-stretch no_margin flex_column_table_cell av-equal-height-column av-align-middle avia-link-column av-column-link first  avia-builder-el-19  el_before_av_two_fifth  avia-builder-el-first  \" style='background:url(https:\/\/nmedacanada.ca\/wp-content\/uploads\/2020\/07\/seating.png) center center no-repeat ; padding:100px 0px 100px 0px ; border-radius:0px; ' data-link-column-url=\"https:\/\/www.nmedacanada.ca\/seating-securements\/\" ><a class=\"av-screen-reader-only\" href=https:\/\/www.nmedacanada.ca\/seating-securements\/ >Suivre un lien ajout\u00e9 manuellement<\/a><\/div><div class=\"flex_column av_two_fifth  no_margin flex_column_table_cell av-equal-height-column av-align-middle avia-link-column av-column-link   avia-builder-el-20  el_after_av_one_third  el_before_av_one_fourth  custom-text \" style='background: #0a3259; padding:50px 10px 50px 10px ; background-color:#0a3259; border-radius:0px; ' data-link-column-url=\"https:\/\/www.nmedacanada.ca\/seating-securements\/\" ><a class=\"av-screen-reader-only\" href=https:\/\/www.nmedacanada.ca\/seating-securements\/ >Suivre un lien ajout\u00e9 manuellement<\/a><section class=\"av_textblock_section \"  itemscope=\"itemscope\" itemtype=\"https:\/\/schema.org\/CreativeWork\" ><div class='avia_textblock  av_inherit_color '  style='font-size:20px; color:#ffffff; '  itemprop=\"text\" ><p><strong>SI\u00c8GES ET SYSTEMS D\u2019ANCRAGE EN POSITION CONDUCTEUR<\/strong><\/p>\n<\/div><\/section><\/div><div class=\"flex_column av_one_fourth  no_margin flex_column_table_cell av-equal-height-column av-align-middle av-zero-column-padding   avia-builder-el-22  el_after_av_two_fifth  avia-builder-el-last  flax-icon \" style='background: #0a3259; background-color:#0a3259; border-radius:0px; '><div  class='avia-image-container  av-styling-    avia-builder-el-23  avia-builder-el-no-sibling  avia-align-center '  itemprop=\"image\" itemscope=\"itemscope\" itemtype=\"https:\/\/schema.org\/ImageObject\"  ><div class='avia-image-container-inner'><div class='avia-image-overlay-wrap'><a href='https:\/\/www.nmedacanada.ca\/seating-securements\/' class='avia_image'  ><img width=\"83\" height=\"61\" class='wp-image-63745 avia-img-lazy-loading-not-63745 avia_image' src=\"https:\/\/nmedacanada.ca\/wp-content\/uploads\/2020\/07\/right-arrow.png\" alt='' title='right arrow'  itemprop=\"thumbnailUrl\"  \/><\/a><\/div><\/div><\/div><\/div><\/div><!--close column table wrapper. Autoclose: 1 --><\/p>\n<\/div><\/div><a class=\"av-screen-reader-only\" href=https:\/\/nmedacanada.ca\/fr\/ressources-pour-les-consommateurs\/options-dequipement-de-mobilite\/les-commandes-de-conduite\/ >Le site internet:Les commandes de conduite<\/a><div class=\"flex_cell no_margin av_one_half  avia-builder-el-24  el_after_av_cell_one_half  avia-builder-el-last  custom-grid-height  avia-link-column av-cell-link \"  style='vertical-align:top; padding:10px 100px 10px 10px ; '  data-link-column-url=\"https:\/\/nmedacanada.ca\/fr\/ressources-pour-les-consommateurs\/options-dequipement-de-mobilite\/les-commandes-de-conduite\/\" ><div class='flex_cell_inner' ><p><div class='flex_column_table av-equal-height-column-flextable -flextable' ><div class=\"flex_column av_one_third  avia-full-stretch no_margin flex_column_table_cell av-equal-height-column av-align-middle avia-link-column av-column-link first  avia-builder-el-25  el_before_av_two_fifth  avia-builder-el-first  \" style='background:url(https:\/\/nmedacanada.ca\/wp-content\/uploads\/2020\/07\/driving-1.png) center center no-repeat ; padding:100px 0px 100px 0px ; border-radius:0px; ' data-link-column-url=\"https:\/\/www.nmedacanada.ca\/driving-controls\/\" ><a class=\"av-screen-reader-only\" href=https:\/\/www.nmedacanada.ca\/driving-controls\/ >Suivre un lien ajout\u00e9 manuellement<\/a><\/div><div class=\"flex_column av_two_fifth  no_margin flex_column_table_cell av-equal-height-column av-align-middle avia-link-column av-column-link   avia-builder-el-26  el_after_av_one_third  el_before_av_one_fourth  custom-text \" style='background: #0a3259; padding:50px 10px 50px 10px ; background-color:#0a3259; border-radius:0px; ' data-link-column-url=\"https:\/\/www.nmedacanada.ca\/driving-controls\/\" ><a class=\"av-screen-reader-only\" href=https:\/\/www.nmedacanada.ca\/driving-controls\/ >Suivre un lien ajout\u00e9 manuellement<\/a><section class=\"av_textblock_section \"  itemscope=\"itemscope\" itemtype=\"https:\/\/schema.org\/CreativeWork\" ><div class='avia_textblock  av_inherit_color '  style='font-size:20px; color:#ffffff; '  itemprop=\"text\" ><p><strong>LES COMMANDES DE CONDUITE <\/strong><\/p>\n<\/div><\/section><\/div><div class=\"flex_column av_one_fourth  no_margin flex_column_table_cell av-equal-height-column av-align-middle   avia-builder-el-28  el_after_av_two_fifth  avia-builder-el-last  flax-icon \" style='background: #0a3259; padding:px; background-color:#0a3259; border-radius:0px; '><div  class='avia-image-container  av-styling-    avia-builder-el-29  avia-builder-el-no-sibling  avia-align-center '  itemprop=\"image\" itemscope=\"itemscope\" itemtype=\"https:\/\/schema.org\/ImageObject\"  ><div class='avia-image-container-inner'><div class='avia-image-overlay-wrap'><a href='https:\/\/www.nmedacanada.ca\/driving-controls\/' class='avia_image'  ><img width=\"83\" height=\"61\" class='wp-image-63745 avia-img-lazy-loading-not-63745 avia_image' src=\"https:\/\/nmedacanada.ca\/wp-content\/uploads\/2020\/07\/right-arrow.png\" alt='' title='right arrow'  itemprop=\"thumbnailUrl\"  \/><\/a><\/div><\/div><\/div><\/div><\/div><!--close column table wrapper. Autoclose: 1 --><\/p>\n<\/div><\/div>\n<\/div><\/p>\n","protected":false},"excerpt":{"rendered":"","protected":false},"author":5,"featured_media":0,"parent":65908,"menu_order":0,"comment_status":"closed","ping_status":"closed","template":"","meta":{"inline_featured_image":false},"acf":[],"yoast_head":"<!-- This site is optimized with the Yoast SEO plugin v17.8 - https:\/\/yoast.com\/wordpress\/plugins\/seo\/ -->\n<title>Options d&#039;\u00e9quipement de mobilit\u00e9 - NMEDA<\/title>\n<meta name=\"robots\" content=\"index, follow, max-snippet:-1, max-image-preview:large, max-video-preview:-1\" \/>\n<link rel=\"canonical\" href=\"https:\/\/nmedacanada.ca\/fr\/ressources-pour-les-consommateurs\/options-dequipement-de-mobilite\/\" \/>\n<meta property=\"og:locale\" content=\"fr_FR\" \/>\n<meta property=\"og:type\" content=\"article\" \/>\n<meta property=\"og:title\" content=\"Options d&#039;\u00e9quipement de mobilit\u00e9 - NMEDA\" \/>\n<meta property=\"og:url\" content=\"https:\/\/nmedacanada.ca\/fr\/ressources-pour-les-consommateurs\/options-dequipement-de-mobilite\/\" \/>\n<meta property=\"og:site_name\" content=\"NMEDA\" \/>\n<meta property=\"article:modified_time\" content=\"2021-11-11T21:39:53+00:00\" \/>\n<meta name=\"twitter:card\" content=\"summary_large_image\" \/>\n<meta name=\"twitter:label1\" content=\"Dur\u00e9e de lecture estim\u00e9e\" \/>\n\t<meta name=\"twitter:data1\" content=\"15 minutes\" \/>\n<script type=\"application\/ld+json\" class=\"yoast-schema-graph\">{\"@context\":\"https:\/\/schema.org\",\"@graph\":[{\"@type\":\"WebSite\",\"@id\":\"https:\/\/nmedacanada.ca\/#website\",\"url\":\"https:\/\/nmedacanada.ca\/\",\"name\":\"NMEDA\",\"description\":\"\",\"potentialAction\":[{\"@type\":\"SearchAction\",\"target\":{\"@type\":\"EntryPoint\",\"urlTemplate\":\"https:\/\/nmedacanada.ca\/?s={search_term_string}\"},\"query-input\":\"required name=search_term_string\"}],\"inLanguage\":\"fr-FR\"},{\"@type\":\"WebPage\",\"@id\":\"https:\/\/nmedacanada.ca\/fr\/ressources-pour-les-consommateurs\/options-dequipement-de-mobilite\/#webpage\",\"url\":\"https:\/\/nmedacanada.ca\/fr\/ressources-pour-les-consommateurs\/options-dequipement-de-mobilite\/\",\"name\":\"Options d'\\u00e9quipement de mobilit\\u00e9 - NMEDA\",\"isPartOf\":{\"@id\":\"https:\/\/nmedacanada.ca\/#website\"},\"datePublished\":\"2021-08-29T09:03:16+00:00\",\"dateModified\":\"2021-11-11T21:39:53+00:00\",\"breadcrumb\":{\"@id\":\"https:\/\/nmedacanada.ca\/fr\/ressources-pour-les-consommateurs\/options-dequipement-de-mobilite\/#breadcrumb\"},\"inLanguage\":\"fr-FR\",\"potentialAction\":[{\"@type\":\"ReadAction\",\"target\":[\"https:\/\/nmedacanada.ca\/fr\/ressources-pour-les-consommateurs\/options-dequipement-de-mobilite\/\"]}]},{\"@type\":\"BreadcrumbList\",\"@id\":\"https:\/\/nmedacanada.ca\/fr\/ressources-pour-les-consommateurs\/options-dequipement-de-mobilite\/#breadcrumb\",\"itemListElement\":[{\"@type\":\"ListItem\",\"position\":1,\"name\":\"Home\",\"item\":\"https:\/\/nmedacanada.ca\/fr\/\"},{\"@type\":\"ListItem\",\"position\":2,\"name\":\"Ressources pour les consommateurs\",\"item\":\"https:\/\/nmedacanada.ca\/fr\/ressources-pour-les-consommateurs\/\"},{\"@type\":\"ListItem\",\"position\":3,\"name\":\"Options d&#8217;\\u00e9quipement de mobilit\\u00e9\"}]}]}<\/script>\n<!-- \/ Yoast SEO plugin. -->","yoast_head_json":{"title":"Options d'\u00e9quipement de mobilit\u00e9 - NMEDA","robots":{"index":"index","follow":"follow","max-snippet":"max-snippet:-1","max-image-preview":"max-image-preview:large","max-video-preview":"max-video-preview:-1"},"canonical":"https:\/\/nmedacanada.ca\/fr\/ressources-pour-les-consommateurs\/options-dequipement-de-mobilite\/","og_locale":"fr_FR","og_type":"article","og_title":"Options d'\u00e9quipement de mobilit\u00e9 - NMEDA","og_url":"https:\/\/nmedacanada.ca\/fr\/ressources-pour-les-consommateurs\/options-dequipement-de-mobilite\/","og_site_name":"NMEDA","article_modified_time":"2021-11-11T21:39:53+00:00","twitter_card":"summary_large_image","twitter_misc":{"Dur\u00e9e de lecture estim\u00e9e":"15 minutes"},"schema":{"@context":"https:\/\/schema.org","@graph":[{"@type":"WebSite","@id":"https:\/\/nmedacanada.ca\/#website","url":"https:\/\/nmedacanada.ca\/","name":"NMEDA","description":"","potentialAction":[{"@type":"SearchAction","target":{"@type":"EntryPoint","urlTemplate":"https:\/\/nmedacanada.ca\/?s={search_term_string}"},"query-input":"required name=search_term_string"}],"inLanguage":"fr-FR"},{"@type":"WebPage","@id":"https:\/\/nmedacanada.ca\/fr\/ressources-pour-les-consommateurs\/options-dequipement-de-mobilite\/#webpage","url":"https:\/\/nmedacanada.ca\/fr\/ressources-pour-les-consommateurs\/options-dequipement-de-mobilite\/","name":"Options d'\u00e9quipement de mobilit\u00e9 - NMEDA","isPartOf":{"@id":"https:\/\/nmedacanada.ca\/#website"},"datePublished":"2021-08-29T09:03:16+00:00","dateModified":"2021-11-11T21:39:53+00:00","breadcrumb":{"@id":"https:\/\/nmedacanada.ca\/fr\/ressources-pour-les-consommateurs\/options-dequipement-de-mobilite\/#breadcrumb"},"inLanguage":"fr-FR","potentialAction":[{"@type":"ReadAction","target":["https:\/\/nmedacanada.ca\/fr\/ressources-pour-les-consommateurs\/options-dequipement-de-mobilite\/"]}]},{"@type":"BreadcrumbList","@id":"https:\/\/nmedacanada.ca\/fr\/ressources-pour-les-consommateurs\/options-dequipement-de-mobilite\/#breadcrumb","itemListElement":[{"@type":"ListItem","position":1,"name":"Home","item":"https:\/\/nmedacanada.ca\/fr\/"},{"@type":"ListItem","position":2,"name":"Ressources pour les consommateurs","item":"https:\/\/nmedacanada.ca\/fr\/ressources-pour-les-consommateurs\/"},{"@type":"ListItem","position":3,"name":"Options d&#8217;\u00e9quipement de mobilit\u00e9"}]}]}},"_links":{"self":[{"href":"https:\/\/nmedacanada.ca\/fr\/wp-json\/wp\/v2\/pages\/65888"}],"collection":[{"href":"https:\/\/nmedacanada.ca\/fr\/wp-json\/wp\/v2\/pages"}],"about":[{"href":"https:\/\/nmedacanada.ca\/fr\/wp-json\/wp\/v2\/types\/page"}],"author":[{"embeddable":true,"href":"https:\/\/nmedacanada.ca\/fr\/wp-json\/wp\/v2\/users\/5"}],"replies":[{"embeddable":true,"href":"https:\/\/nmedacanada.ca\/fr\/wp-json\/wp\/v2\/comments?post=65888"}],"version-history":[{"count":21,"href":"https:\/\/nmedacanada.ca\/fr\/wp-json\/wp\/v2\/pages\/65888\/revisions"}],"predecessor-version":[{"id":67269,"href":"https:\/\/nmedacanada.ca\/fr\/wp-json\/wp\/v2\/pages\/65888\/revisions\/67269"}],"up":[{"embeddable":true,"href":"https:\/\/nmedacanada.ca\/fr\/wp-json\/wp\/v2\/pages\/65908"}],"wp:attachment":[{"href":"https:\/\/nmedacanada.ca\/fr\/wp-json\/wp\/v2\/media?parent=65888"}],"curies":[{"name":"wp","href":"https:\/\/api.w.org\/{rel}","templated":true}]}}