{"id":65863,"date":"2021-08-29T08:15:00","date_gmt":"2021-08-29T08:15:00","guid":{"rendered":"https:\/\/www.nmedacanada.ca\/programme-dassurance-qualite\/"},"modified":"2021-11-23T13:36:55","modified_gmt":"2021-11-23T13:36:55","slug":"programme-dassurance-qualite","status":"publish","type":"page","link":"https:\/\/nmedacanada.ca\/fr\/ressources-pour-les-consommateurs\/programme-dassurance-qualite\/","title":{"rendered":"Programme d\u2019Assurance Qualit\u00e9\u2122"},"content":{"rendered":"<div id='topbanner'  class='avia-section main_color avia-section-default avia-no-border-styling  avia-full-stretch avia-bg-style-scroll  avia-builder-el-0  el_before_av_section  avia-builder-el-first   av-minimum-height av-minimum-height-custom  container_wrap fullsize' style='background-repeat: no-repeat; background-image: url(https:\/\/nmedacanada.ca\/wp-content\/uploads\/2020\/09\/QAP-Header_2.jpg);background-attachment: scroll; background-position: center center;  '  data-section-bg-repeat='stretch'><div class='container' style='height:290px'><main  role=\"main\" itemprop=\"mainContentOfPage\"  class='template-page content  av-content-full alpha units'><div class='post-entry post-entry-type-page post-entry-65863'><div class='entry-content-wrapper clearfix'>\n<\/div><\/div><\/main><!-- close content main element --><\/div><\/div><div id='compliencetitle'  class='avia-section main_color avia-section-default avia-no-border-styling  avia-bg-style-scroll  avia-builder-el-1  el_after_av_section  el_before_av_section   container_wrap fullsize' style=' '  ><div class='container' ><div class='template-page content  av-content-full alpha units'><div class='post-entry post-entry-type-page post-entry-65863'><div class='entry-content-wrapper clearfix'>\n<div class=\"flex_column av_one_fifth  flex_column_div first  avia-builder-el-2  el_before_av_four_fifth  avia-builder-el-first  \" style='padding:10px; border-radius:0px; '><div  class='avia-image-container  av-styling-    avia-builder-el-3  avia-builder-el-no-sibling  avia-align-center '  itemprop=\"image\" itemscope=\"itemscope\" itemtype=\"https:\/\/schema.org\/ImageObject\"  ><div class='avia-image-container-inner'><div class='avia-image-overlay-wrap'><img class='wp-image-66278 avia-img-lazy-loading-not-66278 avia_image' src=\"https:\/\/nmedacanada.ca\/wp-content\/uploads\/2021\/09\/QAP_LOGO_April2015_TM-300x300.png\" alt='' title='QAP_LOGO_April2015_TM' height=\"300\" width=\"300\"  itemprop=\"thumbnailUrl\" srcset=\"https:\/\/nmedacanada.ca\/wp-content\/uploads\/2021\/09\/QAP_LOGO_April2015_TM-300x300.png 300w, https:\/\/nmedacanada.ca\/wp-content\/uploads\/2021\/09\/QAP_LOGO_April2015_TM-80x80.png 80w, https:\/\/nmedacanada.ca\/wp-content\/uploads\/2021\/09\/QAP_LOGO_April2015_TM-768x770.png 768w, https:\/\/nmedacanada.ca\/wp-content\/uploads\/2021\/09\/QAP_LOGO_April2015_TM-449x450.png 449w, https:\/\/nmedacanada.ca\/wp-content\/uploads\/2021\/09\/QAP_LOGO_April2015_TM-36x36.png 36w, https:\/\/nmedacanada.ca\/wp-content\/uploads\/2021\/09\/QAP_LOGO_April2015_TM-180x180.png 180w, https:\/\/nmedacanada.ca\/wp-content\/uploads\/2021\/09\/QAP_LOGO_April2015_TM-703x705.png 703w, https:\/\/nmedacanada.ca\/wp-content\/uploads\/2021\/09\/QAP_LOGO_April2015_TM.png 995w\" sizes=\"(max-width: 300px) 100vw, 300px\" \/><\/div><\/div><\/div><\/div><div class=\"flex_column av_four_fifth  flex_column_div   avia-builder-el-4  el_after_av_one_fifth  el_before_av_textblock  \" style='padding:10px; border-radius:0px; '><section class=\"av_textblock_section \"  itemscope=\"itemscope\" itemtype=\"https:\/\/schema.org\/CreativeWork\" ><div class='avia_textblock  '   itemprop=\"text\" ><h1><span style=\"color: #03376a;\">Programme d\u2019Assurance Qualit\u00e9\u2122<\/span><\/h1>\n<p>Le Programme d&#8217;Assurance Qualit\u00e9 de l&#8217;ANCEM\u2122 (PAQ) est le seul programme d&#8217;accr\u00e9ditation reconnu \u00e0 l&#8217;\u00e9chelle nationale au sein de l&#8217;industrie de l&#8217;\u00e9quipement de mobilit\u00e9<\/p>\n<\/div><\/section><\/div><section class=\"av_textblock_section \"  itemscope=\"itemscope\" itemtype=\"https:\/\/schema.org\/CreativeWork\" ><div class='avia_textblock  '   itemprop=\"text\" ><p>Notre programme est con\u00e7u pour \u00e9lever les normes de qualit\u00e9 et de performance des \u00e9quipements de mobilit\u00e9 et des conversions, garantissant la s\u00e9curit\u00e9 et le confort des personnes conduisant ou circulant dans des v\u00e9hicules accessibles en fauteuil roulant.<\/p>\n<p>Pour maintenir un niveau de qualit\u00e9 constant et \u00e9lev\u00e9,<strong> tous les concessionnaires de l&#8217;ANCEM Canada doivent \u00eatre accr\u00e9dit\u00e9 PAQ.<\/strong> Cette accr\u00e9ditation profite non seulement aux clients qui ach\u00e8tent des v\u00e9hicules de mobilit\u00e9, mais informe \u00e9galement le public et la communaut\u00e9 de l&#8217;engagement de nos membres en mati\u00e8re de s\u00e9curit\u00e9 et de qualit\u00e9.<\/p>\n<h4>Le PAQ est \u00e0 propos d\u2019une chose \u2013 la s\u00e9curit\u00e9.<br \/>\nCouper un coin peut co\u00fbter des vies \u2013 la s\u00e9curit\u00e9 est donc une priorit\u00e9 \u00e0 tout moment.<\/h4>\n<p>Chaque ann\u00e9e, les concessionnaires de l&#8217;ANCEM Canada subissent une v\u00e9rification par un tiers pour s&#8217;assurer qu&#8217;ils adh\u00e8rent aux <a href=\"https:\/\/nmeda.org\/qaprules_fr\" target=\"_blank\" rel=\"noopener\">R\u00e8gles du PAQ<\/a> et aux <a href=\"https:\/\/nmeda.org\/qapguidelines_fr\" target=\"_blank\" rel=\"noopener\">Lignes Directrices<\/a>. Les concessionnaires de l&#8217;ANCEM Canada doivent:<\/p>\n<ul>\n<li>Maintenir un Manuel de Contr\u00f4le de Qualit\u00e9 documentant les processus, les outils, la formation et les installations<\/li>\n<li>Avoir des techniciens form\u00e9s et certifi\u00e9s pour l&#8217;\u00e9quipement qu&#8217;ils vendent, entretiennent et installent<\/li>\n<li>Fournir un service d&#8217;urgence 24 heures sur 24<\/li>\n<li>Avoir des soudeurs certifi\u00e9s si des modifications structurelles sont effectu\u00e9es sur les v\u00e9hicules<\/li>\n<li>R\u00e9pondre aux exigences des installations accessibles<\/li>\n<li>Maintenir des outils sp\u00e9cialis\u00e9s et des calibrages<\/li>\n<li>Tenir des registres de tous les travaux d&#8217;adaptation<\/li>\n<li>Maintenir une assurance responsabilit\u00e9 civile Garagiste et autres assurances responsabilit\u00e9 civile requises<\/li>\n<li>Respecter les d\u00e9cisions du comit\u00e9 de m\u00e9diation lorsqu&#8217;une plainte de consommateur est d\u00e9pos\u00e9e<\/li>\n<li>Respecter les Lignes Directrices de l&#8217;ANCEM<\/li>\n<\/ul>\n<\/div><\/section>\n\n<\/div><\/div><\/div><!-- close content main div --><\/div><\/div><div id='columntext'  class='avia-section main_color avia-section-default avia-no-border-styling  avia-bg-style-scroll  avia-builder-el-7  el_after_av_section  avia-builder-el-last   container_wrap fullsize' style=' '  ><div class='container' ><div class='template-page content  av-content-full alpha units'><div class='post-entry post-entry-type-page post-entry-65863'><div class='entry-content-wrapper clearfix'>\n<div class=\"flex_column av_one_half  flex_column_div av-zero-column-padding first  avia-builder-el-8  el_before_av_one_half  avia-builder-el-first  \" style='border-radius:0px; '><section class=\"av_textblock_section \"  itemscope=\"itemscope\" itemtype=\"https:\/\/schema.org\/CreativeWork\" ><div class='avia_textblock  '   itemprop=\"text\" ><div class=\"left-side\">\n<ul>\n<li>\n<div class=\"icon-img\"><img loading=\"lazy\" class=\"alignleft size-full wp-image-65471\" src=\"https:\/\/www.nmedacanada.ca\/wp-content\/uploads\/2020\/10\/Quality_Control_Manual.png\" alt=\"\" width=\"48\" height=\"48\" srcset=\"https:\/\/nmedacanada.ca\/wp-content\/uploads\/2020\/10\/Quality_Control_Manual.png 48w, https:\/\/nmedacanada.ca\/wp-content\/uploads\/2020\/10\/Quality_Control_Manual-36x36.png 36w\" sizes=\"(max-width: 48px) 100vw, 48px\" \/><\/div>\n<div class=\"righttext\">\n<h3><\/h3>\n<h3>Manuel De Contr\u00f4le Qualit\u00e9<\/h3>\n<p>Outils, formations et processus document\u00e9s.<\/p>\n<\/div>\n<\/li>\n<li>\n<div class=\"icon-img\"><img loading=\"lazy\" class=\"alignleft size-full wp-image-65467\" src=\"https:\/\/www.nmedacanada.ca\/wp-content\/uploads\/2020\/10\/Insurance.png\" alt=\"\" width=\"48\" height=\"48\" srcset=\"https:\/\/nmedacanada.ca\/wp-content\/uploads\/2020\/10\/Insurance.png 48w, https:\/\/nmedacanada.ca\/wp-content\/uploads\/2020\/10\/Insurance-36x36.png 36w\" sizes=\"(max-width: 48px) 100vw, 48px\" \/><\/div>\n<div class=\"righttext\">\n<h3>Assurances<\/h3>\n<p>Minimums requis pour la Responsabilit\u00e9, les Garagistes et plus encore.<\/p>\n<\/div>\n<\/li>\n<li>\n<div class=\"icon-img\"><img loading=\"lazy\" class=\"alignleft size-full wp-image-65475\" src=\"https:\/\/www.nmedacanada.ca\/wp-content\/uploads\/2020\/10\/Training.png\" alt=\"\" width=\"48\" height=\"48\" srcset=\"https:\/\/nmedacanada.ca\/wp-content\/uploads\/2020\/10\/Training.png 48w, https:\/\/nmedacanada.ca\/wp-content\/uploads\/2020\/10\/Training-36x36.png 36w\" sizes=\"(max-width: 48px) 100vw, 48px\" \/><\/div>\n<div class=\"righttext\">\n<h3>Formation<\/h3>\n<p>Programmes approuv\u00e9s par l&#8217;ANCEM Canada et techniciens certifi\u00e9s par le fabricant.<\/p>\n<\/div>\n<\/li>\n<li>\n<div class=\"icon-img\"><img loading=\"lazy\" class=\"alignleft size-full wp-image-65472\" src=\"https:\/\/www.nmedacanada.ca\/wp-content\/uploads\/2020\/10\/Record_Keeping.png\" alt=\"\" width=\"48\" height=\"48\" srcset=\"https:\/\/nmedacanada.ca\/wp-content\/uploads\/2020\/10\/Record_Keeping.png 48w, https:\/\/nmedacanada.ca\/wp-content\/uploads\/2020\/10\/Record_Keeping-36x36.png 36w\" sizes=\"(max-width: 48px) 100vw, 48px\" \/><\/div>\n<div class=\"righttext\">\n<h3>Tenue De Dossiers<\/h3>\n<p>Dossiers complets de toutes les modifications, conserv\u00e9s pendant au moins 7 ans.<\/p>\n<\/div>\n<\/li>\n<li>\n<div class=\"icon-img\"><img loading=\"lazy\" class=\"alignleft size-full wp-image-65461\" src=\"https:\/\/www.nmedacanada.ca\/wp-content\/uploads\/2020\/10\/3rdParty_Audits.png\" alt=\"\" width=\"48\" height=\"48\" srcset=\"https:\/\/nmedacanada.ca\/wp-content\/uploads\/2020\/10\/3rdParty_Audits.png 48w, https:\/\/nmedacanada.ca\/wp-content\/uploads\/2020\/10\/3rdParty_Audits-36x36.png 36w\" sizes=\"(max-width: 48px) 100vw, 48px\" \/><\/div>\n<div class=\"righttext\">\n<h3>Audits Annuels De Tiers<\/h3>\n<p>Audit ind\u00e9pendant, aux frais du concessionnaire, v\u00e9rifiant la conformit\u00e9.<\/p>\n<\/div>\n<\/li>\n<li>\n<div class=\"icon-img\"><img loading=\"lazy\" class=\"alignleft size-full wp-image-65462\" src=\"https:\/\/www.nmedacanada.ca\/wp-content\/uploads\/2020\/10\/24_7_Service.png\" alt=\"\" width=\"48\" height=\"48\" srcset=\"https:\/\/nmedacanada.ca\/wp-content\/uploads\/2020\/10\/24_7_Service.png 48w, https:\/\/nmedacanada.ca\/wp-content\/uploads\/2020\/10\/24_7_Service-36x36.png 36w\" sizes=\"(max-width: 48px) 100vw, 48px\" \/><\/div>\n<div class=\"righttext\">\n<h3>Service 24\/7<\/h3>\n<p>Assistance d&#8217;urgence 24\/7, sur la route ou \u00e0 domicile.<\/p>\n<\/div>\n<\/li>\n<li>\n<div class=\"icon-img\"><img loading=\"lazy\" class=\"alignleft size-full wp-image-65463\" src=\"https:\/\/www.nmedacanada.ca\/wp-content\/uploads\/2020\/10\/Accessible_Facility.png\" alt=\"\" width=\"48\" height=\"48\" srcset=\"https:\/\/nmedacanada.ca\/wp-content\/uploads\/2020\/10\/Accessible_Facility.png 48w, https:\/\/nmedacanada.ca\/wp-content\/uploads\/2020\/10\/Accessible_Facility-36x36.png 36w\" sizes=\"(max-width: 48px) 100vw, 48px\" \/><\/div>\n<div class=\"righttext\">\n<h3>\u00c9tablissement Accessible<\/h3>\n<p>\u00c9tablissement conforme \u00e0 l&#8217;ADA, amicale et accommodante.<\/p>\n<\/div>\n<\/li>\n<\/ul>\n<\/div>\n<\/div><\/section><\/div><div class=\"flex_column av_one_half  flex_column_div av-zero-column-padding   avia-builder-el-10  el_after_av_one_half  avia-builder-el-last  \" style='border-radius:0px; '><section class=\"av_textblock_section \"  itemscope=\"itemscope\" itemtype=\"https:\/\/schema.org\/CreativeWork\" ><div class='avia_textblock  '   itemprop=\"text\" ><div class=\"left-side\">\n<ul>\n<li>\n<div class=\"icon-img\"><img loading=\"lazy\" class=\"alignleft size-full wp-image-65474\" src=\"https:\/\/www.nmedacanada.ca\/wp-content\/uploads\/2020\/10\/Tools__Calibration.png\" alt=\"\" width=\"48\" height=\"48\" srcset=\"https:\/\/nmedacanada.ca\/wp-content\/uploads\/2020\/10\/Tools__Calibration.png 48w, https:\/\/nmedacanada.ca\/wp-content\/uploads\/2020\/10\/Tools__Calibration-36x36.png 36w\" sizes=\"(max-width: 48px) 100vw, 48px\" \/><\/div>\n<div class=\"righttext\">\n<h3>Outils et Calibrage<\/h3>\n<p>Outils et \u00e9quipements sp\u00e9cialis\u00e9s requis pour le calibrage.<\/p>\n<\/div>\n<\/li>\n<li>\n<div class=\"icon-img\"><img loading=\"lazy\" class=\"alignleft size-full wp-image-65465\" src=\"https:\/\/www.nmedacanada.ca\/wp-content\/uploads\/2020\/10\/Customer_Care.png\" alt=\"\" width=\"48\" height=\"48\" srcset=\"https:\/\/nmedacanada.ca\/wp-content\/uploads\/2020\/10\/Customer_Care.png 48w, https:\/\/nmedacanada.ca\/wp-content\/uploads\/2020\/10\/Customer_Care-36x36.png 36w\" sizes=\"(max-width: 48px) 100vw, 48px\" \/><\/div>\n<div class=\"righttext\">\n<h3>Service Client<\/h3>\n<p>Garanties obligatoires et ententes de service avec les concessionnaires.<\/p>\n<\/div>\n<\/li>\n<li>\n<div class=\"icon-img\"><img loading=\"lazy\" class=\"alignleft size-full wp-image-65470\" src=\"https:\/\/www.nmedacanada.ca\/wp-content\/uploads\/2020\/10\/QAP_Labeling.png\" alt=\"\" width=\"48\" height=\"48\" srcset=\"https:\/\/nmedacanada.ca\/wp-content\/uploads\/2020\/10\/QAP_Labeling.png 48w, https:\/\/nmedacanada.ca\/wp-content\/uploads\/2020\/10\/QAP_Labeling-36x36.png 36w\" sizes=\"(max-width: 48px) 100vw, 48px\" \/><\/div>\n<div class=\"righttext\">\n<h3>\u00c9tiquetage PAQ<\/h3>\n<p>Toutes les modifications \u00e9tiquet\u00e9es, signal\u00e9es et retracables par num\u00e9ro.<\/p>\n<\/div>\n<\/li>\n<li>\n<div class=\"icon-img\"><img loading=\"lazy\" class=\"alignleft size-full wp-image-65466\" src=\"https:\/\/www.nmedacanada.ca\/wp-content\/uploads\/2020\/10\/Final_Inspection.png\" alt=\"\" width=\"48\" height=\"48\" srcset=\"https:\/\/nmedacanada.ca\/wp-content\/uploads\/2020\/10\/Final_Inspection.png 48w, https:\/\/nmedacanada.ca\/wp-content\/uploads\/2020\/10\/Final_Inspection-36x36.png 36w\" sizes=\"(max-width: 48px) 100vw, 48px\" \/><\/div>\n<div class=\"righttext\">\n<h3>Inspection Finale<\/h3>\n<p>Toutes les modifications inspect\u00e9es par quelqu&#8217;un d&#8217;autre que l&#8217;installateur.<\/p>\n<\/div>\n<\/li>\n<li>\n<div class=\"icon-img\"><img loading=\"lazy\" class=\"alignleft size-full wp-image-65464\" src=\"https:\/\/www.nmedacanada.ca\/wp-content\/uploads\/2020\/10\/Accreditation_Types.png\" alt=\"\" width=\"48\" height=\"48\" srcset=\"https:\/\/nmedacanada.ca\/wp-content\/uploads\/2020\/10\/Accreditation_Types.png 48w, https:\/\/nmedacanada.ca\/wp-content\/uploads\/2020\/10\/Accreditation_Types-36x36.png 36w\" sizes=\"(max-width: 48px) 100vw, 48px\" \/><\/div>\n<div class=\"righttext\">\n<h3>Types d&#8217;Accr\u00e9ditation<\/h3>\n<p>Emplacements accr\u00e9dit\u00e9s uniquement selon les comp\u00e9tences appropri\u00e9es aux modifications requises.<\/p>\n<\/div>\n<\/li>\n<li>\n<div class=\"icon-img\"><img loading=\"lazy\" class=\"alignleft size-full wp-image-65469\" src=\"https:\/\/www.nmedacanada.ca\/wp-content\/uploads\/2020\/10\/Product_Instruction.png\" alt=\"\" width=\"48\" height=\"48\" srcset=\"https:\/\/nmedacanada.ca\/wp-content\/uploads\/2020\/10\/Product_Instruction.png 48w, https:\/\/nmedacanada.ca\/wp-content\/uploads\/2020\/10\/Product_Instruction-36x36.png 36w\" sizes=\"(max-width: 48px) 100vw, 48px\" \/><\/div>\n<div class=\"righttext\">\n<h3>Instruction de Produit<\/h3>\n<p>Formation client document\u00e9e sur l&#8217;utilisation appropri\u00e9e des produits.<\/p>\n<\/div>\n<\/li>\n<li>\n<div class=\"icon-img\"><img loading=\"lazy\" class=\"alignleft size-full wp-image-21749\" src=\"https:\/\/www.nmedacanada.ca\/wp-content\/uploads\/2020\/06\/mediation-new.png\" alt=\"\" width=\"48\" height=\"48\" \/><\/div>\n<div class=\"righttext\">\n<h3>R\u00e9solution de M\u00e9diation<\/h3>\n<p>R\u00e9solution de m\u00e9diation contraignante pour les concessionnaires des plaintes des clients sans frais.<\/p>\n<\/div>\n<\/li>\n<\/ul>\n<\/div>\n<\/div><\/section><\/div>\n","protected":false},"excerpt":{"rendered":"","protected":false},"author":5,"featured_media":0,"parent":65908,"menu_order":0,"comment_status":"closed","ping_status":"closed","template":"","meta":{"inline_featured_image":false},"acf":[],"yoast_head":"<!-- This site is optimized with the Yoast SEO plugin v17.8 - https:\/\/yoast.com\/wordpress\/plugins\/seo\/ -->\n<title>Programme d\u2019Assurance Qualit\u00e9\u2122 - NMEDA<\/title>\n<meta name=\"robots\" content=\"index, follow, max-snippet:-1, max-image-preview:large, max-video-preview:-1\" \/>\n<link rel=\"canonical\" href=\"https:\/\/nmedacanada.ca\/fr\/ressources-pour-les-consommateurs\/programme-dassurance-qualite\/\" \/>\n<meta property=\"og:locale\" content=\"fr_FR\" \/>\n<meta property=\"og:type\" content=\"article\" \/>\n<meta property=\"og:title\" content=\"Programme d\u2019Assurance Qualit\u00e9\u2122 - NMEDA\" \/>\n<meta property=\"og:url\" content=\"https:\/\/nmedacanada.ca\/fr\/ressources-pour-les-consommateurs\/programme-dassurance-qualite\/\" \/>\n<meta property=\"og:site_name\" content=\"NMEDA\" \/>\n<meta property=\"article:modified_time\" content=\"2021-11-23T13:36:55+00:00\" \/>\n<meta property=\"og:image\" content=\"https:\/\/www.nmedacanada.ca\/wp-content\/uploads\/2020\/10\/Quality_Control_Manual.png\" \/>\n<meta name=\"twitter:card\" content=\"summary_large_image\" \/>\n<meta name=\"twitter:label1\" content=\"Dur\u00e9e de lecture estim\u00e9e\" \/>\n\t<meta name=\"twitter:data1\" content=\"7 minutes\" \/>\n<script type=\"application\/ld+json\" class=\"yoast-schema-graph\">{\"@context\":\"https:\/\/schema.org\",\"@graph\":[{\"@type\":\"WebSite\",\"@id\":\"https:\/\/nmedacanada.ca\/#website\",\"url\":\"https:\/\/nmedacanada.ca\/\",\"name\":\"NMEDA\",\"description\":\"\",\"potentialAction\":[{\"@type\":\"SearchAction\",\"target\":{\"@type\":\"EntryPoint\",\"urlTemplate\":\"https:\/\/nmedacanada.ca\/?s={search_term_string}\"},\"query-input\":\"required name=search_term_string\"}],\"inLanguage\":\"fr-FR\"},{\"@type\":\"ImageObject\",\"@id\":\"https:\/\/nmedacanada.ca\/fr\/ressources-pour-les-consommateurs\/programme-dassurance-qualite\/#primaryimage\",\"inLanguage\":\"fr-FR\",\"url\":\"https:\/\/www.nmedacanada.ca\/wp-content\/uploads\/2020\/10\/Quality_Control_Manual.png\",\"contentUrl\":\"https:\/\/www.nmedacanada.ca\/wp-content\/uploads\/2020\/10\/Quality_Control_Manual.png\"},{\"@type\":\"WebPage\",\"@id\":\"https:\/\/nmedacanada.ca\/fr\/ressources-pour-les-consommateurs\/programme-dassurance-qualite\/#webpage\",\"url\":\"https:\/\/nmedacanada.ca\/fr\/ressources-pour-les-consommateurs\/programme-dassurance-qualite\/\",\"name\":\"Programme d\\u2019Assurance Qualit\\u00e9\\u2122 - NMEDA\",\"isPartOf\":{\"@id\":\"https:\/\/nmedacanada.ca\/#website\"},\"primaryImageOfPage\":{\"@id\":\"https:\/\/nmedacanada.ca\/fr\/ressources-pour-les-consommateurs\/programme-dassurance-qualite\/#primaryimage\"},\"datePublished\":\"2021-08-29T08:15:00+00:00\",\"dateModified\":\"2021-11-23T13:36:55+00:00\",\"breadcrumb\":{\"@id\":\"https:\/\/nmedacanada.ca\/fr\/ressources-pour-les-consommateurs\/programme-dassurance-qualite\/#breadcrumb\"},\"inLanguage\":\"fr-FR\",\"potentialAction\":[{\"@type\":\"ReadAction\",\"target\":[\"https:\/\/nmedacanada.ca\/fr\/ressources-pour-les-consommateurs\/programme-dassurance-qualite\/\"]}]},{\"@type\":\"BreadcrumbList\",\"@id\":\"https:\/\/nmedacanada.ca\/fr\/ressources-pour-les-consommateurs\/programme-dassurance-qualite\/#breadcrumb\",\"itemListElement\":[{\"@type\":\"ListItem\",\"position\":1,\"name\":\"Home\",\"item\":\"https:\/\/nmedacanada.ca\/fr\/\"},{\"@type\":\"ListItem\",\"position\":2,\"name\":\"Ressources pour les consommateurs\",\"item\":\"https:\/\/nmedacanada.ca\/fr\/ressources-pour-les-consommateurs\/\"},{\"@type\":\"ListItem\",\"position\":3,\"name\":\"Programme d\\u2019Assurance Qualit\\u00e9\\u2122\"}]}]}<\/script>\n<!-- \/ Yoast SEO plugin. -->","yoast_head_json":{"title":"Programme d\u2019Assurance Qualit\u00e9\u2122 - NMEDA","robots":{"index":"index","follow":"follow","max-snippet":"max-snippet:-1","max-image-preview":"max-image-preview:large","max-video-preview":"max-video-preview:-1"},"canonical":"https:\/\/nmedacanada.ca\/fr\/ressources-pour-les-consommateurs\/programme-dassurance-qualite\/","og_locale":"fr_FR","og_type":"article","og_title":"Programme d\u2019Assurance Qualit\u00e9\u2122 - NMEDA","og_url":"https:\/\/nmedacanada.ca\/fr\/ressources-pour-les-consommateurs\/programme-dassurance-qualite\/","og_site_name":"NMEDA","article_modified_time":"2021-11-23T13:36:55+00:00","og_image":[{"url":"https:\/\/www.nmedacanada.ca\/wp-content\/uploads\/2020\/10\/Quality_Control_Manual.png"}],"twitter_card":"summary_large_image","twitter_misc":{"Dur\u00e9e de lecture estim\u00e9e":"7 minutes"},"schema":{"@context":"https:\/\/schema.org","@graph":[{"@type":"WebSite","@id":"https:\/\/nmedacanada.ca\/#website","url":"https:\/\/nmedacanada.ca\/","name":"NMEDA","description":"","potentialAction":[{"@type":"SearchAction","target":{"@type":"EntryPoint","urlTemplate":"https:\/\/nmedacanada.ca\/?s={search_term_string}"},"query-input":"required name=search_term_string"}],"inLanguage":"fr-FR"},{"@type":"ImageObject","@id":"https:\/\/nmedacanada.ca\/fr\/ressources-pour-les-consommateurs\/programme-dassurance-qualite\/#primaryimage","inLanguage":"fr-FR","url":"https:\/\/www.nmedacanada.ca\/wp-content\/uploads\/2020\/10\/Quality_Control_Manual.png","contentUrl":"https:\/\/www.nmedacanada.ca\/wp-content\/uploads\/2020\/10\/Quality_Control_Manual.png"},{"@type":"WebPage","@id":"https:\/\/nmedacanada.ca\/fr\/ressources-pour-les-consommateurs\/programme-dassurance-qualite\/#webpage","url":"https:\/\/nmedacanada.ca\/fr\/ressources-pour-les-consommateurs\/programme-dassurance-qualite\/","name":"Programme d\u2019Assurance Qualit\u00e9\u2122 - NMEDA","isPartOf":{"@id":"https:\/\/nmedacanada.ca\/#website"},"primaryImageOfPage":{"@id":"https:\/\/nmedacanada.ca\/fr\/ressources-pour-les-consommateurs\/programme-dassurance-qualite\/#primaryimage"},"datePublished":"2021-08-29T08:15:00+00:00","dateModified":"2021-11-23T13:36:55+00:00","breadcrumb":{"@id":"https:\/\/nmedacanada.ca\/fr\/ressources-pour-les-consommateurs\/programme-dassurance-qualite\/#breadcrumb"},"inLanguage":"fr-FR","potentialAction":[{"@type":"ReadAction","target":["https:\/\/nmedacanada.ca\/fr\/ressources-pour-les-consommateurs\/programme-dassurance-qualite\/"]}]},{"@type":"BreadcrumbList","@id":"https:\/\/nmedacanada.ca\/fr\/ressources-pour-les-consommateurs\/programme-dassurance-qualite\/#breadcrumb","itemListElement":[{"@type":"ListItem","position":1,"name":"Home","item":"https:\/\/nmedacanada.ca\/fr\/"},{"@type":"ListItem","position":2,"name":"Ressources pour les consommateurs","item":"https:\/\/nmedacanada.ca\/fr\/ressources-pour-les-consommateurs\/"},{"@type":"ListItem","position":3,"name":"Programme d\u2019Assurance Qualit\u00e9\u2122"}]}]}},"_links":{"self":[{"href":"https:\/\/nmedacanada.ca\/fr\/wp-json\/wp\/v2\/pages\/65863"}],"collection":[{"href":"https:\/\/nmedacanada.ca\/fr\/wp-json\/wp\/v2\/pages"}],"about":[{"href":"https:\/\/nmedacanada.ca\/fr\/wp-json\/wp\/v2\/types\/page"}],"author":[{"embeddable":true,"href":"https:\/\/nmedacanada.ca\/fr\/wp-json\/wp\/v2\/users\/5"}],"replies":[{"embeddable":true,"href":"https:\/\/nmedacanada.ca\/fr\/wp-json\/wp\/v2\/comments?post=65863"}],"version-history":[{"count":11,"href":"https:\/\/nmedacanada.ca\/fr\/wp-json\/wp\/v2\/pages\/65863\/revisions"}],"predecessor-version":[{"id":68130,"href":"https:\/\/nmedacanada.ca\/fr\/wp-json\/wp\/v2\/pages\/65863\/revisions\/68130"}],"up":[{"embeddable":true,"href":"https:\/\/nmedacanada.ca\/fr\/wp-json\/wp\/v2\/pages\/65908"}],"wp:attachment":[{"href":"https:\/\/nmedacanada.ca\/fr\/wp-json\/wp\/v2\/media?parent=65863"}],"curies":[{"name":"wp","href":"https:\/\/api.w.org\/{rel}","templated":true}]}}