{"id":63620,"date":"2020-07-09T10:51:17","date_gmt":"2020-07-09T10:51:17","guid":{"rendered":"https:\/\/www.nmedacanada.ca\/?page_id=63620"},"modified":"2022-01-24T13:25:31","modified_gmt":"2022-01-24T13:25:31","slug":"pour-commencer","status":"publish","type":"page","link":"https:\/\/nmedacanada.ca\/fr\/ressources-pour-les-consommateurs\/pour-commencer\/","title":{"rendered":"Pour D\u00e9marrer"},"content":{"rendered":"<div id='topbanner'  class='avia-section main_color avia-section-default avia-no-border-styling  avia-full-stretch avia-bg-style-scroll  avia-builder-el-0  el_before_av_section  avia-builder-el-first   av-minimum-height av-minimum-height-custom  container_wrap fullsize' style='background-repeat: no-repeat; background-image: url(https:\/\/nmedacanada.ca\/wp-content\/uploads\/2021\/09\/Dodge_RE_Family_2019_006_High-1500x233.png);background-attachment: scroll; background-position: center center;  '  data-section-bg-repeat='stretch'><div class='container' style='height:290px'><main  role=\"main\" itemprop=\"mainContentOfPage\"  class='template-page content  av-content-full alpha units'><div class='post-entry post-entry-type-page post-entry-63620'><div class='entry-content-wrapper clearfix'>\n<\/div><\/div><\/main><!-- close content main element --><\/div><\/div><div id='abouttitle'  class='avia-section main_color avia-section-default avia-no-border-styling  avia-bg-style-scroll  avia-builder-el-1  el_after_av_section  el_before_av_toggle_container   container_wrap fullsize' style=' '  ><div class='container' ><div class='template-page content  av-content-full alpha units'><div class='post-entry post-entry-type-page post-entry-63620'><div class='entry-content-wrapper clearfix'>\n<section class=\"av_textblock_section \"  itemscope=\"itemscope\" itemtype=\"https:\/\/schema.org\/CreativeWork\" ><div class='avia_textblock  '   itemprop=\"text\" ><h1><span style=\"color: #03376a;\">L&#8217;achat d&#8217;un v\u00e9hicule accessible en fauteuil roulant.<\/span><\/h1>\n<h4>Si vous \u00eates dans le processus de vous procurer un v\u00e9hicule accessible en fauteuil roulant, ces six \u00e9tapes vous aideront \u00e0 d\u00e9marrer:<\/h4>\n<\/div><\/section>\n<\/div><\/div><\/div><!-- close content main div --><\/div><\/div><div id='after_section_2'  class='main_color av_default_container_wrap container_wrap fullsize' style=' '  ><div class='container' ><div class='template-page content  av-content-full alpha units'><div class='post-entry post-entry-type-page post-entry-63620'><div class='entry-content-wrapper clearfix'>\n<div   class=\"togglecontainer  av-elegant-toggle toggle_close_all  avia-builder-el-3  el_after_av_section  avia-builder-el-no-sibling  custom-accordion\" >\n<section class=\"av_toggle_section\"  itemscope=\"itemscope\" itemtype=\"https:\/\/schema.org\/CreativeWork\"  >    <div role=\"tablist\" class=\"single_toggle\" data-tags=\"{Tout} \"  >        <p data-fake-id=\"#toggle-id-1\" class=\"toggler \"  itemprop=\"headline\"    role=\"tab\" tabindex=\"0\" aria-controls=\"toggle-id-1\"><img src=\"https:\/\/www.nmedacanada.ca\/wp-content\/uploads\/2020\/07\/green-number.png\" \/><span class=\"custom-acc-text\">Contactez un concessionnaire accr\u00e9dit\u00e9 du Programme d\u2019Assurance Qualit\u00e9 (QAP).<\/span><span class=\"toggle_icon\" >        <span class=\"vert_icon\"><\/span><span class=\"hor_icon\"><\/span><\/span><\/p>        <div id=\"toggle-id-1\" class=\"toggle_wrap \"   >            <div class=\"toggle_content invers-color \"  itemprop=\"text\"   ><p><strong>Au Canada\u00a0: \u00a0<\/strong>Vous \u00eates une personne \u00e0 mobilit\u00e9 r\u00e9duite, conducteur ou passager, votre premi\u00e8re d\u00e9marche avant l\u2019achat d\u2019un v\u00e9hicule serait de rencontrer un installateur accr\u00e9dit\u00e9 QAP de l\u2019ANCEM \u2013 Canada. Celui-ci pourra vous expliquer les diff\u00e9rents produits pouvant r\u00e9pondre \u00e0 vos besoins de mobilit\u00e9 et vous guider dans le choix d\u2019un v\u00e9hicule appropri\u00e9. Pour un conducteur, un (e) \u00a0ergoth\u00e9rapeute qualifi\u00e9e en adaptation automobile ou un (e ) \u00a0\u00a0Sp\u00e9cialiste certifi\u00e9 en r\u00e9adaptation pour conducteurs (SCRC) devra \u00eatre impliqu\u00e9 \u00e0 votre dossier. Contrairement \u00e0 un concessionnaire automobile, un installateur de l\u2019ANCEM est sp\u00e9cialis\u00e9 en plus en adaptation automobile.<\/p>\n<p class=\"whitebox\"><strong>Au Qu\u00e9bec: <\/strong>Deux fa\u00e7ons pour obtenir une subvention gouvernementale pour couvrir le co\u00fbt de l\u2019adaptation du v\u00e9hicule, soit en contactant le Centre de r\u00e9adaptation local ayant des ergoth\u00e9rapeutes sp\u00e9cialis\u00e9es en adaptation automobile ou soit en contactant une ergoth\u00e9rapeute priv\u00e9e ayant les m\u00eames qualifications. Ordre des ergoth\u00e9rapeutes du Qu\u00e9bec peut vous aider \u00e0 trouver une ergoth\u00e9rapeute en priv\u00e9. <a href=\"https:\/\/www.google.com\/search?gs_ssp=eJzj4tZP1zcsSTEzSMpJMWC0UjWoMElOtjRMNDEzN040SkpKNLYCCpklW5gYpSWnmqZYmCWZJHpJ5RelFKUqpKQWK6QWpeeXZBxeWZRYkFpakloMALXGGgs&amp;q=ordre+des+ergoth%C3%A9rapeutes&amp;rlz=1C1DIMC_enCA889CA889&amp;oq=ordre+des+ergoth%C3%A9rapeutes&amp;aqs=chrome.1.69i57j46i175i199i512j0i512l4j0i22i30l4.9305j0j15&amp;sourceid=chrome&amp;ie=UTF-8\">(514) 844-5778<\/a><\/p>\n            <\/div>        <\/div>    <\/div><\/section>\n<section class=\"av_toggle_section\"  itemscope=\"itemscope\" itemtype=\"https:\/\/schema.org\/CreativeWork\"  >    <div role=\"tablist\" class=\"single_toggle\" data-tags=\"{Tout} \"  >        <p data-fake-id=\"#toggle-id-2\" class=\"toggler \"  itemprop=\"headline\"    role=\"tab\" tabindex=\"0\" aria-controls=\"toggle-id-2\"><img src=\"https:\/\/www.nmedacanada.ca\/wp-content\/uploads\/2020\/07\/green-number2.png\" \/><span class=\"custom-acc-text\">Prenez rendez-vous pour vous faire \u00e9valuer par un Sp\u00e9cialiste Certifi\u00e9 en R\u00e9adaptation des Conducteurs (SCRC) si vous \u00eates un conducteur handicap\u00e9.<\/span><span class=\"toggle_icon\" >        <span class=\"vert_icon\"><\/span><span class=\"hor_icon\"><\/span><\/span><\/p>        <div id=\"toggle-id-2\" class=\"toggle_wrap \"   >            <div class=\"toggle_content invers-color \"  itemprop=\"text\"   ><p>Prenez rendez-vous pour vous faire \u00e9valuer par un Sp\u00e9cialiste Certifi\u00e9 en R\u00e9adaptation des Conducteurs (SCRC) si vous \u00eates un conducteur handicap\u00e9.<\/p>\n<p>Pendant votre \u00e9valuation, un SCRC \u00e9valuera vos habilet\u00e9s motrices, votre force, votre coordination, votre perception et vos habilet\u00e9s cognitives. Ces \u00e9valuations aideront \u00e0 d\u00e9terminer vos besoins sp\u00e9cifiques en \u00e9quipement et vous recevrez une ordonnance \u00e9crite. Si vous voulez explorer la possibilit\u00e9 de prendre le volant d&#8217;un v\u00e9hicule adapt\u00e9, contactez un <a href=\"https:\/\/www.nmedacanada.ca\/fr\/ressources-pour-les-consommateurs\/programme-dassurance-qualite\/\">concessionnaire accr\u00e9dit\u00e9 PAQ<\/a> ou visitez l&#8217;Association des Sp\u00e9cialistes en R\u00e9adaptation des Conducteurs (ASRC),<a href=\"https:\/\/www.aded.net\/\"> www.aded.net<\/a>, pour trouver un SCRC pr\u00e8s de chez vous.<\/p>\n            <\/div>        <\/div>    <\/div><\/section>\n<section class=\"av_toggle_section\"  itemscope=\"itemscope\" itemtype=\"https:\/\/schema.org\/CreativeWork\"  >    <div role=\"tablist\" class=\"single_toggle\" data-tags=\"{Tout} \"  >        <p data-fake-id=\"#toggle-id-3\" class=\"toggler \"  itemprop=\"headline\"    role=\"tab\" tabindex=\"0\" aria-controls=\"toggle-id-3\"><img src=\"https:\/\/www.nmedacanada.ca\/wp-content\/uploads\/2020\/07\/green-number3.png\" \/><span class=\"custom-acc-text\">Faites vos recherches.<\/span><span class=\"toggle_icon\" >        <span class=\"vert_icon\"><\/span><span class=\"hor_icon\"><\/span><\/span><\/p>        <div id=\"toggle-id-3\" class=\"toggle_wrap \"   >            <div class=\"toggle_content invers-color \"  itemprop=\"text\"   ><ul class=\"whitebox\">\n<li>Faites vos recherches\u2013Quelles sont les dimensions et les caract\u00e9ristiques de votre fauteuil roulant? Conduisez-vous le v\u00e9hicule de mani\u00e8re autonome ou recherchez-vous un v\u00e9hicule dans lequel vous pouvez \u00eatre passager? Voulez-vous un si\u00e8ge de transfert ou allez-vous conduire avec votre fauteuil roulant ou un autre appareil de mobilit\u00e9? Chacune de ces questions doit \u00eatre \u00e9valu\u00e9e avant de pouvoir d\u00e9terminer si un v\u00e9hicule \u00e0 plancher abaiss\u00e9, entr\u00e9e lat\u00e9rale ou arri\u00e8re, vous conviendra mieux, ainsi que toute modification structurelle suppl\u00e9mentaire.<\/li>\n<li>\u00c9valuez votre style de vie et votre routine quotidienne &#8211; Combien d&#8217;espace de stationnement est disponible \u00e0 la maison pour une rampe ou un monte-charge \u00e0 d\u00e9ployer? \u00c0 quelle fr\u00e9quence quittez-vous votre domicile? Quelles sont vos destinations les plus visit\u00e9es et y a-t-il un stationnement accessible disponible? Y a-t-il plus d&#8217;un utilisateur de fauteuil roulant \u00e0 votre domicile? Ces r\u00e9ponses vous aideront \u00e0 d\u00e9terminer le type de v\u00e9hicule et d&#8217;\u00e9quipement qui conviendront le mieux \u00e0 votre style de vie, comme une fourgonnette, un VUS, un camion, une voiture, une rampe, un monte-charge, etc.<\/li>\n<li>\u00c9tablissez un budget. N&#8217;oubliez pas de consid\u00e9rer un depot des mensualit\u00e9s, une assurance, l&#8217;essence et un estim\u00e9 pour l&#8217;entretien annuel. Votre budget jouera un grand r\u00f4le dans la d\u00e9cision d&#8217;acheter un v\u00e9hicule neuf ou d&#8217;occasion, ou d&#8217;adapter votre v\u00e9hicule actuel. Il y a des rabais, des subventions, des pr\u00eats et d&#8217;autres <a href=\"https:\/\/www.nmedacanada.ca\/fr\/ressources-pour-les-consommateurs\/financement\/\">aides financi\u00e8res<\/a> disponibles pour les personnes vivant avec des limitations profitez-en.<\/li>\n<li>L&#8217;\u00e9ducation est la cl\u00e9 &#8211; Recherchez vos options de mobilit\u00e9 et ayez une id\u00e9e du type d&#8217;\u00e9quipement qui pourrait vous convenir. Si vous en achetez un nouveau, v\u00e9rifiez que l&#8217;ann\u00e9e, la marque et le mod\u00e8le qui pourraient vous convenir, mod\u00e8le ont \u00e9t\u00e9 et accept\u00e9 ici.<\/li>\n<li>Tous les installateurs d&#8217;\u00e9quipements en adaptation automobile ne respectent pas les normes de s\u00e9curit\u00e9 f\u00e9d\u00e9rales ou ne sont pas accr\u00e9dit\u00e9s par un tiers. Couper les coins ronds dans la en adaptation automobile peut \u00eatre vraiment dangereux. Avant d&#8217;acheter, v\u00e9rifiez que le vendeur est accr\u00e9dit\u00e9 par le PAQ.<\/li>\n<\/ul>\n            <\/div>        <\/div>    <\/div><\/section>\n<section class=\"av_toggle_section\"  itemscope=\"itemscope\" itemtype=\"https:\/\/schema.org\/CreativeWork\"  >    <div role=\"tablist\" class=\"single_toggle\" data-tags=\"{Tout} \"  >        <p data-fake-id=\"#toggle-id-4\" class=\"toggler \"  itemprop=\"headline\"    role=\"tab\" tabindex=\"0\" aria-controls=\"toggle-id-4\"><img src=\"https:\/\/www.nmedacanada.ca\/wp-content\/uploads\/2020\/07\/green-number4.png\" \/><span class=\"custom-acc-text\">Votre achat.<\/span><span class=\"toggle_icon\" >        <span class=\"vert_icon\"><\/span><span class=\"hor_icon\"><\/span><\/span><\/p>        <div id=\"toggle-id-4\" class=\"toggle_wrap \"   >            <div class=\"toggle_content invers-color \"  itemprop=\"text\"   ><p>Quand vous \u00eates pr\u00eat \u00e0 acheter, primo, assurez-vous que votre v\u00e9hicule a la bonne configuration et\/ou les caract\u00e9ristiques; secundo<strong>, <\/strong>assurez-vous de savoir comment et o\u00f9 votre v\u00e9hicule et\/ou votre \u00e9quipement adapt\u00e9 seront entretenus apr\u00e8s la vente. Ceci est tr\u00e8s important si vous n&#8217;achetez pas aupr\u00e8s d&#8217;un concessionnaire accr\u00e9dit\u00e9 PAQ et achetez plut\u00f4t un v\u00e9hicule en ligne directement aupr\u00e8s d&#8217;un fabricant (en savoir plus sur les probl\u00e8mes d&#8217;achat en ligne <a href=\"https:\/\/nmeda.org\/consumer-resources\/purchasing-online\/\">ici<\/a>).<\/p>\n            <\/div>        <\/div>    <\/div><\/section>\n<section class=\"av_toggle_section\"  itemscope=\"itemscope\" itemtype=\"https:\/\/schema.org\/CreativeWork\"  >    <div role=\"tablist\" class=\"single_toggle\" data-tags=\"{Tout} \"  >        <p data-fake-id=\"#toggle-id-5\" class=\"toggler \"  itemprop=\"headline\"    role=\"tab\" tabindex=\"0\" aria-controls=\"toggle-id-5\"><img src=\"https:\/\/www.nmedacanada.ca\/wp-content\/uploads\/2020\/07\/green-number6.png\" \/><span class=\"custom-acc-text\">Obtenez une formation de conducteur.<\/span><span class=\"toggle_icon\" >        <span class=\"vert_icon\"><\/span><span class=\"hor_icon\"><\/span><\/span><\/p>        <div id=\"toggle-id-5\" class=\"toggle_wrap \"   >            <div class=\"toggle_content invers-color \"  itemprop=\"text\"   ><p>D\u00e8s que votre v\u00e9hicule et \u00e9quipement sont achet\u00e9s, vous devrez apprendre \u00e0 les utiliser. Si un \u00e9quipement de mobilit\u00e9 sp\u00e9cial est utilis\u00e9 pour la conduite, il peut n\u00e9cessiter quelques s\u00e9ances de formation avec votre SCRC pour conduire efficacement et en toute s\u00e9curit\u00e9 un v\u00e9hicule modifi\u00e9.<\/p>\n            <\/div>        <\/div>    <\/div><\/section>\n<section class=\"av_toggle_section\"  itemscope=\"itemscope\" itemtype=\"https:\/\/schema.org\/CreativeWork\"  >    <div role=\"tablist\" class=\"single_toggle\" data-tags=\"{Tout} \"  >        <p data-fake-id=\"#toggle-id-6\" class=\"toggler \"  itemprop=\"headline\"    role=\"tab\" tabindex=\"0\" aria-controls=\"toggle-id-6\"><img src=\"https:\/\/www.nmedacanada.ca\/wp-content\/uploads\/2020\/07\/green-number7.png\" \/><span class=\"custom-acc-text\">Faites-vous rembourser.<\/span><span class=\"toggle_icon\" >        <span class=\"vert_icon\"><\/span><span class=\"hor_icon\"><\/span><\/span><\/p>        <div id=\"toggle-id-6\" class=\"toggle_wrap \"   >            <div class=\"toggle_content invers-color \"  itemprop=\"text\"   ><p>Quand disponible, soumettez votre <a href=\"https:\/\/www.nmedacanada.ca\/fr\/ressources-pour-les-consommateurs\/financement\/le-canada-finance-les-rabais-feo\/\">Demande de Remboursement d&#8217;Aide \u00e0 la Mobilit\u00e9<\/a> au constructeur automobile appropri\u00e9. Le processus \u00e9tape par \u00e9tape peut diff\u00e9rer d&#8217;une compagnie \u00e0 l&#8217;autre, il est donc pr\u00e9f\u00e9rable de visiter le site web de votre constructeur automobile particulier et de t\u00e9l\u00e9charger les bons formulaires avant votre achat.<\/p>\n            <\/div>        <\/div>    <\/div><\/section>\n<\/div>\n","protected":false},"excerpt":{"rendered":"","protected":false},"author":5,"featured_media":0,"parent":65908,"menu_order":0,"comment_status":"closed","ping_status":"closed","template":"","meta":{"inline_featured_image":false},"acf":[],"yoast_head":"<!-- This site is optimized with the Yoast SEO plugin v17.8 - https:\/\/yoast.com\/wordpress\/plugins\/seo\/ -->\n<title>Pour D\u00e9marrer - NMEDA<\/title>\n<meta name=\"robots\" content=\"index, follow, max-snippet:-1, max-image-preview:large, max-video-preview:-1\" \/>\n<link rel=\"canonical\" href=\"https:\/\/nmedacanada.ca\/fr\/ressources-pour-les-consommateurs\/pour-commencer\/\" \/>\n<meta property=\"og:locale\" content=\"fr_FR\" \/>\n<meta property=\"og:type\" content=\"article\" \/>\n<meta property=\"og:title\" content=\"Pour D\u00e9marrer - NMEDA\" \/>\n<meta property=\"og:url\" content=\"https:\/\/nmedacanada.ca\/fr\/ressources-pour-les-consommateurs\/pour-commencer\/\" \/>\n<meta property=\"og:site_name\" content=\"NMEDA\" \/>\n<meta property=\"article:modified_time\" content=\"2022-01-24T13:25:31+00:00\" \/>\n<meta property=\"og:image\" content=\"https:\/\/www.nmedacanada.ca\/wp-content\/uploads\/2020\/07\/green-number.png\" \/>\n<meta name=\"twitter:card\" content=\"summary_large_image\" \/>\n<meta name=\"twitter:label1\" content=\"Dur\u00e9e de lecture estim\u00e9e\" \/>\n\t<meta name=\"twitter:data1\" content=\"5 minutes\" \/>\n<script type=\"application\/ld+json\" class=\"yoast-schema-graph\">{\"@context\":\"https:\/\/schema.org\",\"@graph\":[{\"@type\":\"WebSite\",\"@id\":\"https:\/\/nmedacanada.ca\/#website\",\"url\":\"https:\/\/nmedacanada.ca\/\",\"name\":\"NMEDA\",\"description\":\"\",\"potentialAction\":[{\"@type\":\"SearchAction\",\"target\":{\"@type\":\"EntryPoint\",\"urlTemplate\":\"https:\/\/nmedacanada.ca\/?s={search_term_string}\"},\"query-input\":\"required name=search_term_string\"}],\"inLanguage\":\"fr-FR\"},{\"@type\":\"ImageObject\",\"@id\":\"https:\/\/nmedacanada.ca\/fr\/ressources-pour-les-consommateurs\/pour-commencer\/#primaryimage\",\"inLanguage\":\"fr-FR\",\"url\":\"https:\/\/www.nmedacanada.ca\/wp-content\/uploads\/2020\/07\/green-number.png\",\"contentUrl\":\"https:\/\/www.nmedacanada.ca\/wp-content\/uploads\/2020\/07\/green-number.png\"},{\"@type\":\"WebPage\",\"@id\":\"https:\/\/nmedacanada.ca\/fr\/ressources-pour-les-consommateurs\/pour-commencer\/#webpage\",\"url\":\"https:\/\/nmedacanada.ca\/fr\/ressources-pour-les-consommateurs\/pour-commencer\/\",\"name\":\"Pour D\\u00e9marrer - NMEDA\",\"isPartOf\":{\"@id\":\"https:\/\/nmedacanada.ca\/#website\"},\"primaryImageOfPage\":{\"@id\":\"https:\/\/nmedacanada.ca\/fr\/ressources-pour-les-consommateurs\/pour-commencer\/#primaryimage\"},\"datePublished\":\"2020-07-09T10:51:17+00:00\",\"dateModified\":\"2022-01-24T13:25:31+00:00\",\"breadcrumb\":{\"@id\":\"https:\/\/nmedacanada.ca\/fr\/ressources-pour-les-consommateurs\/pour-commencer\/#breadcrumb\"},\"inLanguage\":\"fr-FR\",\"potentialAction\":[{\"@type\":\"ReadAction\",\"target\":[\"https:\/\/nmedacanada.ca\/fr\/ressources-pour-les-consommateurs\/pour-commencer\/\"]}]},{\"@type\":\"BreadcrumbList\",\"@id\":\"https:\/\/nmedacanada.ca\/fr\/ressources-pour-les-consommateurs\/pour-commencer\/#breadcrumb\",\"itemListElement\":[{\"@type\":\"ListItem\",\"position\":1,\"name\":\"Home\",\"item\":\"https:\/\/nmedacanada.ca\/fr\/\"},{\"@type\":\"ListItem\",\"position\":2,\"name\":\"Ressources pour les consommateurs\",\"item\":\"https:\/\/nmedacanada.ca\/fr\/ressources-pour-les-consommateurs\/\"},{\"@type\":\"ListItem\",\"position\":3,\"name\":\"Pour D\\u00e9marrer\"}]}]}<\/script>\n<!-- \/ Yoast SEO plugin. -->","yoast_head_json":{"title":"Pour D\u00e9marrer - NMEDA","robots":{"index":"index","follow":"follow","max-snippet":"max-snippet:-1","max-image-preview":"max-image-preview:large","max-video-preview":"max-video-preview:-1"},"canonical":"https:\/\/nmedacanada.ca\/fr\/ressources-pour-les-consommateurs\/pour-commencer\/","og_locale":"fr_FR","og_type":"article","og_title":"Pour D\u00e9marrer - NMEDA","og_url":"https:\/\/nmedacanada.ca\/fr\/ressources-pour-les-consommateurs\/pour-commencer\/","og_site_name":"NMEDA","article_modified_time":"2022-01-24T13:25:31+00:00","og_image":[{"url":"https:\/\/www.nmedacanada.ca\/wp-content\/uploads\/2020\/07\/green-number.png"}],"twitter_card":"summary_large_image","twitter_misc":{"Dur\u00e9e de lecture estim\u00e9e":"5 minutes"},"schema":{"@context":"https:\/\/schema.org","@graph":[{"@type":"WebSite","@id":"https:\/\/nmedacanada.ca\/#website","url":"https:\/\/nmedacanada.ca\/","name":"NMEDA","description":"","potentialAction":[{"@type":"SearchAction","target":{"@type":"EntryPoint","urlTemplate":"https:\/\/nmedacanada.ca\/?s={search_term_string}"},"query-input":"required name=search_term_string"}],"inLanguage":"fr-FR"},{"@type":"ImageObject","@id":"https:\/\/nmedacanada.ca\/fr\/ressources-pour-les-consommateurs\/pour-commencer\/#primaryimage","inLanguage":"fr-FR","url":"https:\/\/www.nmedacanada.ca\/wp-content\/uploads\/2020\/07\/green-number.png","contentUrl":"https:\/\/www.nmedacanada.ca\/wp-content\/uploads\/2020\/07\/green-number.png"},{"@type":"WebPage","@id":"https:\/\/nmedacanada.ca\/fr\/ressources-pour-les-consommateurs\/pour-commencer\/#webpage","url":"https:\/\/nmedacanada.ca\/fr\/ressources-pour-les-consommateurs\/pour-commencer\/","name":"Pour D\u00e9marrer - NMEDA","isPartOf":{"@id":"https:\/\/nmedacanada.ca\/#website"},"primaryImageOfPage":{"@id":"https:\/\/nmedacanada.ca\/fr\/ressources-pour-les-consommateurs\/pour-commencer\/#primaryimage"},"datePublished":"2020-07-09T10:51:17+00:00","dateModified":"2022-01-24T13:25:31+00:00","breadcrumb":{"@id":"https:\/\/nmedacanada.ca\/fr\/ressources-pour-les-consommateurs\/pour-commencer\/#breadcrumb"},"inLanguage":"fr-FR","potentialAction":[{"@type":"ReadAction","target":["https:\/\/nmedacanada.ca\/fr\/ressources-pour-les-consommateurs\/pour-commencer\/"]}]},{"@type":"BreadcrumbList","@id":"https:\/\/nmedacanada.ca\/fr\/ressources-pour-les-consommateurs\/pour-commencer\/#breadcrumb","itemListElement":[{"@type":"ListItem","position":1,"name":"Home","item":"https:\/\/nmedacanada.ca\/fr\/"},{"@type":"ListItem","position":2,"name":"Ressources pour les consommateurs","item":"https:\/\/nmedacanada.ca\/fr\/ressources-pour-les-consommateurs\/"},{"@type":"ListItem","position":3,"name":"Pour D\u00e9marrer"}]}]}},"_links":{"self":[{"href":"https:\/\/nmedacanada.ca\/fr\/wp-json\/wp\/v2\/pages\/63620"}],"collection":[{"href":"https:\/\/nmedacanada.ca\/fr\/wp-json\/wp\/v2\/pages"}],"about":[{"href":"https:\/\/nmedacanada.ca\/fr\/wp-json\/wp\/v2\/types\/page"}],"author":[{"embeddable":true,"href":"https:\/\/nmedacanada.ca\/fr\/wp-json\/wp\/v2\/users\/5"}],"replies":[{"embeddable":true,"href":"https:\/\/nmedacanada.ca\/fr\/wp-json\/wp\/v2\/comments?post=63620"}],"version-history":[{"count":21,"href":"https:\/\/nmedacanada.ca\/fr\/wp-json\/wp\/v2\/pages\/63620\/revisions"}],"predecessor-version":[{"id":67895,"href":"https:\/\/nmedacanada.ca\/fr\/wp-json\/wp\/v2\/pages\/63620\/revisions\/67895"}],"up":[{"embeddable":true,"href":"https:\/\/nmedacanada.ca\/fr\/wp-json\/wp\/v2\/pages\/65908"}],"wp:attachment":[{"href":"https:\/\/nmedacanada.ca\/fr\/wp-json\/wp\/v2\/media?parent=63620"}],"curies":[{"name":"wp","href":"https:\/\/api.w.org\/{rel}","templated":true}]}}